{"id":3772,"date":"2018-05-23T13:21:29","date_gmt":"2018-05-23T11:21:29","guid":{"rendered":"https:\/\/natuurhuisjezweden.nl\/integritetspolicy\/"},"modified":"2023-11-08T14:19:41","modified_gmt":"2023-11-08T13:19:41","slug":"integritetspolicy","status":"publish","type":"page","link":"https:\/\/natuurhuisjezweden.nl\/sv\/integritetspolicy\/","title":{"rendered":"Integritetspolicy"},"content":{"rendered":"\t\t<div data-elementor-type=\"wp-page\" data-elementor-id=\"3772\" class=\"elementor elementor-3772 elementor-508\" data-elementor-post-type=\"page\">\n\t\t\t\t\t\t<section class=\"elementor-section elementor-top-section elementor-element elementor-element-86ff6cd elementor-section-boxed elementor-section-height-default elementor-section-height-default\" data-id=\"86ff6cd\" data-element_type=\"section\" data-e-type=\"section\" data-settings=\"{&quot;background_background&quot;:&quot;classic&quot;,&quot;jet_parallax_layout_list&quot;:[]}\">\n\t\t\t\t\t\t\t<div class=\"elementor-background-overlay\"><\/div>\n\t\t\t\t\t\t\t<div class=\"elementor-container elementor-column-gap-default\">\n\t\t\t\t\t<div class=\"elementor-column elementor-col-100 elementor-top-column elementor-element elementor-element-9c31e3a\" data-id=\"9c31e3a\" data-element_type=\"column\" data-e-type=\"column\">\n\t\t\t<div class=\"elementor-widget-wrap elementor-element-populated\">\n\t\t\t\t\t\t<div class=\"elementor-element elementor-element-4ca92bd elementor-align-center elementor-icon-list--layout-inline elementor-mobile-align-start elementor-list-item-link-full_width elementor-widget elementor-widget-icon-list\" data-id=\"4ca92bd\" data-element_type=\"widget\" data-e-type=\"widget\" data-widget_type=\"icon-list.default\">\n\t\t\t\t<div class=\"elementor-widget-container\">\n\t\t\t\t\t\t\t<ul class=\"elementor-icon-list-items elementor-inline-items\">\n\t\t\t\t\t\t\t<li class=\"elementor-icon-list-item elementor-inline-item\">\n\t\t\t\t\t\t\t\t\t\t\t<a href=\"https:\/\/natuurhuisjezweden.nl\/sv\/\">\n\n\t\t\t\t\t\t\t\t\t\t\t<span class=\"elementor-icon-list-text\">Hem<\/span>\n\t\t\t\t\t\t\t\t\t\t\t<\/a>\n\t\t\t\t\t\t\t\t\t<\/li>\n\t\t\t\t\t\t\t\t<li class=\"elementor-icon-list-item elementor-inline-item\">\n\t\t\t\t\t\t\t\t\t\t\t<span class=\"elementor-icon-list-icon\">\n\t\t\t\t\t\t\t<i aria-hidden=\"true\" class=\"fas fa-chevron-right\"><\/i>\t\t\t\t\t\t<\/span>\n\t\t\t\t\t\t\t\t\t\t<span class=\"elementor-icon-list-text\"><\/span>\n\t\t\t\t\t\t\t\t\t<\/li>\n\t\t\t\t\t\t<\/ul>\n\t\t\t\t\t\t<\/div>\n\t\t\t\t<\/div>\n\t\t\t\t\t<\/div>\n\t\t<\/div>\n\t\t\t\t\t<\/div>\n\t\t<\/section>\n\t\t\t\t<section class=\"elementor-section elementor-top-section elementor-element elementor-element-58ec6ff elementor-section-boxed elementor-section-height-default elementor-section-height-default\" data-id=\"58ec6ff\" data-element_type=\"section\" data-e-type=\"section\" data-settings=\"{&quot;jet_parallax_layout_list&quot;:[]}\">\n\t\t\t\t\t\t<div class=\"elementor-container elementor-column-gap-default\">\n\t\t\t\t\t<div class=\"elementor-column elementor-col-100 elementor-top-column elementor-element elementor-element-fc13eb2\" data-id=\"fc13eb2\" data-element_type=\"column\" data-e-type=\"column\">\n\t\t\t<div class=\"elementor-widget-wrap elementor-element-populated\">\n\t\t\t\t\t\t<div class=\"elementor-element elementor-element-a35f7a8 elementor-widget elementor-widget-text-editor\" data-id=\"a35f7a8\" data-element_type=\"widget\" data-e-type=\"widget\" data-widget_type=\"text-editor.default\">\n\t\t\t\t<div class=\"elementor-widget-container\">\n\t\t\t\t\t\t\t\t\t\n<p>25 maj 2018<\/p>\n\n<p>Din integritet \u00e4r av stor betydelse f\u00f6r Natuurhuisjezweden.nl. Vi f\u00f6ljer d\u00e4rf\u00f6r sekretesslagen. Det inneb\u00e4r att dina uppgifter \u00e4r s\u00e4kra hos oss och att vi alltid anv\u00e4nder dem p\u00e5 ett korrekt s\u00e4tt. I denna integritetspolicy f\u00f6rklarar vi allt vi g\u00f6r p\u00e5 Natuurhuisjezweden.nl med information som vi f\u00e5r om dig.<br>Om du har n\u00e5gra fr\u00e5gor eller vill veta exakt vad vi sp\u00e5rar om dig kan du kontakta Natuurhuisjezweden.nl.<\/p>\n\n<h2>Statistik och profilering<\/h2>\n\n<p>Vi f\u00f6r statistik \u00f6ver anv\u00e4ndningen av webbplatsen, men den \u00e4r alltid anonymiserad. Med hj\u00e4lp av denna statistik f\u00f6rb\u00e4ttrar vi v\u00e5r webbplats s\u00e5 att den endast visar relevant information, t.ex. Vi kan kombinera dina personuppgifter f\u00f6r att ta reda p\u00e5 mer om dig. Naturligtvis kommer vi alltid att respektera din integritet. Om du inte vill ha detta kan du alltid s\u00e4ga till oss.<br>F\u00f6r detta anv\u00e4nder vi din e-postadress och naw-data. Vi g\u00f6r detta baserat p\u00e5 ditt samtycke. Vi beh\u00e5ller denna information s\u00e5 l\u00e4nge som vi har en \u00f6msesidig aff\u00e4rsrelation.<\/p>\n\n<h2>Kontaktformul\u00e4r, offertformul\u00e4r och snabbs\u00f6kning<\/h2>\n\n<p>I v\u00e5ra formul\u00e4r kan du st\u00e4lla fr\u00e5gor till oss eller l\u00e4mna \u00f6nskem\u00e5l.<br>F\u00f6r detta anv\u00e4nder vi din e-postadress och naw-data. Vi beh\u00f6ver dessa p\u00e5 grund av det avtal vi ing\u00e5r med dig. Vi beh\u00e5ller denna information tills vi \u00e4r s\u00e4kra p\u00e5 att du \u00e4r n\u00f6jd med v\u00e5rt svar.<br>\u00d6vriga parter<br>Vi l\u00e4mnar inte ut dina personuppgifter till andra f\u00f6retag eller myndigheter, f\u00f6rutom om det \u00e4r n\u00f6dv\u00e4ndigt f\u00f6r webbplatsen eller om lagen s\u00e4ger att vi m\u00e5ste. Ett exempel \u00e4r att om vi misst\u00e4nker bedr\u00e4geri har vi r\u00e4tt att anm\u00e4la det till polisen.<\/p>\n\n<h2>Reklam<\/h2>\n\n<p>Vi vill g\u00e4rna skicka dig reklam om erbjudanden och nya produkter eller tj\u00e4nster.<\/p>\n\n<p>Detta \u00e4r vad vi g\u00f6r:<br>via e-post<br>via sociala medier<\/p>\n\n<p>Du kan n\u00e4r som helst inv\u00e4nda mot denna annonsering. Varje e-postmeddelande inneh\u00e5ller en avregistreringsl\u00e4nk. Du kan blockera oss eller anv\u00e4nda alternativet f\u00f6r att avsluta prenumerationen.<br>Utl\u00e4mnande till andra f\u00f6retag eller institutioner<\/p>\n\n<p>Vi l\u00e4mnar inte under n\u00e5gra omst\u00e4ndigheter ut dina personuppgifter till andra f\u00f6retag eller institutioner, f\u00f6rutom om det \u00e4r n\u00f6dv\u00e4ndigt f\u00f6r v\u00e5r webbplats eller om vi \u00e4r skyldiga att g\u00f6ra det enligt lag (t.ex. om polisen beg\u00e4r det vid misstanke om brott).<\/p>\n\n<p>Vissa partners \u00e4r baserade utanf\u00f6r Europeiska unionen. P\u00e5 v\u00e5r webbplats finns knappar f\u00f6r sociala medier. P\u00e5 s\u00e5 s\u00e4tt samlar operat\u00f6rerna av dessa tj\u00e4nster in dina personuppgifter.<\/p>\n\n<p>Vi till\u00e5ter Google att anv\u00e4nda den Analytics-information som erh\u00e5llits f\u00f6r andra Google-tj\u00e4nster. Vi l\u00e5ter inte Google anonymisera IP-adresser.<br>S\u00e4kerhet<\/p>\n\n<p>S\u00e4kerheten f\u00f6r personuppgifter \u00e4r mycket viktig f\u00f6r oss. Vi ser till att dina uppgifter \u00e4r v\u00e4l skyddade hos oss. Vi anpassar s\u00e4kerheten hela tiden och \u00e4r mycket uppm\u00e4rksamma p\u00e5 vad som kan g\u00e5 fel.<\/p>\n\n<h2>\u00c4ndringar av denna integritetspolicy<\/h2>\n\n<p>N\u00e4r v\u00e5r webbplats \u00e4ndras m\u00e5ste vi naturligtvis ocks\u00e5 uppdatera sekretesspolicyn. Notera d\u00e4rf\u00f6r alltid datumet ovan och kontrollera regelbundet om det finns nya versioner. Vi kommer att g\u00f6ra v\u00e5rt b\u00e4sta f\u00f6r att \u00e4ven meddela \u00e4ndringar separat.<\/p>\n\n<h2>\u00c5tkomst till och \u00e4ndring av dina uppgifter<\/h2>\n\n<p>Om du har n\u00e5gra fr\u00e5gor eller vill veta vilka personuppgifter vi har om dig kan du alltid kontakta oss. Se kontaktuppgifter nedan.<\/p>\n\n<h2>Du har f\u00f6ljande r\u00e4ttigheter:<\/h2>\n\n<p>f\u00e5 en f\u00f6rklaring av vilka personuppgifter vi har och vad vi g\u00f6r med dem tillg\u00e5ng till de exakta personuppgifter vi har<br>f\u00e5 fel r\u00e4ttade<br>f\u00e5 inaktuella personuppgifter raderade<br>\u00e5terkallande av samtycke<br>objekt f\u00f6r en s\u00e4rskild anv\u00e4ndning<\/p>\n\n<p>Se till att du alltid tydligt anger vem du \u00e4r, s\u00e5 att vi kan vara s\u00e4kra p\u00e5 att vi inte redigerar eller raderar uppgifter om fel person.<\/p>\n\n<h2>Inl\u00e4mning av klagom\u00e5l<\/h2>\n\n<p>Om du anser att vi inte hj\u00e4lper dig p\u00e5 r\u00e4tt s\u00e4tt har du r\u00e4tt att klaga till tillsynsmyndigheten. Den kallas f\u00f6r personuppgiftsmyndigheten.<\/p>\n\n<h2>Kontaktuppgifter<\/h2>\n\n<p><strong>Adress<\/strong><br>Harpij 19<br>1704 TA Heerhugowaard<\/p>\n<p><strong>E-post<br><\/strong><a href=\"mailto:info@natuurhuisjezweden.nl\">info@natuurhuisjezweden.nl<\/a><\/p>\n<p><strong>Telefon<\/strong><br><a href=\"tel:+0644898015\">+31644898015<\/a><\/p>\n\t\t\t\t\t\t\t\t<\/div>\n\t\t\t\t<\/div>\n\t\t\t\t\t<\/div>\n\t\t<\/div>\n\t\t\t\t\t<\/div>\n\t\t<\/section>\n\t\t\t\t<section class=\"elementor-section elementor-top-section elementor-element elementor-element-e9c6e7e elementor-section-boxed elementor-section-height-default elementor-section-height-default\" data-id=\"e9c6e7e\" data-element_type=\"section\" data-e-type=\"section\" data-settings=\"{&quot;background_background&quot;:&quot;classic&quot;,&quot;jet_parallax_layout_list&quot;:[]}\">\n\t\t\t\t\t\t\t<div class=\"elementor-background-overlay\"><\/div>\n\t\t\t\t\t\t\t<div class=\"elementor-container elementor-column-gap-default\">\n\t\t\t\t\t<div class=\"elementor-column elementor-col-100 elementor-top-column elementor-element elementor-element-707e8de\" data-id=\"707e8de\" data-element_type=\"column\" data-e-type=\"column\">\n\t\t\t<div class=\"elementor-widget-wrap elementor-element-populated\">\n\t\t\t\t\t\t<div class=\"elementor-element elementor-element-97c6c84 elementor-widget elementor-widget-heading\" data-id=\"97c6c84\" data-element_type=\"widget\" data-e-type=\"widget\" data-widget_type=\"heading.default\">\n\t\t\t\t<div class=\"elementor-widget-container\">\n\t\t\t\t\t<h2 class=\"elementor-heading-title elementor-size-default\">Lev ditt svenska \u00e4ventyr!<\/h2>\t\t\t\t<\/div>\n\t\t\t\t<\/div>\n\t\t\t\t<div class=\"elementor-element elementor-element-71277a3 elementor-widget elementor-widget-text-editor\" data-id=\"71277a3\" data-element_type=\"widget\" data-e-type=\"widget\" data-widget_type=\"text-editor.default\">\n\t\t\t\t<div class=\"elementor-widget-container\">\n\t\t\t\t\t\t\t\t\t<p>Ta chansen och bege dig till Ans\u00e4ttfj\u00e4llen i J\u00e4mtland, d\u00e4r avkopplingen och njutningen av den imponerande vildmarken b\u00f6rjar direkt. Det \u00e4r h\u00e4r du m\u00f6ter de \u00e4kta och genuina!<\/p>\n\t\t\t\t\t\t\t\t<\/div>\n\t\t\t\t<\/div>\n\t\t\t\t<div class=\"elementor-element elementor-element-4edb2b7 elementor-align-center elementor-widget elementor-widget-button\" data-id=\"4edb2b7\" data-element_type=\"widget\" data-e-type=\"widget\" data-widget_type=\"button.default\">\n\t\t\t\t<div class=\"elementor-widget-container\">\n\t\t\t\t\t\t\t\t\t<div class=\"elementor-button-wrapper\">\n\t\t\t\t\t<a class=\"elementor-button elementor-button-link elementor-size-sm\" href=\"https:\/\/natuurhuisjezweden.nl\/sv\/omgivning\/\">\n\t\t\t\t\t\t<span class=\"elementor-button-content-wrapper\">\n\t\t\t\t\t\t\t\t\t<span class=\"elementor-button-text\">Utforska omgivningarna<\/span>\n\t\t\t\t\t<\/span>\n\t\t\t\t\t<\/a>\n\t\t\t\t<\/div>\n\t\t\t\t\t\t\t\t<\/div>\n\t\t\t\t<\/div>\n\t\t\t\t\t<\/div>\n\t\t<\/div>\n\t\t\t\t\t<\/div>\n\t\t<\/section>\n\t\t\t\t<\/div>\n\t\t","protected":false},"excerpt":{"rendered":"<p>Hem 25 maj 2018 Din integritet \u00e4r av stor betydelse f\u00f6r Natuurhuisjezweden.nl. Vi f\u00f6ljer d\u00e4rf\u00f6r sekretesslagen. Det inneb\u00e4r att dina uppgifter \u00e4r s\u00e4kra hos oss och att vi alltid anv\u00e4nder dem p\u00e5 ett korrekt s\u00e4tt. I denna integritetspolicy f\u00f6rklarar vi allt vi g\u00f6r p\u00e5 Natuurhuisjezweden.nl med information som vi f\u00e5r om dig.Om du har n\u00e5gra [&hellip;]<\/p>\n","protected":false},"author":1,"featured_media":0,"parent":0,"menu_order":0,"comment_status":"closed","ping_status":"closed","template":"","meta":{"footnotes":""},"class_list":["post-3772","page","type-page","status-publish","hentry"],"yoast_head":"<!-- This site is optimized with the Yoast SEO plugin v27.6 - https:\/\/yoast.com\/product\/yoast-seo-wordpress\/ -->\n<title>Integritetspolicy - Naturstuga Sverige<\/title>\n<meta name=\"robots\" content=\"index, follow, max-snippet:-1, max-image-preview:large, max-video-preview:-1\" \/>\n<link rel=\"canonical\" href=\"https:\/\/natuurhuisjezweden.nl\/sv\/integritetspolicy\/\" \/>\n<meta property=\"og:locale\" content=\"sv_SE\" \/>\n<meta property=\"og:type\" content=\"article\" \/>\n<meta property=\"og:title\" content=\"Integritetspolicy - Naturstuga Sverige\" \/>\n<meta property=\"og:description\" content=\"Hem 25 maj 2018 Din integritet \u00e4r av stor betydelse f\u00f6r Natuurhuisjezweden.nl. Vi f\u00f6ljer d\u00e4rf\u00f6r sekretesslagen. Det inneb\u00e4r att dina uppgifter \u00e4r s\u00e4kra hos oss och att vi alltid anv\u00e4nder dem p\u00e5 ett korrekt s\u00e4tt. I denna integritetspolicy f\u00f6rklarar vi allt vi g\u00f6r p\u00e5 Natuurhuisjezweden.nl med information som vi f\u00e5r om dig.Om du har n\u00e5gra [&hellip;]\" \/>\n<meta property=\"og:url\" content=\"https:\/\/natuurhuisjezweden.nl\/sv\/integritetspolicy\/\" \/>\n<meta property=\"og:site_name\" content=\"Naturstuga Sverige\" \/>\n<meta property=\"article:publisher\" content=\"https:\/\/www.facebook.com\/natuurhuisjezweden\/\" \/>\n<meta property=\"article:modified_time\" content=\"2023-11-08T13:19:41+00:00\" \/>\n<meta name=\"twitter:card\" content=\"summary_large_image\" \/>\n<meta name=\"twitter:label1\" content=\"Ber\u00e4knad l\u00e4stid\" \/>\n\t<meta name=\"twitter:data1\" content=\"4 minuter\" \/>\n<script type=\"application\/ld+json\" class=\"yoast-schema-graph\">{\"@context\":\"https:\\\/\\\/schema.org\",\"@graph\":[{\"@type\":\"WebPage\",\"@id\":\"https:\\\/\\\/natuurhuisjezweden.nl\\\/sv\\\/integritetspolicy\\\/\",\"url\":\"https:\\\/\\\/natuurhuisjezweden.nl\\\/sv\\\/integritetspolicy\\\/\",\"name\":\"Integritetspolicy - Naturstuga Sverige\",\"isPartOf\":{\"@id\":\"https:\\\/\\\/natuurhuisjezweden.nl\\\/sv\\\/#website\"},\"datePublished\":\"2018-05-23T11:21:29+00:00\",\"dateModified\":\"2023-11-08T13:19:41+00:00\",\"breadcrumb\":{\"@id\":\"https:\\\/\\\/natuurhuisjezweden.nl\\\/sv\\\/integritetspolicy\\\/#breadcrumb\"},\"inLanguage\":\"sv-SE\",\"potentialAction\":[{\"@type\":\"ReadAction\",\"target\":[\"https:\\\/\\\/natuurhuisjezweden.nl\\\/sv\\\/integritetspolicy\\\/\"]}]},{\"@type\":\"BreadcrumbList\",\"@id\":\"https:\\\/\\\/natuurhuisjezweden.nl\\\/sv\\\/integritetspolicy\\\/#breadcrumb\",\"itemListElement\":[{\"@type\":\"ListItem\",\"position\":1,\"name\":\"Hem\",\"item\":\"https:\\\/\\\/natuurhuisjezweden.nl\\\/sv\\\/\"},{\"@type\":\"ListItem\",\"position\":2,\"name\":\"Integritetspolicy\"}]},{\"@type\":\"WebSite\",\"@id\":\"https:\\\/\\\/natuurhuisjezweden.nl\\\/sv\\\/#website\",\"url\":\"https:\\\/\\\/natuurhuisjezweden.nl\\\/sv\\\/\",\"name\":\"Natuurhuisje Zweden\",\"description\":\"Boka ditt \u00e4ventyr i Sverige\",\"publisher\":{\"@id\":\"https:\\\/\\\/natuurhuisjezweden.nl\\\/sv\\\/#organization\"},\"potentialAction\":[{\"@type\":\"SearchAction\",\"target\":{\"@type\":\"EntryPoint\",\"urlTemplate\":\"https:\\\/\\\/natuurhuisjezweden.nl\\\/sv\\\/?s={search_term_string}\"},\"query-input\":{\"@type\":\"PropertyValueSpecification\",\"valueRequired\":true,\"valueName\":\"search_term_string\"}}],\"inLanguage\":\"sv-SE\"},{\"@type\":\"Organization\",\"@id\":\"https:\\\/\\\/natuurhuisjezweden.nl\\\/sv\\\/#organization\",\"name\":\"Naturstuga Sverige\",\"url\":\"https:\\\/\\\/natuurhuisjezweden.nl\\\/sv\\\/\",\"logo\":{\"@type\":\"ImageObject\",\"inLanguage\":\"sv-SE\",\"@id\":\"https:\\\/\\\/natuurhuisjezweden.nl\\\/sv\\\/#\\\/schema\\\/logo\\\/image\\\/\",\"url\":\"https:\\\/\\\/natuurhuisjezweden.nl\\\/wp-content\\\/uploads\\\/2023\\\/10\\\/Natuurhuisje-zweden-logo-nieuw.png\",\"contentUrl\":\"https:\\\/\\\/natuurhuisjezweden.nl\\\/wp-content\\\/uploads\\\/2023\\\/10\\\/Natuurhuisje-zweden-logo-nieuw.png\",\"width\":454,\"height\":375,\"caption\":\"Naturstuga Sverige\"},\"image\":{\"@id\":\"https:\\\/\\\/natuurhuisjezweden.nl\\\/sv\\\/#\\\/schema\\\/logo\\\/image\\\/\"},\"sameAs\":[\"https:\\\/\\\/www.facebook.com\\\/natuurhuisjezweden\\\/\",\"https:\\\/\\\/www.instagram.com\\\/natuurhuisjezweden\\\/\"]}]}<\/script>\n<!-- \/ Yoast SEO plugin. -->","yoast_head_json":{"title":"Integritetspolicy - Naturstuga Sverige","robots":{"index":"index","follow":"follow","max-snippet":"max-snippet:-1","max-image-preview":"max-image-preview:large","max-video-preview":"max-video-preview:-1"},"canonical":"https:\/\/natuurhuisjezweden.nl\/sv\/integritetspolicy\/","og_locale":"sv_SE","og_type":"article","og_title":"Integritetspolicy - Naturstuga Sverige","og_description":"Hem 25 maj 2018 Din integritet \u00e4r av stor betydelse f\u00f6r Natuurhuisjezweden.nl. Vi f\u00f6ljer d\u00e4rf\u00f6r sekretesslagen. Det inneb\u00e4r att dina uppgifter \u00e4r s\u00e4kra hos oss och att vi alltid anv\u00e4nder dem p\u00e5 ett korrekt s\u00e4tt. I denna integritetspolicy f\u00f6rklarar vi allt vi g\u00f6r p\u00e5 Natuurhuisjezweden.nl med information som vi f\u00e5r om dig.Om du har n\u00e5gra [&hellip;]","og_url":"https:\/\/natuurhuisjezweden.nl\/sv\/integritetspolicy\/","og_site_name":"Naturstuga Sverige","article_publisher":"https:\/\/www.facebook.com\/natuurhuisjezweden\/","article_modified_time":"2023-11-08T13:19:41+00:00","twitter_card":"summary_large_image","twitter_misc":{"Ber\u00e4knad l\u00e4stid":"4 minuter"},"schema":{"@context":"https:\/\/schema.org","@graph":[{"@type":"WebPage","@id":"https:\/\/natuurhuisjezweden.nl\/sv\/integritetspolicy\/","url":"https:\/\/natuurhuisjezweden.nl\/sv\/integritetspolicy\/","name":"Integritetspolicy - Naturstuga Sverige","isPartOf":{"@id":"https:\/\/natuurhuisjezweden.nl\/sv\/#website"},"datePublished":"2018-05-23T11:21:29+00:00","dateModified":"2023-11-08T13:19:41+00:00","breadcrumb":{"@id":"https:\/\/natuurhuisjezweden.nl\/sv\/integritetspolicy\/#breadcrumb"},"inLanguage":"sv-SE","potentialAction":[{"@type":"ReadAction","target":["https:\/\/natuurhuisjezweden.nl\/sv\/integritetspolicy\/"]}]},{"@type":"BreadcrumbList","@id":"https:\/\/natuurhuisjezweden.nl\/sv\/integritetspolicy\/#breadcrumb","itemListElement":[{"@type":"ListItem","position":1,"name":"Hem","item":"https:\/\/natuurhuisjezweden.nl\/sv\/"},{"@type":"ListItem","position":2,"name":"Integritetspolicy"}]},{"@type":"WebSite","@id":"https:\/\/natuurhuisjezweden.nl\/sv\/#website","url":"https:\/\/natuurhuisjezweden.nl\/sv\/","name":"Natuurhuisje Zweden","description":"Boka ditt \u00e4ventyr i Sverige","publisher":{"@id":"https:\/\/natuurhuisjezweden.nl\/sv\/#organization"},"potentialAction":[{"@type":"SearchAction","target":{"@type":"EntryPoint","urlTemplate":"https:\/\/natuurhuisjezweden.nl\/sv\/?s={search_term_string}"},"query-input":{"@type":"PropertyValueSpecification","valueRequired":true,"valueName":"search_term_string"}}],"inLanguage":"sv-SE"},{"@type":"Organization","@id":"https:\/\/natuurhuisjezweden.nl\/sv\/#organization","name":"Naturstuga Sverige","url":"https:\/\/natuurhuisjezweden.nl\/sv\/","logo":{"@type":"ImageObject","inLanguage":"sv-SE","@id":"https:\/\/natuurhuisjezweden.nl\/sv\/#\/schema\/logo\/image\/","url":"https:\/\/natuurhuisjezweden.nl\/wp-content\/uploads\/2023\/10\/Natuurhuisje-zweden-logo-nieuw.png","contentUrl":"https:\/\/natuurhuisjezweden.nl\/wp-content\/uploads\/2023\/10\/Natuurhuisje-zweden-logo-nieuw.png","width":454,"height":375,"caption":"Naturstuga Sverige"},"image":{"@id":"https:\/\/natuurhuisjezweden.nl\/sv\/#\/schema\/logo\/image\/"},"sameAs":["https:\/\/www.facebook.com\/natuurhuisjezweden\/","https:\/\/www.instagram.com\/natuurhuisjezweden\/"]}]}},"_links":{"self":[{"href":"https:\/\/natuurhuisjezweden.nl\/sv\/wp-json\/wp\/v2\/pages\/3772","targetHints":{"allow":["GET"]}}],"collection":[{"href":"https:\/\/natuurhuisjezweden.nl\/sv\/wp-json\/wp\/v2\/pages"}],"about":[{"href":"https:\/\/natuurhuisjezweden.nl\/sv\/wp-json\/wp\/v2\/types\/page"}],"author":[{"embeddable":true,"href":"https:\/\/natuurhuisjezweden.nl\/sv\/wp-json\/wp\/v2\/users\/1"}],"replies":[{"embeddable":true,"href":"https:\/\/natuurhuisjezweden.nl\/sv\/wp-json\/wp\/v2\/comments?post=3772"}],"version-history":[{"count":5,"href":"https:\/\/natuurhuisjezweden.nl\/sv\/wp-json\/wp\/v2\/pages\/3772\/revisions"}],"predecessor-version":[{"id":3919,"href":"https:\/\/natuurhuisjezweden.nl\/sv\/wp-json\/wp\/v2\/pages\/3772\/revisions\/3919"}],"wp:attachment":[{"href":"https:\/\/natuurhuisjezweden.nl\/sv\/wp-json\/wp\/v2\/media?parent=3772"}],"curies":[{"name":"wp","href":"https:\/\/api.w.org\/{rel}","templated":true}]}}