{"id":3700,"date":"2023-10-04T10:38:35","date_gmt":"2023-10-04T08:38:35","guid":{"rendered":"https:\/\/natuurhuisjezweden.nl\/stugby-marieke\/"},"modified":"2025-08-05T16:16:52","modified_gmt":"2025-08-05T14:16:52","slug":"stugby-marieke","status":"publish","type":"page","link":"https:\/\/natuurhuisjezweden.nl\/sv\/stanna\/stugby-marieke\/","title":{"rendered":"Dreamcamp"},"content":{"rendered":"\t\t<div data-elementor-type=\"wp-page\" data-elementor-id=\"3700\" class=\"elementor elementor-3700 elementor-1506\" data-elementor-post-type=\"page\">\n\t\t\t\t\t\t<section class=\"elementor-section elementor-top-section elementor-element elementor-element-db1d911 elementor-section-boxed elementor-section-height-default elementor-section-height-default\" data-id=\"db1d911\" data-element_type=\"section\" data-e-type=\"section\" data-settings=\"{&quot;background_background&quot;:&quot;classic&quot;,&quot;jet_parallax_layout_list&quot;:[]}\">\n\t\t\t\t\t\t\t<div class=\"elementor-background-overlay\"><\/div>\n\t\t\t\t\t\t\t<div class=\"elementor-container elementor-column-gap-default\">\n\t\t\t\t\t<div class=\"elementor-column elementor-col-100 elementor-top-column elementor-element elementor-element-ecdff7c\" data-id=\"ecdff7c\" data-element_type=\"column\" data-e-type=\"column\">\n\t\t\t<div class=\"elementor-widget-wrap elementor-element-populated\">\n\t\t\t\t\t\t<div class=\"elementor-element elementor-element-bf4ee74 elementor-widget elementor-widget-heading\" data-id=\"bf4ee74\" data-element_type=\"widget\" data-e-type=\"widget\" data-widget_type=\"heading.default\">\n\t\t\t\t<div class=\"elementor-widget-container\">\n\t\t\t\t\t<h1 class=\"elementor-heading-title elementor-size-default\">Olika atmosf\u00e4riska platser<\/h1>\t\t\t\t<\/div>\n\t\t\t\t<\/div>\n\t\t\t\t<div class=\"elementor-element elementor-element-7fe6854 elementor-align-center elementor-icon-list--layout-inline elementor-mobile-align-start elementor-list-item-link-full_width elementor-widget elementor-widget-icon-list\" data-id=\"7fe6854\" data-element_type=\"widget\" data-e-type=\"widget\" data-widget_type=\"icon-list.default\">\n\t\t\t\t<div class=\"elementor-widget-container\">\n\t\t\t\t\t\t\t<ul class=\"elementor-icon-list-items elementor-inline-items\">\n\t\t\t\t\t\t\t<li class=\"elementor-icon-list-item elementor-inline-item\">\n\t\t\t\t\t\t\t\t\t\t\t<a href=\"https:\/\/natuurhuisjezweden.nl\/sv\/\">\n\n\t\t\t\t\t\t\t\t\t\t\t<span class=\"elementor-icon-list-text\">Hem<\/span>\n\t\t\t\t\t\t\t\t\t\t\t<\/a>\n\t\t\t\t\t\t\t\t\t<\/li>\n\t\t\t\t\t\t\t\t<li class=\"elementor-icon-list-item elementor-inline-item\">\n\t\t\t\t\t\t\t\t\t\t\t<span class=\"elementor-icon-list-icon\">\n\t\t\t\t\t\t\t<i aria-hidden=\"true\" class=\"fas fa-chevron-right\"><\/i>\t\t\t\t\t\t<\/span>\n\t\t\t\t\t\t\t\t\t\t<span class=\"elementor-icon-list-text\">Stanna<\/span>\n\t\t\t\t\t\t\t\t\t<\/li>\n\t\t\t\t\t\t\t\t<li class=\"elementor-icon-list-item elementor-inline-item\">\n\t\t\t\t\t\t\t\t\t\t\t<span class=\"elementor-icon-list-icon\">\n\t\t\t\t\t\t\t<i aria-hidden=\"true\" class=\"fas fa-chevron-right\"><\/i>\t\t\t\t\t\t<\/span>\n\t\t\t\t\t\t\t\t\t\t<span class=\"elementor-icon-list-text\">Olika platser<\/span>\n\t\t\t\t\t\t\t\t\t<\/li>\n\t\t\t\t\t\t<\/ul>\n\t\t\t\t\t\t<\/div>\n\t\t\t\t<\/div>\n\t\t\t\t\t<\/div>\n\t\t<\/div>\n\t\t\t\t\t<\/div>\n\t\t<\/section>\n\t\t\t\t<section class=\"elementor-section elementor-top-section elementor-element elementor-element-9a69c47 elementor-section-boxed elementor-section-height-default elementor-section-height-default\" data-id=\"9a69c47\" data-element_type=\"section\" data-e-type=\"section\" data-settings=\"{&quot;background_background&quot;:&quot;classic&quot;,&quot;jet_parallax_layout_list&quot;:[]}\">\n\t\t\t\t\t\t<div class=\"elementor-container elementor-column-gap-default\">\n\t\t\t\t\t<div class=\"elementor-column elementor-col-100 elementor-top-column elementor-element elementor-element-6ac7019\" data-id=\"6ac7019\" data-element_type=\"column\" data-e-type=\"column\">\n\t\t\t<div class=\"elementor-widget-wrap elementor-element-populated\">\n\t\t\t\t\t\t<div class=\"elementor-element elementor-element-101c480 elementor-widget elementor-widget-jet-carousel\" data-id=\"101c480\" data-element_type=\"widget\" data-e-type=\"widget\" data-settings=\"{&quot;slides_to_show&quot;:&quot;3&quot;,&quot;slides_to_show_tablet&quot;:&quot;2&quot;,&quot;slides_to_show_mobile&quot;:&quot;1&quot;,&quot;slides_to_scroll&quot;:&quot;1&quot;}\" data-widget_type=\"jet-carousel.default\">\n\t\t\t\t<div class=\"elementor-widget-container\">\n\t\t\t\t\t<div class=\"elementor-jet-carousel jet-elements\"><div class=\"jet-carousel-wrap jet-equal-cols\">\n\t<div class=\"jet-carousel\" data-slider_options=\"{&quot;autoplaySpeed&quot;:5000,&quot;autoplay&quot;:true,&quot;infinite&quot;:true,&quot;centerMode&quot;:false,&quot;centerPadding&quot;:&quot;50px&quot;,&quot;pauseOnHover&quot;:false,&quot;speed&quot;:500,&quot;arrows&quot;:false,&quot;dots&quot;:true,&quot;variableWidth&quot;:false,&quot;prevArrow&quot;:&quot;.jet-carousel__prev-arrow-101c480&quot;,&quot;nextArrow&quot;:&quot;.jet-carousel__next-arrow-101c480&quot;,&quot;rtl&quot;:false,&quot;fractionNav&quot;:false}\" dir=\"ltr\">\n\t<div class=\"elementor-slick-slider\">\n\n<div class=\"jet-carousel__item\">\n\t<div class=\"jet-carousel__item-inner\"><a href=\"https:\/\/natuurhuisjezweden.nl\/verblijf\/stugby-marieke\/stuga-eland\/\" class=\"jet-carousel__item-link\" ><img decoding=\"async\" src=\"https:\/\/natuurhuisjezweden.nl\/wp-content\/uploads\/2025\/07\/tinyhouse2025.jpg\" class=\"jet-carousel__item-img\" alt=\"tinyhouse2025\" loading=\"lazy\"><\/a><div class=\"jet-carousel__content\"><h2 class=\"jet-carousel__item-title\">Miniatyrhus<\/h2><div class=\"jet-carousel__item-text\"><p>Mysigt litet tr\u00e4hus bel\u00e4get i utkanten av skogen. Den perfekta platsen att koppla av, njuta av en familjesemester och platsen d\u00e4r du kan b\u00f6rja dina \u00e4ventyr. <\/p><\/div><a class=\"elementor-button elementor-size-md jet-carousel__item-button\" href=\"https:\/\/natuurhuisjezweden.nl\/verblijf\/stugby-marieke\/stuga-eland\/\">Visa stugan<\/a><\/div><\/div>\n<\/div>\n\n<div class=\"jet-carousel__item\">\n\t<div class=\"jet-carousel__item-inner\"><a href=\"https:\/\/natuurhuisjezweden.nl\/verblijf\/stugby-marieke\/stuga-lynx\/\" class=\"jet-carousel__item-link\" ><img decoding=\"async\" src=\"https:\/\/natuurhuisjezweden.nl\/wp-content\/uploads\/2018\/02\/IMG-20180204-WA0012.jpg\" class=\"jet-carousel__item-img\" alt=\"IMG-20180204-WA0012\" loading=\"lazy\"><\/a><div class=\"jet-carousel__content\"><h2 class=\"jet-carousel__item-title\">Traditionella svenska stugor<\/h2><div class=\"jet-carousel__item-text\"><p>Olika m\u00f6jligheter att bo i traditionella svenska stugor. Alla bel\u00e4gna mitt i den vackra naturen. <\/p><\/div><a class=\"elementor-button elementor-size-md jet-carousel__item-button\" href=\"https:\/\/natuurhuisjezweden.nl\/verblijf\/stugby-marieke\/stuga-lynx\/\">Visa stugan<\/a><\/div><\/div>\n<\/div>\n<\/div><\/div>\n<\/div>\n<\/div>\t\t\t\t<\/div>\n\t\t\t\t<\/div>\n\t\t\t\t\t<\/div>\n\t\t<\/div>\n\t\t\t\t\t<\/div>\n\t\t<\/section>\n\t\t\t\t<section class=\"elementor-section elementor-top-section elementor-element elementor-element-ec956f7 elementor-reverse-tablet elementor-reverse-mobile elementor-section-boxed elementor-section-height-default elementor-section-height-default\" data-id=\"ec956f7\" data-element_type=\"section\" data-e-type=\"section\" data-settings=\"{&quot;jet_parallax_layout_list&quot;:[]}\">\n\t\t\t\t\t\t<div class=\"elementor-container elementor-column-gap-default\">\n\t\t\t\t\t<div class=\"elementor-column elementor-col-100 elementor-top-column elementor-element elementor-element-6891442\" data-id=\"6891442\" data-element_type=\"column\" data-e-type=\"column\">\n\t\t\t<div class=\"elementor-widget-wrap elementor-element-populated\">\n\t\t\t\t\t\t<div class=\"elementor-element elementor-element-ff23f8a elementor-widget elementor-widget-heading\" data-id=\"ff23f8a\" data-element_type=\"widget\" data-e-type=\"widget\" data-widget_type=\"heading.default\">\n\t\t\t\t<div class=\"elementor-widget-container\">\n\t\t\t\t\t<h2 class=\"elementor-heading-title elementor-size-default\">Information om platser<\/h2>\t\t\t\t<\/div>\n\t\t\t\t<\/div>\n\t\t\t\t<div class=\"elementor-element elementor-element-d233e45 elementor-widget elementor-widget-text-editor\" data-id=\"d233e45\" data-element_type=\"widget\" data-e-type=\"widget\" data-widget_type=\"text-editor.default\">\n\t\t\t\t<div class=\"elementor-widget-container\">\n\t\t\t\t\t\t\t\t\t<p>Det lilla huset och de traditionella svenska stugorna ligger vid foten av bergen, omgivna av vacker och fridfull natur.<\/p><p>Vandring kan g\u00f6ras direkt fr\u00e5n boendet. Det finns gott om fiskem\u00f6jligheter b\u00e5de i sj\u00f6arna och i snabbt str\u00f6mmande vatten.   <\/p><p>P\u00e5 vintern finns alla vinteraktiviteter i omedelbar n\u00e4rhet.  <\/p><p>Vissa av dessa platser ligger p\u00e5 en huskyfarm. Detta ger en unik m\u00f6jlighet att tr\u00e4ffa en flock med 30 fantastiska huskies. <\/p><p> <\/p>\t\t\t\t\t\t\t\t<\/div>\n\t\t\t\t<\/div>\n\t\t\t\t\t<\/div>\n\t\t<\/div>\n\t\t\t\t\t<\/div>\n\t\t<\/section>\n\t\t\t\t<section class=\"elementor-section elementor-top-section elementor-element elementor-element-32d6df9 elementor-section-boxed elementor-section-height-default elementor-section-height-default\" data-id=\"32d6df9\" data-element_type=\"section\" data-e-type=\"section\" data-settings=\"{&quot;background_background&quot;:&quot;classic&quot;,&quot;jet_parallax_layout_list&quot;:[]}\">\n\t\t\t\t\t\t\t<div class=\"elementor-background-overlay\"><\/div>\n\t\t\t\t\t\t\t<div class=\"elementor-container elementor-column-gap-default\">\n\t\t\t\t\t<div class=\"elementor-column elementor-col-100 elementor-top-column elementor-element elementor-element-2914f19\" data-id=\"2914f19\" data-element_type=\"column\" data-e-type=\"column\">\n\t\t\t<div class=\"elementor-widget-wrap elementor-element-populated\">\n\t\t\t\t\t\t<div class=\"elementor-element elementor-element-07b9cd4 elementor-widget elementor-widget-heading\" data-id=\"07b9cd4\" data-element_type=\"widget\" data-e-type=\"widget\" data-widget_type=\"heading.default\">\n\t\t\t\t<div class=\"elementor-widget-container\">\n\t\t\t\t\t<h2 class=\"elementor-heading-title elementor-size-default\">Lev ditt svenska \u00e4ventyr!<\/h2>\t\t\t\t<\/div>\n\t\t\t\t<\/div>\n\t\t\t\t<div class=\"elementor-element elementor-element-b3dfda2 elementor-widget elementor-widget-text-editor\" data-id=\"b3dfda2\" data-element_type=\"widget\" data-e-type=\"widget\" data-widget_type=\"text-editor.default\">\n\t\t\t\t<div class=\"elementor-widget-container\">\n\t\t\t\t\t\t\t\t\t<p>Ta chansen och bege dig till Ans\u00e4ttfj\u00e4llen i J\u00e4mtland, d\u00e4r avkopplingen och njutningen av den imponerande vildmarken b\u00f6rjar direkt. Det \u00e4r h\u00e4r du m\u00f6ter de \u00e4kta och genuina!<\/p>\t\t\t\t\t\t\t\t<\/div>\n\t\t\t\t<\/div>\n\t\t\t\t<div class=\"elementor-element elementor-element-cf9f25d elementor-align-center elementor-widget elementor-widget-button\" data-id=\"cf9f25d\" data-element_type=\"widget\" data-e-type=\"widget\" data-widget_type=\"button.default\">\n\t\t\t\t<div class=\"elementor-widget-container\">\n\t\t\t\t\t\t\t\t\t<div class=\"elementor-button-wrapper\">\n\t\t\t\t\t<a class=\"elementor-button elementor-button-link elementor-size-sm\" href=\"https:\/\/natuurhuisjezweden.nl\/sv\/omgivning\/\">\n\t\t\t\t\t\t<span class=\"elementor-button-content-wrapper\">\n\t\t\t\t\t\t\t\t\t<span class=\"elementor-button-text\">Utforska omgivningarna<\/span>\n\t\t\t\t\t<\/span>\n\t\t\t\t\t<\/a>\n\t\t\t\t<\/div>\n\t\t\t\t\t\t\t\t<\/div>\n\t\t\t\t<\/div>\n\t\t\t\t\t<\/div>\n\t\t<\/div>\n\t\t\t\t\t<\/div>\n\t\t<\/section>\n\t\t\t\t<\/div>\n\t\t","protected":false},"excerpt":{"rendered":"<p>Olika atmosf\u00e4riska platser Hem Stanna Olika platser Miniatyrhus Mysigt litet tr\u00e4hus bel\u00e4get i utkanten av skogen. Den perfekta platsen att koppla av, njuta av en familjesemester och platsen d\u00e4r du kan b\u00f6rja dina \u00e4ventyr. Visa stugan Traditionella svenska stugor Olika m\u00f6jligheter att bo i traditionella svenska stugor. Alla bel\u00e4gna mitt i den vackra naturen. Visa [&hellip;]<\/p>\n","protected":false},"author":1,"featured_media":3171,"parent":3809,"menu_order":0,"comment_status":"closed","ping_status":"closed","template":"","meta":{"footnotes":""},"class_list":["post-3700","page","type-page","status-publish","has-post-thumbnail","hentry"],"yoast_head":"<!-- This site is optimized with the Yoast SEO plugin v27.6 - https:\/\/yoast.com\/product\/yoast-seo-wordpress\/ -->\n<title>Dreamcamp - Naturstuga Sverige<\/title>\n<meta name=\"robots\" content=\"index, follow, max-snippet:-1, max-image-preview:large, max-video-preview:-1\" \/>\n<link rel=\"canonical\" href=\"https:\/\/natuurhuisjezweden.nl\/sv\/stanna\/stugby-marieke\/\" \/>\n<meta property=\"og:locale\" content=\"sv_SE\" \/>\n<meta property=\"og:type\" content=\"article\" \/>\n<meta property=\"og:title\" content=\"Dreamcamp - Naturstuga Sverige\" \/>\n<meta property=\"og:description\" content=\"Olika atmosf\u00e4riska platser Hem Stanna Olika platser Miniatyrhus Mysigt litet tr\u00e4hus bel\u00e4get i utkanten av skogen. Den perfekta platsen att koppla av, njuta av en familjesemester och platsen d\u00e4r du kan b\u00f6rja dina \u00e4ventyr. Visa stugan Traditionella svenska stugor Olika m\u00f6jligheter att bo i traditionella svenska stugor. Alla bel\u00e4gna mitt i den vackra naturen. Visa [&hellip;]\" \/>\n<meta property=\"og:url\" content=\"https:\/\/natuurhuisjezweden.nl\/sv\/stanna\/stugby-marieke\/\" \/>\n<meta property=\"og:site_name\" content=\"Naturstuga Sverige\" \/>\n<meta property=\"article:publisher\" content=\"https:\/\/www.facebook.com\/natuurhuisjezweden\/\" \/>\n<meta property=\"article:modified_time\" content=\"2025-08-05T14:16:52+00:00\" \/>\n<meta property=\"og:image\" content=\"https:\/\/natuurhuisjezweden.nl\/wp-content\/uploads\/2023\/09\/04df7bfa-197a-418c-85d4-6775807c1302.jpeg.webp\" \/>\n\t<meta property=\"og:image:width\" content=\"720\" \/>\n\t<meta property=\"og:image:height\" content=\"540\" \/>\n\t<meta property=\"og:image:type\" content=\"image\/webp\" \/>\n<meta name=\"twitter:card\" content=\"summary_large_image\" \/>\n<meta name=\"twitter:label1\" content=\"Ber\u00e4knad l\u00e4stid\" \/>\n\t<meta name=\"twitter:data1\" content=\"2 minuter\" \/>\n<script type=\"application\/ld+json\" class=\"yoast-schema-graph\">{\"@context\":\"https:\\\/\\\/schema.org\",\"@graph\":[{\"@type\":\"WebPage\",\"@id\":\"https:\\\/\\\/natuurhuisjezweden.nl\\\/sv\\\/stanna\\\/stugby-marieke\\\/\",\"url\":\"https:\\\/\\\/natuurhuisjezweden.nl\\\/sv\\\/stanna\\\/stugby-marieke\\\/\",\"name\":\"Dreamcamp - Naturstuga Sverige\",\"isPartOf\":{\"@id\":\"https:\\\/\\\/natuurhuisjezweden.nl\\\/sv\\\/#website\"},\"primaryImageOfPage\":{\"@id\":\"https:\\\/\\\/natuurhuisjezweden.nl\\\/sv\\\/stanna\\\/stugby-marieke\\\/#primaryimage\"},\"image\":{\"@id\":\"https:\\\/\\\/natuurhuisjezweden.nl\\\/sv\\\/stanna\\\/stugby-marieke\\\/#primaryimage\"},\"thumbnailUrl\":\"https:\\\/\\\/natuurhuisjezweden.nl\\\/wp-content\\\/uploads\\\/2023\\\/09\\\/04df7bfa-197a-418c-85d4-6775807c1302.jpeg.webp\",\"datePublished\":\"2023-10-04T08:38:35+00:00\",\"dateModified\":\"2025-08-05T14:16:52+00:00\",\"breadcrumb\":{\"@id\":\"https:\\\/\\\/natuurhuisjezweden.nl\\\/sv\\\/stanna\\\/stugby-marieke\\\/#breadcrumb\"},\"inLanguage\":\"sv-SE\",\"potentialAction\":[{\"@type\":\"ReadAction\",\"target\":[\"https:\\\/\\\/natuurhuisjezweden.nl\\\/sv\\\/stanna\\\/stugby-marieke\\\/\"]}]},{\"@type\":\"ImageObject\",\"inLanguage\":\"sv-SE\",\"@id\":\"https:\\\/\\\/natuurhuisjezweden.nl\\\/sv\\\/stanna\\\/stugby-marieke\\\/#primaryimage\",\"url\":\"https:\\\/\\\/natuurhuisjezweden.nl\\\/wp-content\\\/uploads\\\/2023\\\/09\\\/04df7bfa-197a-418c-85d4-6775807c1302.jpeg.webp\",\"contentUrl\":\"https:\\\/\\\/natuurhuisjezweden.nl\\\/wp-content\\\/uploads\\\/2023\\\/09\\\/04df7bfa-197a-418c-85d4-6775807c1302.jpeg.webp\",\"width\":720,\"height\":540},{\"@type\":\"BreadcrumbList\",\"@id\":\"https:\\\/\\\/natuurhuisjezweden.nl\\\/sv\\\/stanna\\\/stugby-marieke\\\/#breadcrumb\",\"itemListElement\":[{\"@type\":\"ListItem\",\"position\":1,\"name\":\"Hem\",\"item\":\"https:\\\/\\\/natuurhuisjezweden.nl\\\/sv\\\/\"},{\"@type\":\"ListItem\",\"position\":2,\"name\":\"Stanna\",\"item\":\"https:\\\/\\\/natuurhuisjezweden.nl\\\/sv\\\/verblijf\\\/\"},{\"@type\":\"ListItem\",\"position\":3,\"name\":\"Dreamcamp\"}]},{\"@type\":\"WebSite\",\"@id\":\"https:\\\/\\\/natuurhuisjezweden.nl\\\/sv\\\/#website\",\"url\":\"https:\\\/\\\/natuurhuisjezweden.nl\\\/sv\\\/\",\"name\":\"Natuurhuisje Zweden\",\"description\":\"Boka ditt \u00e4ventyr i Sverige\",\"publisher\":{\"@id\":\"https:\\\/\\\/natuurhuisjezweden.nl\\\/sv\\\/#organization\"},\"potentialAction\":[{\"@type\":\"SearchAction\",\"target\":{\"@type\":\"EntryPoint\",\"urlTemplate\":\"https:\\\/\\\/natuurhuisjezweden.nl\\\/sv\\\/?s={search_term_string}\"},\"query-input\":{\"@type\":\"PropertyValueSpecification\",\"valueRequired\":true,\"valueName\":\"search_term_string\"}}],\"inLanguage\":\"sv-SE\"},{\"@type\":\"Organization\",\"@id\":\"https:\\\/\\\/natuurhuisjezweden.nl\\\/sv\\\/#organization\",\"name\":\"Naturstuga Sverige\",\"url\":\"https:\\\/\\\/natuurhuisjezweden.nl\\\/sv\\\/\",\"logo\":{\"@type\":\"ImageObject\",\"inLanguage\":\"sv-SE\",\"@id\":\"https:\\\/\\\/natuurhuisjezweden.nl\\\/sv\\\/#\\\/schema\\\/logo\\\/image\\\/\",\"url\":\"https:\\\/\\\/natuurhuisjezweden.nl\\\/wp-content\\\/uploads\\\/2023\\\/10\\\/Natuurhuisje-zweden-logo-nieuw.png\",\"contentUrl\":\"https:\\\/\\\/natuurhuisjezweden.nl\\\/wp-content\\\/uploads\\\/2023\\\/10\\\/Natuurhuisje-zweden-logo-nieuw.png\",\"width\":454,\"height\":375,\"caption\":\"Naturstuga Sverige\"},\"image\":{\"@id\":\"https:\\\/\\\/natuurhuisjezweden.nl\\\/sv\\\/#\\\/schema\\\/logo\\\/image\\\/\"},\"sameAs\":[\"https:\\\/\\\/www.facebook.com\\\/natuurhuisjezweden\\\/\",\"https:\\\/\\\/www.instagram.com\\\/natuurhuisjezweden\\\/\"]}]}<\/script>\n<!-- \/ Yoast SEO plugin. -->","yoast_head_json":{"title":"Dreamcamp - Naturstuga Sverige","robots":{"index":"index","follow":"follow","max-snippet":"max-snippet:-1","max-image-preview":"max-image-preview:large","max-video-preview":"max-video-preview:-1"},"canonical":"https:\/\/natuurhuisjezweden.nl\/sv\/stanna\/stugby-marieke\/","og_locale":"sv_SE","og_type":"article","og_title":"Dreamcamp - Naturstuga Sverige","og_description":"Olika atmosf\u00e4riska platser Hem Stanna Olika platser Miniatyrhus Mysigt litet tr\u00e4hus bel\u00e4get i utkanten av skogen. Den perfekta platsen att koppla av, njuta av en familjesemester och platsen d\u00e4r du kan b\u00f6rja dina \u00e4ventyr. Visa stugan Traditionella svenska stugor Olika m\u00f6jligheter att bo i traditionella svenska stugor. Alla bel\u00e4gna mitt i den vackra naturen. Visa [&hellip;]","og_url":"https:\/\/natuurhuisjezweden.nl\/sv\/stanna\/stugby-marieke\/","og_site_name":"Naturstuga Sverige","article_publisher":"https:\/\/www.facebook.com\/natuurhuisjezweden\/","article_modified_time":"2025-08-05T14:16:52+00:00","og_image":[{"width":720,"height":540,"url":"https:\/\/natuurhuisjezweden.nl\/wp-content\/uploads\/2023\/09\/04df7bfa-197a-418c-85d4-6775807c1302.jpeg.webp","type":"image\/webp"}],"twitter_card":"summary_large_image","twitter_misc":{"Ber\u00e4knad l\u00e4stid":"2 minuter"},"schema":{"@context":"https:\/\/schema.org","@graph":[{"@type":"WebPage","@id":"https:\/\/natuurhuisjezweden.nl\/sv\/stanna\/stugby-marieke\/","url":"https:\/\/natuurhuisjezweden.nl\/sv\/stanna\/stugby-marieke\/","name":"Dreamcamp - Naturstuga Sverige","isPartOf":{"@id":"https:\/\/natuurhuisjezweden.nl\/sv\/#website"},"primaryImageOfPage":{"@id":"https:\/\/natuurhuisjezweden.nl\/sv\/stanna\/stugby-marieke\/#primaryimage"},"image":{"@id":"https:\/\/natuurhuisjezweden.nl\/sv\/stanna\/stugby-marieke\/#primaryimage"},"thumbnailUrl":"https:\/\/natuurhuisjezweden.nl\/wp-content\/uploads\/2023\/09\/04df7bfa-197a-418c-85d4-6775807c1302.jpeg.webp","datePublished":"2023-10-04T08:38:35+00:00","dateModified":"2025-08-05T14:16:52+00:00","breadcrumb":{"@id":"https:\/\/natuurhuisjezweden.nl\/sv\/stanna\/stugby-marieke\/#breadcrumb"},"inLanguage":"sv-SE","potentialAction":[{"@type":"ReadAction","target":["https:\/\/natuurhuisjezweden.nl\/sv\/stanna\/stugby-marieke\/"]}]},{"@type":"ImageObject","inLanguage":"sv-SE","@id":"https:\/\/natuurhuisjezweden.nl\/sv\/stanna\/stugby-marieke\/#primaryimage","url":"https:\/\/natuurhuisjezweden.nl\/wp-content\/uploads\/2023\/09\/04df7bfa-197a-418c-85d4-6775807c1302.jpeg.webp","contentUrl":"https:\/\/natuurhuisjezweden.nl\/wp-content\/uploads\/2023\/09\/04df7bfa-197a-418c-85d4-6775807c1302.jpeg.webp","width":720,"height":540},{"@type":"BreadcrumbList","@id":"https:\/\/natuurhuisjezweden.nl\/sv\/stanna\/stugby-marieke\/#breadcrumb","itemListElement":[{"@type":"ListItem","position":1,"name":"Hem","item":"https:\/\/natuurhuisjezweden.nl\/sv\/"},{"@type":"ListItem","position":2,"name":"Stanna","item":"https:\/\/natuurhuisjezweden.nl\/sv\/verblijf\/"},{"@type":"ListItem","position":3,"name":"Dreamcamp"}]},{"@type":"WebSite","@id":"https:\/\/natuurhuisjezweden.nl\/sv\/#website","url":"https:\/\/natuurhuisjezweden.nl\/sv\/","name":"Natuurhuisje Zweden","description":"Boka ditt \u00e4ventyr i Sverige","publisher":{"@id":"https:\/\/natuurhuisjezweden.nl\/sv\/#organization"},"potentialAction":[{"@type":"SearchAction","target":{"@type":"EntryPoint","urlTemplate":"https:\/\/natuurhuisjezweden.nl\/sv\/?s={search_term_string}"},"query-input":{"@type":"PropertyValueSpecification","valueRequired":true,"valueName":"search_term_string"}}],"inLanguage":"sv-SE"},{"@type":"Organization","@id":"https:\/\/natuurhuisjezweden.nl\/sv\/#organization","name":"Naturstuga Sverige","url":"https:\/\/natuurhuisjezweden.nl\/sv\/","logo":{"@type":"ImageObject","inLanguage":"sv-SE","@id":"https:\/\/natuurhuisjezweden.nl\/sv\/#\/schema\/logo\/image\/","url":"https:\/\/natuurhuisjezweden.nl\/wp-content\/uploads\/2023\/10\/Natuurhuisje-zweden-logo-nieuw.png","contentUrl":"https:\/\/natuurhuisjezweden.nl\/wp-content\/uploads\/2023\/10\/Natuurhuisje-zweden-logo-nieuw.png","width":454,"height":375,"caption":"Naturstuga Sverige"},"image":{"@id":"https:\/\/natuurhuisjezweden.nl\/sv\/#\/schema\/logo\/image\/"},"sameAs":["https:\/\/www.facebook.com\/natuurhuisjezweden\/","https:\/\/www.instagram.com\/natuurhuisjezweden\/"]}]}},"_links":{"self":[{"href":"https:\/\/natuurhuisjezweden.nl\/sv\/wp-json\/wp\/v2\/pages\/3700","targetHints":{"allow":["GET"]}}],"collection":[{"href":"https:\/\/natuurhuisjezweden.nl\/sv\/wp-json\/wp\/v2\/pages"}],"about":[{"href":"https:\/\/natuurhuisjezweden.nl\/sv\/wp-json\/wp\/v2\/types\/page"}],"author":[{"embeddable":true,"href":"https:\/\/natuurhuisjezweden.nl\/sv\/wp-json\/wp\/v2\/users\/1"}],"replies":[{"embeddable":true,"href":"https:\/\/natuurhuisjezweden.nl\/sv\/wp-json\/wp\/v2\/comments?post=3700"}],"version-history":[{"count":5,"href":"https:\/\/natuurhuisjezweden.nl\/sv\/wp-json\/wp\/v2\/pages\/3700\/revisions"}],"predecessor-version":[{"id":4194,"href":"https:\/\/natuurhuisjezweden.nl\/sv\/wp-json\/wp\/v2\/pages\/3700\/revisions\/4194"}],"up":[{"embeddable":true,"href":"https:\/\/natuurhuisjezweden.nl\/sv\/wp-json\/wp\/v2\/pages\/3809"}],"wp:featuredmedia":[{"embeddable":true,"href":"https:\/\/natuurhuisjezweden.nl\/sv\/wp-json\/wp\/v2\/media\/3171"}],"wp:attachment":[{"href":"https:\/\/natuurhuisjezweden.nl\/sv\/wp-json\/wp\/v2\/media?parent=3700"}],"curies":[{"name":"wp","href":"https:\/\/api.w.org\/{rel}","templated":true}]}}