{"id":3678,"date":"2023-10-04T10:39:10","date_gmt":"2023-10-04T08:39:10","guid":{"rendered":"https:\/\/natuurhuisjezweden.nl\/nordvalla\/"},"modified":"2024-07-18T11:38:03","modified_gmt":"2024-07-18T09:38:03","slug":"nordvalla","status":"publish","type":"page","link":"https:\/\/natuurhuisjezweden.nl\/sv\/stanna\/nordvalla\/","title":{"rendered":"Nordvalla"},"content":{"rendered":"\t\t<div data-elementor-type=\"wp-page\" data-elementor-id=\"3678\" class=\"elementor elementor-3678 elementor-1510\" data-elementor-post-type=\"page\">\n\t\t\t\t\t\t<section class=\"elementor-section elementor-top-section elementor-element elementor-element-9bcb714 elementor-section-boxed elementor-section-height-default elementor-section-height-default\" data-id=\"9bcb714\" data-element_type=\"section\" data-e-type=\"section\" data-settings=\"{&quot;background_background&quot;:&quot;classic&quot;,&quot;jet_parallax_layout_list&quot;:[]}\">\n\t\t\t\t\t\t\t<div class=\"elementor-background-overlay\"><\/div>\n\t\t\t\t\t\t\t<div class=\"elementor-container elementor-column-gap-default\">\n\t\t\t\t\t<div class=\"elementor-column elementor-col-100 elementor-top-column elementor-element elementor-element-e98cfa8\" data-id=\"e98cfa8\" data-element_type=\"column\" data-e-type=\"column\">\n\t\t\t<div class=\"elementor-widget-wrap elementor-element-populated\">\n\t\t\t\t\t\t<div class=\"elementor-element elementor-element-20bed36 elementor-align-center elementor-icon-list--layout-inline elementor-mobile-align-start elementor-list-item-link-full_width elementor-widget elementor-widget-icon-list\" data-id=\"20bed36\" data-element_type=\"widget\" data-e-type=\"widget\" data-widget_type=\"icon-list.default\">\n\t\t\t\t<div class=\"elementor-widget-container\">\n\t\t\t\t\t\t\t<ul class=\"elementor-icon-list-items elementor-inline-items\">\n\t\t\t\t\t\t\t<li class=\"elementor-icon-list-item elementor-inline-item\">\n\t\t\t\t\t\t\t\t\t\t\t<a href=\"https:\/\/natuurhuisjezweden.nl\/sv\/\">\n\n\t\t\t\t\t\t\t\t\t\t\t<span class=\"elementor-icon-list-text\">Hem<\/span>\n\t\t\t\t\t\t\t\t\t\t\t<\/a>\n\t\t\t\t\t\t\t\t\t<\/li>\n\t\t\t\t\t\t\t\t<li class=\"elementor-icon-list-item elementor-inline-item\">\n\t\t\t\t\t\t\t\t\t\t\t<span class=\"elementor-icon-list-icon\">\n\t\t\t\t\t\t\t<i aria-hidden=\"true\" class=\"fas fa-chevron-right\"><\/i>\t\t\t\t\t\t<\/span>\n\t\t\t\t\t\t\t\t\t\t<span class=\"elementor-icon-list-text\">Stanna<\/span>\n\t\t\t\t\t\t\t\t\t<\/li>\n\t\t\t\t\t\t\t\t<li class=\"elementor-icon-list-item elementor-inline-item\">\n\t\t\t\t\t\t\t\t\t\t\t<span class=\"elementor-icon-list-icon\">\n\t\t\t\t\t\t\t<i aria-hidden=\"true\" class=\"fas fa-chevron-right\"><\/i>\t\t\t\t\t\t<\/span>\n\t\t\t\t\t\t\t\t\t\t<span class=\"elementor-icon-list-text\"><\/span>\n\t\t\t\t\t\t\t\t\t<\/li>\n\t\t\t\t\t\t<\/ul>\n\t\t\t\t\t\t<\/div>\n\t\t\t\t<\/div>\n\t\t\t\t\t<\/div>\n\t\t<\/div>\n\t\t\t\t\t<\/div>\n\t\t<\/section>\n\t\t\t\t<section class=\"elementor-section elementor-top-section elementor-element elementor-element-a5a7d22 elementor-section-boxed elementor-section-height-default elementor-section-height-default\" data-id=\"a5a7d22\" data-element_type=\"section\" data-e-type=\"section\" data-settings=\"{&quot;jet_parallax_layout_list&quot;:[]}\">\n\t\t\t\t\t\t<div class=\"elementor-container elementor-column-gap-default\">\n\t\t\t\t\t<div class=\"elementor-column elementor-col-100 elementor-top-column elementor-element elementor-element-7299136\" data-id=\"7299136\" data-element_type=\"column\" data-e-type=\"column\">\n\t\t\t<div class=\"elementor-widget-wrap elementor-element-populated\">\n\t\t\t\t\t\t<div class=\"elementor-element elementor-element-f3fa4e3 elementor-widget elementor-widget-text-editor\" data-id=\"f3fa4e3\" data-element_type=\"widget\" data-e-type=\"widget\" data-widget_type=\"text-editor.default\">\n\t\t\t\t<div class=\"elementor-widget-container\">\n\t\t\t\t\t\t\t\t\t<p>P\u00e5 detta fantastiska l\u00e4ge, en halv\u00f6, erbjuder vi 2 rymliga B&amp;B-rum.<\/p>\n\t\t\t\t\t\t\t\t<\/div>\n\t\t\t\t<\/div>\n\t\t\t\t<div class=\"elementor-element elementor-element-70abf7e elementor-widget elementor-widget-gallery\" data-id=\"70abf7e\" data-element_type=\"widget\" data-e-type=\"widget\" data-settings=\"{&quot;gallery_layout&quot;:&quot;justified&quot;,&quot;ideal_row_height&quot;:{&quot;unit&quot;:&quot;px&quot;,&quot;size&quot;:223,&quot;sizes&quot;:[]},&quot;lazyload&quot;:&quot;yes&quot;,&quot;ideal_row_height_tablet&quot;:{&quot;unit&quot;:&quot;px&quot;,&quot;size&quot;:150,&quot;sizes&quot;:[]},&quot;ideal_row_height_mobile&quot;:{&quot;unit&quot;:&quot;px&quot;,&quot;size&quot;:150,&quot;sizes&quot;:[]},&quot;gap&quot;:{&quot;unit&quot;:&quot;px&quot;,&quot;size&quot;:10,&quot;sizes&quot;:[]},&quot;gap_tablet&quot;:{&quot;unit&quot;:&quot;px&quot;,&quot;size&quot;:10,&quot;sizes&quot;:[]},&quot;gap_mobile&quot;:{&quot;unit&quot;:&quot;px&quot;,&quot;size&quot;:10,&quot;sizes&quot;:[]},&quot;link_to&quot;:&quot;file&quot;,&quot;overlay_background&quot;:&quot;yes&quot;,&quot;content_hover_animation&quot;:&quot;fade-in&quot;}\" data-widget_type=\"gallery.default\">\n\t\t\t\t<div class=\"elementor-widget-container\">\n\t\t\t\t\t\t\t<div class=\"elementor-gallery__container\">\n\t\t\t\t\t\t\t<a class=\"e-gallery-item elementor-gallery-item elementor-animated-content\" href=\"https:\/\/natuurhuisjezweden.nl\/wp-content\/uploads\/2023\/10\/20230615_163050.jpg\" data-elementor-open-lightbox=\"yes\" data-elementor-lightbox-slideshow=\"70abf7e\" data-elementor-lightbox-title=\"20230615_163050\" data-e-action-hash=\"#elementor-action%3Aaction%3Dlightbox%26settings%3DeyJpZCI6MTg4NCwidXJsIjoiaHR0cHM6XC9cL25hdHV1cmh1aXNqZXp3ZWRlbi5ubFwvd3AtY29udGVudFwvdXBsb2Fkc1wvMjAyM1wvMTBcLzIwMjMwNjE1XzE2MzA1MC5qcGciLCJzbGlkZXNob3ciOiI3MGFiZjdlIn0%3D\">\n\t\t\t\t\t<div class=\"e-gallery-image elementor-gallery-item__image\" data-thumbnail=\"https:\/\/natuurhuisjezweden.nl\/wp-content\/uploads\/2023\/10\/20230615_163050-225x300.jpg\" data-width=\"225\" data-height=\"300\" aria-label=\"\" role=\"img\" ><\/div>\n\t\t\t\t\t\t\t\t\t\t\t<div class=\"elementor-gallery-item__overlay\"><\/div>\n\t\t\t\t\t\t\t\t\t\t\t\t\t\t<\/a>\n\t\t\t\t\t\t\t<a class=\"e-gallery-item elementor-gallery-item elementor-animated-content\" href=\"https:\/\/natuurhuisjezweden.nl\/wp-content\/uploads\/2023\/10\/20230615_164736.jpg\" data-elementor-open-lightbox=\"yes\" data-elementor-lightbox-slideshow=\"70abf7e\" data-elementor-lightbox-title=\"20230615_164736\" data-e-action-hash=\"#elementor-action%3Aaction%3Dlightbox%26settings%3DeyJpZCI6MTg4NSwidXJsIjoiaHR0cHM6XC9cL25hdHV1cmh1aXNqZXp3ZWRlbi5ubFwvd3AtY29udGVudFwvdXBsb2Fkc1wvMjAyM1wvMTBcLzIwMjMwNjE1XzE2NDczNi5qcGciLCJzbGlkZXNob3ciOiI3MGFiZjdlIn0%3D\">\n\t\t\t\t\t<div class=\"e-gallery-image elementor-gallery-item__image\" data-thumbnail=\"https:\/\/natuurhuisjezweden.nl\/wp-content\/uploads\/2023\/10\/20230615_164736-225x300.jpg\" data-width=\"225\" data-height=\"300\" aria-label=\"\" role=\"img\" ><\/div>\n\t\t\t\t\t\t\t\t\t\t\t<div class=\"elementor-gallery-item__overlay\"><\/div>\n\t\t\t\t\t\t\t\t\t\t\t\t\t\t<\/a>\n\t\t\t\t\t\t\t<a class=\"e-gallery-item elementor-gallery-item elementor-animated-content\" href=\"https:\/\/natuurhuisjezweden.nl\/wp-content\/uploads\/2023\/10\/20230615_165055.jpg\" data-elementor-open-lightbox=\"yes\" data-elementor-lightbox-slideshow=\"70abf7e\" data-elementor-lightbox-title=\"20230615_165055\" data-e-action-hash=\"#elementor-action%3Aaction%3Dlightbox%26settings%3DeyJpZCI6MTg4NiwidXJsIjoiaHR0cHM6XC9cL25hdHV1cmh1aXNqZXp3ZWRlbi5ubFwvd3AtY29udGVudFwvdXBsb2Fkc1wvMjAyM1wvMTBcLzIwMjMwNjE1XzE2NTA1NS5qcGciLCJzbGlkZXNob3ciOiI3MGFiZjdlIn0%3D\">\n\t\t\t\t\t<div class=\"e-gallery-image elementor-gallery-item__image\" data-thumbnail=\"https:\/\/natuurhuisjezweden.nl\/wp-content\/uploads\/2023\/10\/20230615_165055-225x300.jpg\" data-width=\"225\" data-height=\"300\" aria-label=\"\" role=\"img\" ><\/div>\n\t\t\t\t\t\t\t\t\t\t\t<div class=\"elementor-gallery-item__overlay\"><\/div>\n\t\t\t\t\t\t\t\t\t\t\t\t\t\t<\/a>\n\t\t\t\t\t\t\t<a class=\"e-gallery-item elementor-gallery-item elementor-animated-content\" href=\"https:\/\/natuurhuisjezweden.nl\/wp-content\/uploads\/2023\/10\/20230615_165810.jpg\" data-elementor-open-lightbox=\"yes\" data-elementor-lightbox-slideshow=\"70abf7e\" data-elementor-lightbox-title=\"20230615_165810\" data-e-action-hash=\"#elementor-action%3Aaction%3Dlightbox%26settings%3DeyJpZCI6MTg4NywidXJsIjoiaHR0cHM6XC9cL25hdHV1cmh1aXNqZXp3ZWRlbi5ubFwvd3AtY29udGVudFwvdXBsb2Fkc1wvMjAyM1wvMTBcLzIwMjMwNjE1XzE2NTgxMC5qcGciLCJzbGlkZXNob3ciOiI3MGFiZjdlIn0%3D\">\n\t\t\t\t\t<div class=\"e-gallery-image elementor-gallery-item__image\" data-thumbnail=\"https:\/\/natuurhuisjezweden.nl\/wp-content\/uploads\/2023\/10\/20230615_165810-225x300.jpg\" data-width=\"225\" data-height=\"300\" aria-label=\"\" role=\"img\" ><\/div>\n\t\t\t\t\t\t\t\t\t\t\t<div class=\"elementor-gallery-item__overlay\"><\/div>\n\t\t\t\t\t\t\t\t\t\t\t\t\t\t<\/a>\n\t\t\t\t\t\t\t<a class=\"e-gallery-item elementor-gallery-item elementor-animated-content\" href=\"https:\/\/natuurhuisjezweden.nl\/wp-content\/uploads\/2023\/10\/IMG-20230615-WA0005.jpg\" data-elementor-open-lightbox=\"yes\" data-elementor-lightbox-slideshow=\"70abf7e\" data-elementor-lightbox-title=\"IMG-20230615-WA0005\" data-e-action-hash=\"#elementor-action%3Aaction%3Dlightbox%26settings%3DeyJpZCI6MTg4OCwidXJsIjoiaHR0cHM6XC9cL25hdHV1cmh1aXNqZXp3ZWRlbi5ubFwvd3AtY29udGVudFwvdXBsb2Fkc1wvMjAyM1wvMTBcL0lNRy0yMDIzMDYxNS1XQTAwMDUuanBnIiwic2xpZGVzaG93IjoiNzBhYmY3ZSJ9\">\n\t\t\t\t\t<div class=\"e-gallery-image elementor-gallery-item__image\" data-thumbnail=\"https:\/\/natuurhuisjezweden.nl\/wp-content\/uploads\/2023\/10\/IMG-20230615-WA0005-300x225.jpg\" data-width=\"300\" data-height=\"225\" aria-label=\"\" role=\"img\" ><\/div>\n\t\t\t\t\t\t\t\t\t\t\t<div class=\"elementor-gallery-item__overlay\"><\/div>\n\t\t\t\t\t\t\t\t\t\t\t\t\t\t<\/a>\n\t\t\t\t\t\t\t<a class=\"e-gallery-item elementor-gallery-item elementor-animated-content\" href=\"https:\/\/natuurhuisjezweden.nl\/wp-content\/uploads\/2023\/10\/IMG-20230616-WA0003.jpg\" data-elementor-open-lightbox=\"yes\" data-elementor-lightbox-slideshow=\"70abf7e\" data-elementor-lightbox-title=\"IMG-20230616-WA0003\" data-e-action-hash=\"#elementor-action%3Aaction%3Dlightbox%26settings%3DeyJpZCI6MTg4OSwidXJsIjoiaHR0cHM6XC9cL25hdHV1cmh1aXNqZXp3ZWRlbi5ubFwvd3AtY29udGVudFwvdXBsb2Fkc1wvMjAyM1wvMTBcL0lNRy0yMDIzMDYxNi1XQTAwMDMuanBnIiwic2xpZGVzaG93IjoiNzBhYmY3ZSJ9\">\n\t\t\t\t\t<div class=\"e-gallery-image elementor-gallery-item__image\" data-thumbnail=\"https:\/\/natuurhuisjezweden.nl\/wp-content\/uploads\/2023\/10\/IMG-20230616-WA0003-300x225.jpg\" data-width=\"300\" data-height=\"225\" aria-label=\"\" role=\"img\" ><\/div>\n\t\t\t\t\t\t\t\t\t\t\t<div class=\"elementor-gallery-item__overlay\"><\/div>\n\t\t\t\t\t\t\t\t\t\t\t\t\t\t<\/a>\n\t\t\t\t\t\t\t<a class=\"e-gallery-item elementor-gallery-item elementor-animated-content\" href=\"https:\/\/natuurhuisjezweden.nl\/wp-content\/uploads\/2023\/10\/SmartSelect_20230426_203003_WhatsApp.jpg\" data-elementor-open-lightbox=\"yes\" data-elementor-lightbox-slideshow=\"70abf7e\" data-elementor-lightbox-title=\"SmartSelect_20230426_203003_WhatsApp\" data-e-action-hash=\"#elementor-action%3Aaction%3Dlightbox%26settings%3DeyJpZCI6MTg5MCwidXJsIjoiaHR0cHM6XC9cL25hdHV1cmh1aXNqZXp3ZWRlbi5ubFwvd3AtY29udGVudFwvdXBsb2Fkc1wvMjAyM1wvMTBcL1NtYXJ0U2VsZWN0XzIwMjMwNDI2XzIwMzAwM19XaGF0c0FwcC5qcGciLCJzbGlkZXNob3ciOiI3MGFiZjdlIn0%3D\">\n\t\t\t\t\t<div class=\"e-gallery-image elementor-gallery-item__image\" data-thumbnail=\"https:\/\/natuurhuisjezweden.nl\/wp-content\/uploads\/2023\/10\/SmartSelect_20230426_203003_WhatsApp-300x227.jpg\" data-width=\"300\" data-height=\"227\" aria-label=\"\" role=\"img\" ><\/div>\n\t\t\t\t\t\t\t\t\t\t\t<div class=\"elementor-gallery-item__overlay\"><\/div>\n\t\t\t\t\t\t\t\t\t\t\t\t\t\t<\/a>\n\t\t\t\t\t<\/div>\n\t\t\t\t\t<\/div>\n\t\t\t\t<\/div>\n\t\t\t\t\t<\/div>\n\t\t<\/div>\n\t\t\t\t\t<\/div>\n\t\t<\/section>\n\t\t\t\t<section class=\"elementor-section elementor-top-section elementor-element elementor-element-0766e6a elementor-section-boxed elementor-section-height-default elementor-section-height-default\" data-id=\"0766e6a\" data-element_type=\"section\" data-e-type=\"section\" data-settings=\"{&quot;background_background&quot;:&quot;classic&quot;,&quot;jet_parallax_layout_list&quot;:[]}\">\n\t\t\t\t\t\t\t<div class=\"elementor-background-overlay\"><\/div>\n\t\t\t\t\t\t\t<div class=\"elementor-container elementor-column-gap-default\">\n\t\t\t\t\t<div class=\"elementor-column elementor-col-100 elementor-top-column elementor-element elementor-element-a0991a6\" data-id=\"a0991a6\" data-element_type=\"column\" data-e-type=\"column\">\n\t\t\t<div class=\"elementor-widget-wrap elementor-element-populated\">\n\t\t\t\t\t\t<div class=\"elementor-element elementor-element-c558029 elementor-widget elementor-widget-heading\" data-id=\"c558029\" data-element_type=\"widget\" data-e-type=\"widget\" data-widget_type=\"heading.default\">\n\t\t\t\t<div class=\"elementor-widget-container\">\n\t\t\t\t\t<h2 class=\"elementor-heading-title elementor-size-default\">Lev ditt svenska \u00e4ventyr!<\/h2>\t\t\t\t<\/div>\n\t\t\t\t<\/div>\n\t\t\t\t<div class=\"elementor-element elementor-element-d94edb3 elementor-widget elementor-widget-text-editor\" data-id=\"d94edb3\" data-element_type=\"widget\" data-e-type=\"widget\" data-widget_type=\"text-editor.default\">\n\t\t\t\t<div class=\"elementor-widget-container\">\n\t\t\t\t\t\t\t\t\t<p>Ta chansen och bege dig till Ans\u00e4ttfj\u00e4llen i J\u00e4mtland, d\u00e4r avkopplingen och njutningen av den imponerande vildmarken b\u00f6rjar direkt. Det \u00e4r h\u00e4r du m\u00f6ter de \u00e4kta och genuina!<\/p>\n\t\t\t\t\t\t\t\t<\/div>\n\t\t\t\t<\/div>\n\t\t\t\t<div class=\"elementor-element elementor-element-15de790 elementor-align-center elementor-widget elementor-widget-button\" data-id=\"15de790\" data-element_type=\"widget\" data-e-type=\"widget\" data-widget_type=\"button.default\">\n\t\t\t\t<div class=\"elementor-widget-container\">\n\t\t\t\t\t\t\t\t\t<div class=\"elementor-button-wrapper\">\n\t\t\t\t\t<a class=\"elementor-button elementor-button-link elementor-size-sm\" href=\"https:\/\/natuurhuisjezweden.nl\/sv\/omgivning\/\">\n\t\t\t\t\t\t<span class=\"elementor-button-content-wrapper\">\n\t\t\t\t\t\t\t\t\t<span class=\"elementor-button-text\">Utforska omgivningarna<\/span>\n\t\t\t\t\t<\/span>\n\t\t\t\t\t<\/a>\n\t\t\t\t<\/div>\n\t\t\t\t\t\t\t\t<\/div>\n\t\t\t\t<\/div>\n\t\t\t\t\t<\/div>\n\t\t<\/div>\n\t\t\t\t\t<\/div>\n\t\t<\/section>\n\t\t\t\t<\/div>\n\t\t","protected":false},"excerpt":{"rendered":"<p>Hem Stanna P\u00e5 detta fantastiska l\u00e4ge, en halv\u00f6, erbjuder vi 2 rymliga B&amp;B-rum. Lev ditt svenska \u00e4ventyr! Ta chansen och bege dig till Ans\u00e4ttfj\u00e4llen i J\u00e4mtland, d\u00e4r avkopplingen och njutningen av den imponerande vildmarken b\u00f6rjar direkt. Det \u00e4r h\u00e4r du m\u00f6ter de \u00e4kta och genuina! Utforska omgivningarna<\/p>\n","protected":false},"author":1,"featured_media":3093,"parent":3809,"menu_order":0,"comment_status":"closed","ping_status":"closed","template":"","meta":{"footnotes":""},"class_list":["post-3678","page","type-page","status-publish","has-post-thumbnail","hentry"],"yoast_head":"<!-- This site is optimized with the Yoast SEO plugin v27.5 - https:\/\/yoast.com\/product\/yoast-seo-wordpress\/ -->\n<title>Nordvalla - Naturstuga Sverige<\/title>\n<meta name=\"robots\" content=\"index, follow, max-snippet:-1, max-image-preview:large, max-video-preview:-1\" \/>\n<link rel=\"canonical\" href=\"https:\/\/natuurhuisjezweden.nl\/sv\/stanna\/nordvalla\/\" \/>\n<meta property=\"og:locale\" content=\"sv_SE\" \/>\n<meta property=\"og:type\" content=\"article\" \/>\n<meta property=\"og:title\" content=\"Nordvalla - Naturstuga Sverige\" \/>\n<meta property=\"og:description\" content=\"Hem Stanna P\u00e5 detta fantastiska l\u00e4ge, en halv\u00f6, erbjuder vi 2 rymliga B&amp;B-rum. Lev ditt svenska \u00e4ventyr! Ta chansen och bege dig till Ans\u00e4ttfj\u00e4llen i J\u00e4mtland, d\u00e4r avkopplingen och njutningen av den imponerande vildmarken b\u00f6rjar direkt. Det \u00e4r h\u00e4r du m\u00f6ter de \u00e4kta och genuina! Utforska omgivningarna\" \/>\n<meta property=\"og:url\" content=\"https:\/\/natuurhuisjezweden.nl\/sv\/stanna\/nordvalla\/\" \/>\n<meta property=\"og:site_name\" content=\"Naturstuga Sverige\" \/>\n<meta property=\"article:publisher\" content=\"https:\/\/www.facebook.com\/natuurhuisjezweden\/\" \/>\n<meta property=\"article:modified_time\" content=\"2024-07-18T09:38:03+00:00\" \/>\n<meta property=\"og:image\" content=\"https:\/\/natuurhuisjezweden.nl\/wp-content\/uploads\/2023\/09\/shutterstock_1902030148.jpg\" \/>\n\t<meta property=\"og:image:width\" content=\"1920\" \/>\n\t<meta property=\"og:image:height\" content=\"1280\" \/>\n\t<meta property=\"og:image:type\" content=\"image\/jpeg\" \/>\n<meta name=\"twitter:card\" content=\"summary_large_image\" \/>\n<meta name=\"twitter:label1\" content=\"Ber\u00e4knad l\u00e4stid\" \/>\n\t<meta name=\"twitter:data1\" content=\"1 minut\" \/>\n<script type=\"application\/ld+json\" class=\"yoast-schema-graph\">{\"@context\":\"https:\\\/\\\/schema.org\",\"@graph\":[{\"@type\":\"WebPage\",\"@id\":\"https:\\\/\\\/natuurhuisjezweden.nl\\\/sv\\\/stanna\\\/nordvalla\\\/\",\"url\":\"https:\\\/\\\/natuurhuisjezweden.nl\\\/sv\\\/stanna\\\/nordvalla\\\/\",\"name\":\"Nordvalla - Naturstuga Sverige\",\"isPartOf\":{\"@id\":\"https:\\\/\\\/natuurhuisjezweden.nl\\\/sv\\\/#website\"},\"primaryImageOfPage\":{\"@id\":\"https:\\\/\\\/natuurhuisjezweden.nl\\\/sv\\\/stanna\\\/nordvalla\\\/#primaryimage\"},\"image\":{\"@id\":\"https:\\\/\\\/natuurhuisjezweden.nl\\\/sv\\\/stanna\\\/nordvalla\\\/#primaryimage\"},\"thumbnailUrl\":\"https:\\\/\\\/natuurhuisjezweden.nl\\\/wp-content\\\/uploads\\\/2023\\\/09\\\/shutterstock_1902030148.jpg\",\"datePublished\":\"2023-10-04T08:39:10+00:00\",\"dateModified\":\"2024-07-18T09:38:03+00:00\",\"breadcrumb\":{\"@id\":\"https:\\\/\\\/natuurhuisjezweden.nl\\\/sv\\\/stanna\\\/nordvalla\\\/#breadcrumb\"},\"inLanguage\":\"sv-SE\",\"potentialAction\":[{\"@type\":\"ReadAction\",\"target\":[\"https:\\\/\\\/natuurhuisjezweden.nl\\\/sv\\\/stanna\\\/nordvalla\\\/\"]}]},{\"@type\":\"ImageObject\",\"inLanguage\":\"sv-SE\",\"@id\":\"https:\\\/\\\/natuurhuisjezweden.nl\\\/sv\\\/stanna\\\/nordvalla\\\/#primaryimage\",\"url\":\"https:\\\/\\\/natuurhuisjezweden.nl\\\/wp-content\\\/uploads\\\/2023\\\/09\\\/shutterstock_1902030148.jpg\",\"contentUrl\":\"https:\\\/\\\/natuurhuisjezweden.nl\\\/wp-content\\\/uploads\\\/2023\\\/09\\\/shutterstock_1902030148.jpg\",\"width\":1920,\"height\":1280,\"caption\":\"beatiful active senior woman cross-country skiing in fresh fallen powder snow in the Allgau alps near Immenstadt, Bavaria, Germany\"},{\"@type\":\"BreadcrumbList\",\"@id\":\"https:\\\/\\\/natuurhuisjezweden.nl\\\/sv\\\/stanna\\\/nordvalla\\\/#breadcrumb\",\"itemListElement\":[{\"@type\":\"ListItem\",\"position\":1,\"name\":\"Hem\",\"item\":\"https:\\\/\\\/natuurhuisjezweden.nl\\\/sv\\\/\"},{\"@type\":\"ListItem\",\"position\":2,\"name\":\"Stanna\",\"item\":\"https:\\\/\\\/natuurhuisjezweden.nl\\\/sv\\\/verblijf\\\/\"},{\"@type\":\"ListItem\",\"position\":3,\"name\":\"Nordvalla\"}]},{\"@type\":\"WebSite\",\"@id\":\"https:\\\/\\\/natuurhuisjezweden.nl\\\/sv\\\/#website\",\"url\":\"https:\\\/\\\/natuurhuisjezweden.nl\\\/sv\\\/\",\"name\":\"Natuurhuisje Zweden\",\"description\":\"Boka ditt \u00e4ventyr i Sverige\",\"publisher\":{\"@id\":\"https:\\\/\\\/natuurhuisjezweden.nl\\\/sv\\\/#organization\"},\"potentialAction\":[{\"@type\":\"SearchAction\",\"target\":{\"@type\":\"EntryPoint\",\"urlTemplate\":\"https:\\\/\\\/natuurhuisjezweden.nl\\\/sv\\\/?s={search_term_string}\"},\"query-input\":{\"@type\":\"PropertyValueSpecification\",\"valueRequired\":true,\"valueName\":\"search_term_string\"}}],\"inLanguage\":\"sv-SE\"},{\"@type\":\"Organization\",\"@id\":\"https:\\\/\\\/natuurhuisjezweden.nl\\\/sv\\\/#organization\",\"name\":\"Naturstuga Sverige\",\"url\":\"https:\\\/\\\/natuurhuisjezweden.nl\\\/sv\\\/\",\"logo\":{\"@type\":\"ImageObject\",\"inLanguage\":\"sv-SE\",\"@id\":\"https:\\\/\\\/natuurhuisjezweden.nl\\\/sv\\\/#\\\/schema\\\/logo\\\/image\\\/\",\"url\":\"https:\\\/\\\/natuurhuisjezweden.nl\\\/wp-content\\\/uploads\\\/2023\\\/10\\\/Natuurhuisje-zweden-logo-nieuw.png\",\"contentUrl\":\"https:\\\/\\\/natuurhuisjezweden.nl\\\/wp-content\\\/uploads\\\/2023\\\/10\\\/Natuurhuisje-zweden-logo-nieuw.png\",\"width\":454,\"height\":375,\"caption\":\"Naturstuga Sverige\"},\"image\":{\"@id\":\"https:\\\/\\\/natuurhuisjezweden.nl\\\/sv\\\/#\\\/schema\\\/logo\\\/image\\\/\"},\"sameAs\":[\"https:\\\/\\\/www.facebook.com\\\/natuurhuisjezweden\\\/\",\"https:\\\/\\\/www.instagram.com\\\/natuurhuisjezweden\\\/\"]}]}<\/script>\n<!-- \/ Yoast SEO plugin. -->","yoast_head_json":{"title":"Nordvalla - Naturstuga Sverige","robots":{"index":"index","follow":"follow","max-snippet":"max-snippet:-1","max-image-preview":"max-image-preview:large","max-video-preview":"max-video-preview:-1"},"canonical":"https:\/\/natuurhuisjezweden.nl\/sv\/stanna\/nordvalla\/","og_locale":"sv_SE","og_type":"article","og_title":"Nordvalla - Naturstuga Sverige","og_description":"Hem Stanna P\u00e5 detta fantastiska l\u00e4ge, en halv\u00f6, erbjuder vi 2 rymliga B&amp;B-rum. Lev ditt svenska \u00e4ventyr! Ta chansen och bege dig till Ans\u00e4ttfj\u00e4llen i J\u00e4mtland, d\u00e4r avkopplingen och njutningen av den imponerande vildmarken b\u00f6rjar direkt. Det \u00e4r h\u00e4r du m\u00f6ter de \u00e4kta och genuina! Utforska omgivningarna","og_url":"https:\/\/natuurhuisjezweden.nl\/sv\/stanna\/nordvalla\/","og_site_name":"Naturstuga Sverige","article_publisher":"https:\/\/www.facebook.com\/natuurhuisjezweden\/","article_modified_time":"2024-07-18T09:38:03+00:00","og_image":[{"width":1920,"height":1280,"url":"https:\/\/natuurhuisjezweden.nl\/wp-content\/uploads\/2023\/09\/shutterstock_1902030148.jpg","type":"image\/jpeg"}],"twitter_card":"summary_large_image","twitter_misc":{"Ber\u00e4knad l\u00e4stid":"1 minut"},"schema":{"@context":"https:\/\/schema.org","@graph":[{"@type":"WebPage","@id":"https:\/\/natuurhuisjezweden.nl\/sv\/stanna\/nordvalla\/","url":"https:\/\/natuurhuisjezweden.nl\/sv\/stanna\/nordvalla\/","name":"Nordvalla - Naturstuga Sverige","isPartOf":{"@id":"https:\/\/natuurhuisjezweden.nl\/sv\/#website"},"primaryImageOfPage":{"@id":"https:\/\/natuurhuisjezweden.nl\/sv\/stanna\/nordvalla\/#primaryimage"},"image":{"@id":"https:\/\/natuurhuisjezweden.nl\/sv\/stanna\/nordvalla\/#primaryimage"},"thumbnailUrl":"https:\/\/natuurhuisjezweden.nl\/wp-content\/uploads\/2023\/09\/shutterstock_1902030148.jpg","datePublished":"2023-10-04T08:39:10+00:00","dateModified":"2024-07-18T09:38:03+00:00","breadcrumb":{"@id":"https:\/\/natuurhuisjezweden.nl\/sv\/stanna\/nordvalla\/#breadcrumb"},"inLanguage":"sv-SE","potentialAction":[{"@type":"ReadAction","target":["https:\/\/natuurhuisjezweden.nl\/sv\/stanna\/nordvalla\/"]}]},{"@type":"ImageObject","inLanguage":"sv-SE","@id":"https:\/\/natuurhuisjezweden.nl\/sv\/stanna\/nordvalla\/#primaryimage","url":"https:\/\/natuurhuisjezweden.nl\/wp-content\/uploads\/2023\/09\/shutterstock_1902030148.jpg","contentUrl":"https:\/\/natuurhuisjezweden.nl\/wp-content\/uploads\/2023\/09\/shutterstock_1902030148.jpg","width":1920,"height":1280,"caption":"beatiful active senior woman cross-country skiing in fresh fallen powder snow in the Allgau alps near Immenstadt, Bavaria, Germany"},{"@type":"BreadcrumbList","@id":"https:\/\/natuurhuisjezweden.nl\/sv\/stanna\/nordvalla\/#breadcrumb","itemListElement":[{"@type":"ListItem","position":1,"name":"Hem","item":"https:\/\/natuurhuisjezweden.nl\/sv\/"},{"@type":"ListItem","position":2,"name":"Stanna","item":"https:\/\/natuurhuisjezweden.nl\/sv\/verblijf\/"},{"@type":"ListItem","position":3,"name":"Nordvalla"}]},{"@type":"WebSite","@id":"https:\/\/natuurhuisjezweden.nl\/sv\/#website","url":"https:\/\/natuurhuisjezweden.nl\/sv\/","name":"Natuurhuisje Zweden","description":"Boka ditt \u00e4ventyr i Sverige","publisher":{"@id":"https:\/\/natuurhuisjezweden.nl\/sv\/#organization"},"potentialAction":[{"@type":"SearchAction","target":{"@type":"EntryPoint","urlTemplate":"https:\/\/natuurhuisjezweden.nl\/sv\/?s={search_term_string}"},"query-input":{"@type":"PropertyValueSpecification","valueRequired":true,"valueName":"search_term_string"}}],"inLanguage":"sv-SE"},{"@type":"Organization","@id":"https:\/\/natuurhuisjezweden.nl\/sv\/#organization","name":"Naturstuga Sverige","url":"https:\/\/natuurhuisjezweden.nl\/sv\/","logo":{"@type":"ImageObject","inLanguage":"sv-SE","@id":"https:\/\/natuurhuisjezweden.nl\/sv\/#\/schema\/logo\/image\/","url":"https:\/\/natuurhuisjezweden.nl\/wp-content\/uploads\/2023\/10\/Natuurhuisje-zweden-logo-nieuw.png","contentUrl":"https:\/\/natuurhuisjezweden.nl\/wp-content\/uploads\/2023\/10\/Natuurhuisje-zweden-logo-nieuw.png","width":454,"height":375,"caption":"Naturstuga Sverige"},"image":{"@id":"https:\/\/natuurhuisjezweden.nl\/sv\/#\/schema\/logo\/image\/"},"sameAs":["https:\/\/www.facebook.com\/natuurhuisjezweden\/","https:\/\/www.instagram.com\/natuurhuisjezweden\/"]}]}},"_links":{"self":[{"href":"https:\/\/natuurhuisjezweden.nl\/sv\/wp-json\/wp\/v2\/pages\/3678","targetHints":{"allow":["GET"]}}],"collection":[{"href":"https:\/\/natuurhuisjezweden.nl\/sv\/wp-json\/wp\/v2\/pages"}],"about":[{"href":"https:\/\/natuurhuisjezweden.nl\/sv\/wp-json\/wp\/v2\/types\/page"}],"author":[{"embeddable":true,"href":"https:\/\/natuurhuisjezweden.nl\/sv\/wp-json\/wp\/v2\/users\/1"}],"replies":[{"embeddable":true,"href":"https:\/\/natuurhuisjezweden.nl\/sv\/wp-json\/wp\/v2\/comments?post=3678"}],"version-history":[{"count":5,"href":"https:\/\/natuurhuisjezweden.nl\/sv\/wp-json\/wp\/v2\/pages\/3678\/revisions"}],"predecessor-version":[{"id":4145,"href":"https:\/\/natuurhuisjezweden.nl\/sv\/wp-json\/wp\/v2\/pages\/3678\/revisions\/4145"}],"up":[{"embeddable":true,"href":"https:\/\/natuurhuisjezweden.nl\/sv\/wp-json\/wp\/v2\/pages\/3809"}],"wp:featuredmedia":[{"embeddable":true,"href":"https:\/\/natuurhuisjezweden.nl\/sv\/wp-json\/wp\/v2\/media\/3093"}],"wp:attachment":[{"href":"https:\/\/natuurhuisjezweden.nl\/sv\/wp-json\/wp\/v2\/media?parent=3678"}],"curies":[{"name":"wp","href":"https:\/\/api.w.org\/{rel}","templated":true}]}}