{"id":3663,"date":"2023-10-04T10:38:52","date_gmt":"2023-10-04T08:38:52","guid":{"rendered":"https:\/\/natuurhuisjezweden.nl\/onrun\/"},"modified":"2023-11-08T14:24:21","modified_gmt":"2023-11-08T13:24:21","slug":"onrun","status":"publish","type":"page","link":"https:\/\/natuurhuisjezweden.nl\/sv\/stanna\/onrun\/","title":{"rendered":"\u00d6nrun"},"content":{"rendered":"\t\t<div data-elementor-type=\"wp-page\" data-elementor-id=\"3663\" class=\"elementor elementor-3663 elementor-1508\" data-elementor-post-type=\"page\">\n\t\t\t\t\t\t<section class=\"elementor-section elementor-top-section elementor-element elementor-element-42387e9 elementor-section-boxed elementor-section-height-default elementor-section-height-default\" data-id=\"42387e9\" data-element_type=\"section\" data-e-type=\"section\" data-settings=\"{&quot;background_background&quot;:&quot;classic&quot;,&quot;jet_parallax_layout_list&quot;:[]}\">\n\t\t\t\t\t\t\t<div class=\"elementor-background-overlay\"><\/div>\n\t\t\t\t\t\t\t<div class=\"elementor-container elementor-column-gap-default\">\n\t\t\t\t\t<div class=\"elementor-column elementor-col-100 elementor-top-column elementor-element elementor-element-1baf79a\" data-id=\"1baf79a\" data-element_type=\"column\" data-e-type=\"column\">\n\t\t\t<div class=\"elementor-widget-wrap elementor-element-populated\">\n\t\t\t\t\t\t<div class=\"elementor-element elementor-element-08ecc56 elementor-align-center elementor-icon-list--layout-inline elementor-mobile-align-start elementor-list-item-link-full_width elementor-widget elementor-widget-icon-list\" data-id=\"08ecc56\" data-element_type=\"widget\" data-e-type=\"widget\" data-widget_type=\"icon-list.default\">\n\t\t\t\t<div class=\"elementor-widget-container\">\n\t\t\t\t\t\t\t<ul class=\"elementor-icon-list-items elementor-inline-items\">\n\t\t\t\t\t\t\t<li class=\"elementor-icon-list-item elementor-inline-item\">\n\t\t\t\t\t\t\t\t\t\t\t<a href=\"https:\/\/natuurhuisjezweden.nl\/sv\/\">\n\n\t\t\t\t\t\t\t\t\t\t\t<span class=\"elementor-icon-list-text\">Hem<\/span>\n\t\t\t\t\t\t\t\t\t\t\t<\/a>\n\t\t\t\t\t\t\t\t\t<\/li>\n\t\t\t\t\t\t\t\t<li class=\"elementor-icon-list-item elementor-inline-item\">\n\t\t\t\t\t\t\t\t\t\t\t<span class=\"elementor-icon-list-icon\">\n\t\t\t\t\t\t\t<i aria-hidden=\"true\" class=\"fas fa-chevron-right\"><\/i>\t\t\t\t\t\t<\/span>\n\t\t\t\t\t\t\t\t\t\t<span class=\"elementor-icon-list-text\">Stanna<\/span>\n\t\t\t\t\t\t\t\t\t<\/li>\n\t\t\t\t\t\t\t\t<li class=\"elementor-icon-list-item elementor-inline-item\">\n\t\t\t\t\t\t\t\t\t\t\t<span class=\"elementor-icon-list-icon\">\n\t\t\t\t\t\t\t<i aria-hidden=\"true\" class=\"fas fa-chevron-right\"><\/i>\t\t\t\t\t\t<\/span>\n\t\t\t\t\t\t\t\t\t\t<span class=\"elementor-icon-list-text\"><\/span>\n\t\t\t\t\t\t\t\t\t<\/li>\n\t\t\t\t\t\t<\/ul>\n\t\t\t\t\t\t<\/div>\n\t\t\t\t<\/div>\n\t\t\t\t\t<\/div>\n\t\t<\/div>\n\t\t\t\t\t<\/div>\n\t\t<\/section>\n\t\t\t\t<section class=\"elementor-section elementor-top-section elementor-element elementor-element-9099ceb elementor-section-boxed elementor-section-height-default elementor-section-height-default\" data-id=\"9099ceb\" data-element_type=\"section\" data-e-type=\"section\" data-settings=\"{&quot;background_background&quot;:&quot;classic&quot;,&quot;jet_parallax_layout_list&quot;:[]}\">\n\t\t\t\t\t\t<div class=\"elementor-container elementor-column-gap-default\">\n\t\t\t\t\t<div class=\"elementor-column elementor-col-100 elementor-top-column elementor-element elementor-element-572d436\" data-id=\"572d436\" data-element_type=\"column\" data-e-type=\"column\">\n\t\t\t<div class=\"elementor-widget-wrap elementor-element-populated\">\n\t\t\t\t\t\t<div class=\"elementor-element elementor-element-af8f7bf elementor-widget elementor-widget-jet-carousel\" data-id=\"af8f7bf\" data-element_type=\"widget\" data-e-type=\"widget\" data-settings=\"{&quot;slides_to_show&quot;:&quot;3&quot;,&quot;slides_to_show_tablet&quot;:&quot;2&quot;,&quot;slides_to_show_mobile&quot;:&quot;1&quot;,&quot;slides_to_scroll&quot;:&quot;1&quot;}\" data-widget_type=\"jet-carousel.default\">\n\t\t\t\t<div class=\"elementor-widget-container\">\n\t\t\t\t\t<div class=\"elementor-jet-carousel jet-elements\"><div class=\"jet-carousel-wrap jet-equal-cols\">\n\t<div class=\"jet-carousel\" data-slider_options=\"{&quot;autoplaySpeed&quot;:5000,&quot;autoplay&quot;:true,&quot;infinite&quot;:true,&quot;centerMode&quot;:false,&quot;centerPadding&quot;:&quot;50px&quot;,&quot;pauseOnHover&quot;:false,&quot;speed&quot;:500,&quot;arrows&quot;:false,&quot;dots&quot;:true,&quot;variableWidth&quot;:false,&quot;prevArrow&quot;:&quot;.jet-carousel__prev-arrow-af8f7bf&quot;,&quot;nextArrow&quot;:&quot;.jet-carousel__next-arrow-af8f7bf&quot;,&quot;rtl&quot;:false,&quot;fractionNav&quot;:false}\" dir=\"ltr\">\n\t<div class=\"elementor-slick-slider\">\n\n<div class=\"jet-carousel__item\">\n\t<div class=\"jet-carousel__item-inner\"><a href=\"https:\/\/natuurhuisjezweden.nl\/sv\/stanna\/onrun\/berghuis-hogrun\/\" class=\"jet-carousel__item-link\" ><img decoding=\"async\" src=\"https:\/\/natuurhuisjezweden.nl\/wp-content\/uploads\/2023\/10\/20221110_111327.jpg\" class=\"jet-carousel__item-img\" alt=\"20221110_111327\" loading=\"lazy\"><\/a><div class=\"jet-carousel__content\"><h2 class=\"jet-carousel__item-title\">Berghuis H\u00f6grun<\/h2><div class=\"jet-carousel__item-text\"><p>Denna fastighet inkluderar ett vardagsrum, k\u00f6k, matsal, hall, badrum...<\/p><\/div><a class=\"elementor-button elementor-size-md jet-carousel__item-button\" href=\"https:\/\/natuurhuisjezweden.nl\/sv\/stanna\/onrun\/berghuis-hogrun\/\">Visa stugan<\/a><\/div><\/div>\n<\/div>\n<\/div><\/div>\n<\/div>\n<\/div>\t\t\t\t<\/div>\n\t\t\t\t<\/div>\n\t\t\t\t\t<\/div>\n\t\t<\/div>\n\t\t\t\t\t<\/div>\n\t\t<\/section>\n\t\t\t\t<section class=\"elementor-section elementor-top-section elementor-element elementor-element-b9c73db elementor-reverse-tablet elementor-reverse-mobile elementor-section-boxed elementor-section-height-default elementor-section-height-default\" data-id=\"b9c73db\" data-element_type=\"section\" data-e-type=\"section\" data-settings=\"{&quot;jet_parallax_layout_list&quot;:[]}\">\n\t\t\t\t\t\t<div class=\"elementor-container elementor-column-gap-default\">\n\t\t\t\t\t<div class=\"elementor-column elementor-col-100 elementor-top-column elementor-element elementor-element-9f4c244\" data-id=\"9f4c244\" data-element_type=\"column\" data-e-type=\"column\">\n\t\t\t<div class=\"elementor-widget-wrap elementor-element-populated\">\n\t\t\t\t\t\t<div class=\"elementor-element elementor-element-783e94d elementor-widget elementor-widget-heading\" data-id=\"783e94d\" data-element_type=\"widget\" data-e-type=\"widget\" data-widget_type=\"heading.default\">\n\t\t\t\t<div class=\"elementor-widget-container\">\n\t\t\t\t\t<h2 class=\"elementor-heading-title elementor-size-default\">Information om platsen<\/h2>\t\t\t\t<\/div>\n\t\t\t\t<\/div>\n\t\t\t\t<div class=\"elementor-element elementor-element-ca60b72 elementor-widget elementor-widget-text-editor\" data-id=\"ca60b72\" data-element_type=\"widget\" data-e-type=\"widget\" data-widget_type=\"text-editor.default\">\n\t\t\t\t<div class=\"elementor-widget-container\">\n\t\t\t\t\t\t\t\t\t<p>V\u00e5rt st\u00e4mningsfulla och mysiga tr\u00e4hus p\u00e5 berget \u00d6nrun. Fr\u00e5n toppen av berget (856 m) har du en helt fantastisk utsikt \u00f6ver de omgivande topparna och mot Norge. Enligt svenskarna sj\u00e4lva ska detta vara den bredaste utsikten i hela Sverige. P\u00e5 sommaren \u00e4r det bra vandring och p\u00e5 vintern \u00e4r detta berg en viktig del av vintersporten med sn\u00f6skoterleder och skidsp\u00e5r. P\u00e5 den h\u00e4r platsen g\u00e5r renarna bokstavligen runt ditt hus.<\/p>\n\t\t\t\t\t\t\t\t<\/div>\n\t\t\t\t<\/div>\n\t\t\t\t\t<\/div>\n\t\t<\/div>\n\t\t\t\t\t<\/div>\n\t\t<\/section>\n\t\t\t\t<section class=\"elementor-section elementor-top-section elementor-element elementor-element-6e1895e elementor-section-boxed elementor-section-height-default elementor-section-height-default\" data-id=\"6e1895e\" data-element_type=\"section\" data-e-type=\"section\" data-settings=\"{&quot;background_background&quot;:&quot;classic&quot;,&quot;jet_parallax_layout_list&quot;:[]}\">\n\t\t\t\t\t\t\t<div class=\"elementor-background-overlay\"><\/div>\n\t\t\t\t\t\t\t<div class=\"elementor-container elementor-column-gap-default\">\n\t\t\t\t\t<div class=\"elementor-column elementor-col-100 elementor-top-column elementor-element elementor-element-7cbc191\" data-id=\"7cbc191\" data-element_type=\"column\" data-e-type=\"column\">\n\t\t\t<div class=\"elementor-widget-wrap elementor-element-populated\">\n\t\t\t\t\t\t<div class=\"elementor-element elementor-element-fcc7bec elementor-widget elementor-widget-heading\" data-id=\"fcc7bec\" data-element_type=\"widget\" data-e-type=\"widget\" data-widget_type=\"heading.default\">\n\t\t\t\t<div class=\"elementor-widget-container\">\n\t\t\t\t\t<h2 class=\"elementor-heading-title elementor-size-default\">Lev ditt svenska \u00e4ventyr!<\/h2>\t\t\t\t<\/div>\n\t\t\t\t<\/div>\n\t\t\t\t<div class=\"elementor-element elementor-element-16dfb8b elementor-widget elementor-widget-text-editor\" data-id=\"16dfb8b\" data-element_type=\"widget\" data-e-type=\"widget\" data-widget_type=\"text-editor.default\">\n\t\t\t\t<div class=\"elementor-widget-container\">\n\t\t\t\t\t\t\t\t\t<p>Ta chansen och bege dig till Ans\u00e4ttfj\u00e4llen i J\u00e4mtland, d\u00e4r avkopplingen och njutningen av den imponerande vildmarken b\u00f6rjar direkt. Det \u00e4r h\u00e4r du m\u00f6ter de \u00e4kta och genuina!<\/p>\n\t\t\t\t\t\t\t\t<\/div>\n\t\t\t\t<\/div>\n\t\t\t\t<div class=\"elementor-element elementor-element-4156593 elementor-align-center elementor-widget elementor-widget-button\" data-id=\"4156593\" data-element_type=\"widget\" data-e-type=\"widget\" data-widget_type=\"button.default\">\n\t\t\t\t<div class=\"elementor-widget-container\">\n\t\t\t\t\t\t\t\t\t<div class=\"elementor-button-wrapper\">\n\t\t\t\t\t<a class=\"elementor-button elementor-button-link elementor-size-sm\" href=\"https:\/\/natuurhuisjezweden.nl\/sv\/omgivning\/\">\n\t\t\t\t\t\t<span class=\"elementor-button-content-wrapper\">\n\t\t\t\t\t\t\t\t\t<span class=\"elementor-button-text\">Utforska omgivningarna<\/span>\n\t\t\t\t\t<\/span>\n\t\t\t\t\t<\/a>\n\t\t\t\t<\/div>\n\t\t\t\t\t\t\t\t<\/div>\n\t\t\t\t<\/div>\n\t\t\t\t\t<\/div>\n\t\t<\/div>\n\t\t\t\t\t<\/div>\n\t\t<\/section>\n\t\t\t\t<\/div>\n\t\t","protected":false},"excerpt":{"rendered":"<p>Hem Stanna Berghuis H\u00f6grun Denna fastighet inkluderar ett vardagsrum, k\u00f6k, matsal, hall, badrum&#8230; Visa stugan Information om platsen V\u00e5rt st\u00e4mningsfulla och mysiga tr\u00e4hus p\u00e5 berget \u00d6nrun. Fr\u00e5n toppen av berget (856 m) har du en helt fantastisk utsikt \u00f6ver de omgivande topparna och mot Norge. Enligt svenskarna sj\u00e4lva ska detta vara den bredaste utsikten i [&hellip;]<\/p>\n","protected":false},"author":1,"featured_media":3177,"parent":3809,"menu_order":0,"comment_status":"closed","ping_status":"closed","template":"","meta":{"footnotes":""},"class_list":["post-3663","page","type-page","status-publish","has-post-thumbnail","hentry"],"yoast_head":"<!-- This site is optimized with the Yoast SEO plugin v27.6 - https:\/\/yoast.com\/product\/yoast-seo-wordpress\/ -->\n<title>\u00d6nrun - Naturstuga Sverige<\/title>\n<meta name=\"robots\" content=\"index, follow, max-snippet:-1, max-image-preview:large, max-video-preview:-1\" \/>\n<link rel=\"canonical\" href=\"https:\/\/natuurhuisjezweden.nl\/sv\/stanna\/onrun\/\" \/>\n<meta property=\"og:locale\" content=\"sv_SE\" \/>\n<meta property=\"og:type\" content=\"article\" \/>\n<meta property=\"og:title\" content=\"\u00d6nrun - Naturstuga Sverige\" \/>\n<meta property=\"og:description\" content=\"Hem Stanna Berghuis H\u00f6grun Denna fastighet inkluderar ett vardagsrum, k\u00f6k, matsal, hall, badrum&#8230; Visa stugan Information om platsen V\u00e5rt st\u00e4mningsfulla och mysiga tr\u00e4hus p\u00e5 berget \u00d6nrun. Fr\u00e5n toppen av berget (856 m) har du en helt fantastisk utsikt \u00f6ver de omgivande topparna och mot Norge. Enligt svenskarna sj\u00e4lva ska detta vara den bredaste utsikten i [&hellip;]\" \/>\n<meta property=\"og:url\" content=\"https:\/\/natuurhuisjezweden.nl\/sv\/stanna\/onrun\/\" \/>\n<meta property=\"og:site_name\" content=\"Naturstuga Sverige\" \/>\n<meta property=\"article:publisher\" content=\"https:\/\/www.facebook.com\/natuurhuisjezweden\/\" \/>\n<meta property=\"article:modified_time\" content=\"2023-11-08T13:24:21+00:00\" \/>\n<meta property=\"og:image\" content=\"https:\/\/natuurhuisjezweden.nl\/wp-content\/uploads\/2023\/09\/d21c715d-26c3-4fd5-8f56-729a01a05c8c.jpeg.webp\" \/>\n\t<meta property=\"og:image:width\" content=\"720\" \/>\n\t<meta property=\"og:image:height\" content=\"960\" \/>\n\t<meta property=\"og:image:type\" content=\"image\/webp\" \/>\n<meta name=\"twitter:card\" content=\"summary_large_image\" \/>\n<meta name=\"twitter:label1\" content=\"Ber\u00e4knad l\u00e4stid\" \/>\n\t<meta name=\"twitter:data1\" content=\"1 minut\" \/>\n<script type=\"application\/ld+json\" class=\"yoast-schema-graph\">{\"@context\":\"https:\\\/\\\/schema.org\",\"@graph\":[{\"@type\":\"WebPage\",\"@id\":\"https:\\\/\\\/natuurhuisjezweden.nl\\\/sv\\\/stanna\\\/onrun\\\/\",\"url\":\"https:\\\/\\\/natuurhuisjezweden.nl\\\/sv\\\/stanna\\\/onrun\\\/\",\"name\":\"\u00d6nrun - Naturstuga Sverige\",\"isPartOf\":{\"@id\":\"https:\\\/\\\/natuurhuisjezweden.nl\\\/sv\\\/#website\"},\"primaryImageOfPage\":{\"@id\":\"https:\\\/\\\/natuurhuisjezweden.nl\\\/sv\\\/stanna\\\/onrun\\\/#primaryimage\"},\"image\":{\"@id\":\"https:\\\/\\\/natuurhuisjezweden.nl\\\/sv\\\/stanna\\\/onrun\\\/#primaryimage\"},\"thumbnailUrl\":\"https:\\\/\\\/natuurhuisjezweden.nl\\\/wp-content\\\/uploads\\\/2023\\\/09\\\/d21c715d-26c3-4fd5-8f56-729a01a05c8c.jpeg.webp\",\"datePublished\":\"2023-10-04T08:38:52+00:00\",\"dateModified\":\"2023-11-08T13:24:21+00:00\",\"breadcrumb\":{\"@id\":\"https:\\\/\\\/natuurhuisjezweden.nl\\\/sv\\\/stanna\\\/onrun\\\/#breadcrumb\"},\"inLanguage\":\"sv-SE\",\"potentialAction\":[{\"@type\":\"ReadAction\",\"target\":[\"https:\\\/\\\/natuurhuisjezweden.nl\\\/sv\\\/stanna\\\/onrun\\\/\"]}]},{\"@type\":\"ImageObject\",\"inLanguage\":\"sv-SE\",\"@id\":\"https:\\\/\\\/natuurhuisjezweden.nl\\\/sv\\\/stanna\\\/onrun\\\/#primaryimage\",\"url\":\"https:\\\/\\\/natuurhuisjezweden.nl\\\/wp-content\\\/uploads\\\/2023\\\/09\\\/d21c715d-26c3-4fd5-8f56-729a01a05c8c.jpeg.webp\",\"contentUrl\":\"https:\\\/\\\/natuurhuisjezweden.nl\\\/wp-content\\\/uploads\\\/2023\\\/09\\\/d21c715d-26c3-4fd5-8f56-729a01a05c8c.jpeg.webp\",\"width\":720,\"height\":960},{\"@type\":\"BreadcrumbList\",\"@id\":\"https:\\\/\\\/natuurhuisjezweden.nl\\\/sv\\\/stanna\\\/onrun\\\/#breadcrumb\",\"itemListElement\":[{\"@type\":\"ListItem\",\"position\":1,\"name\":\"Hem\",\"item\":\"https:\\\/\\\/natuurhuisjezweden.nl\\\/sv\\\/\"},{\"@type\":\"ListItem\",\"position\":2,\"name\":\"Stanna\",\"item\":\"https:\\\/\\\/natuurhuisjezweden.nl\\\/sv\\\/verblijf\\\/\"},{\"@type\":\"ListItem\",\"position\":3,\"name\":\"\u00d6nrun\"}]},{\"@type\":\"WebSite\",\"@id\":\"https:\\\/\\\/natuurhuisjezweden.nl\\\/sv\\\/#website\",\"url\":\"https:\\\/\\\/natuurhuisjezweden.nl\\\/sv\\\/\",\"name\":\"Natuurhuisje Zweden\",\"description\":\"Boka ditt \u00e4ventyr i Sverige\",\"publisher\":{\"@id\":\"https:\\\/\\\/natuurhuisjezweden.nl\\\/sv\\\/#organization\"},\"potentialAction\":[{\"@type\":\"SearchAction\",\"target\":{\"@type\":\"EntryPoint\",\"urlTemplate\":\"https:\\\/\\\/natuurhuisjezweden.nl\\\/sv\\\/?s={search_term_string}\"},\"query-input\":{\"@type\":\"PropertyValueSpecification\",\"valueRequired\":true,\"valueName\":\"search_term_string\"}}],\"inLanguage\":\"sv-SE\"},{\"@type\":\"Organization\",\"@id\":\"https:\\\/\\\/natuurhuisjezweden.nl\\\/sv\\\/#organization\",\"name\":\"Naturstuga Sverige\",\"url\":\"https:\\\/\\\/natuurhuisjezweden.nl\\\/sv\\\/\",\"logo\":{\"@type\":\"ImageObject\",\"inLanguage\":\"sv-SE\",\"@id\":\"https:\\\/\\\/natuurhuisjezweden.nl\\\/sv\\\/#\\\/schema\\\/logo\\\/image\\\/\",\"url\":\"https:\\\/\\\/natuurhuisjezweden.nl\\\/wp-content\\\/uploads\\\/2023\\\/10\\\/Natuurhuisje-zweden-logo-nieuw.png\",\"contentUrl\":\"https:\\\/\\\/natuurhuisjezweden.nl\\\/wp-content\\\/uploads\\\/2023\\\/10\\\/Natuurhuisje-zweden-logo-nieuw.png\",\"width\":454,\"height\":375,\"caption\":\"Naturstuga Sverige\"},\"image\":{\"@id\":\"https:\\\/\\\/natuurhuisjezweden.nl\\\/sv\\\/#\\\/schema\\\/logo\\\/image\\\/\"},\"sameAs\":[\"https:\\\/\\\/www.facebook.com\\\/natuurhuisjezweden\\\/\",\"https:\\\/\\\/www.instagram.com\\\/natuurhuisjezweden\\\/\"]}]}<\/script>\n<!-- \/ Yoast SEO plugin. -->","yoast_head_json":{"title":"\u00d6nrun - Naturstuga Sverige","robots":{"index":"index","follow":"follow","max-snippet":"max-snippet:-1","max-image-preview":"max-image-preview:large","max-video-preview":"max-video-preview:-1"},"canonical":"https:\/\/natuurhuisjezweden.nl\/sv\/stanna\/onrun\/","og_locale":"sv_SE","og_type":"article","og_title":"\u00d6nrun - Naturstuga Sverige","og_description":"Hem Stanna Berghuis H\u00f6grun Denna fastighet inkluderar ett vardagsrum, k\u00f6k, matsal, hall, badrum&#8230; Visa stugan Information om platsen V\u00e5rt st\u00e4mningsfulla och mysiga tr\u00e4hus p\u00e5 berget \u00d6nrun. Fr\u00e5n toppen av berget (856 m) har du en helt fantastisk utsikt \u00f6ver de omgivande topparna och mot Norge. Enligt svenskarna sj\u00e4lva ska detta vara den bredaste utsikten i [&hellip;]","og_url":"https:\/\/natuurhuisjezweden.nl\/sv\/stanna\/onrun\/","og_site_name":"Naturstuga Sverige","article_publisher":"https:\/\/www.facebook.com\/natuurhuisjezweden\/","article_modified_time":"2023-11-08T13:24:21+00:00","og_image":[{"width":720,"height":960,"url":"https:\/\/natuurhuisjezweden.nl\/wp-content\/uploads\/2023\/09\/d21c715d-26c3-4fd5-8f56-729a01a05c8c.jpeg.webp","type":"image\/webp"}],"twitter_card":"summary_large_image","twitter_misc":{"Ber\u00e4knad l\u00e4stid":"1 minut"},"schema":{"@context":"https:\/\/schema.org","@graph":[{"@type":"WebPage","@id":"https:\/\/natuurhuisjezweden.nl\/sv\/stanna\/onrun\/","url":"https:\/\/natuurhuisjezweden.nl\/sv\/stanna\/onrun\/","name":"\u00d6nrun - Naturstuga Sverige","isPartOf":{"@id":"https:\/\/natuurhuisjezweden.nl\/sv\/#website"},"primaryImageOfPage":{"@id":"https:\/\/natuurhuisjezweden.nl\/sv\/stanna\/onrun\/#primaryimage"},"image":{"@id":"https:\/\/natuurhuisjezweden.nl\/sv\/stanna\/onrun\/#primaryimage"},"thumbnailUrl":"https:\/\/natuurhuisjezweden.nl\/wp-content\/uploads\/2023\/09\/d21c715d-26c3-4fd5-8f56-729a01a05c8c.jpeg.webp","datePublished":"2023-10-04T08:38:52+00:00","dateModified":"2023-11-08T13:24:21+00:00","breadcrumb":{"@id":"https:\/\/natuurhuisjezweden.nl\/sv\/stanna\/onrun\/#breadcrumb"},"inLanguage":"sv-SE","potentialAction":[{"@type":"ReadAction","target":["https:\/\/natuurhuisjezweden.nl\/sv\/stanna\/onrun\/"]}]},{"@type":"ImageObject","inLanguage":"sv-SE","@id":"https:\/\/natuurhuisjezweden.nl\/sv\/stanna\/onrun\/#primaryimage","url":"https:\/\/natuurhuisjezweden.nl\/wp-content\/uploads\/2023\/09\/d21c715d-26c3-4fd5-8f56-729a01a05c8c.jpeg.webp","contentUrl":"https:\/\/natuurhuisjezweden.nl\/wp-content\/uploads\/2023\/09\/d21c715d-26c3-4fd5-8f56-729a01a05c8c.jpeg.webp","width":720,"height":960},{"@type":"BreadcrumbList","@id":"https:\/\/natuurhuisjezweden.nl\/sv\/stanna\/onrun\/#breadcrumb","itemListElement":[{"@type":"ListItem","position":1,"name":"Hem","item":"https:\/\/natuurhuisjezweden.nl\/sv\/"},{"@type":"ListItem","position":2,"name":"Stanna","item":"https:\/\/natuurhuisjezweden.nl\/sv\/verblijf\/"},{"@type":"ListItem","position":3,"name":"\u00d6nrun"}]},{"@type":"WebSite","@id":"https:\/\/natuurhuisjezweden.nl\/sv\/#website","url":"https:\/\/natuurhuisjezweden.nl\/sv\/","name":"Natuurhuisje Zweden","description":"Boka ditt \u00e4ventyr i Sverige","publisher":{"@id":"https:\/\/natuurhuisjezweden.nl\/sv\/#organization"},"potentialAction":[{"@type":"SearchAction","target":{"@type":"EntryPoint","urlTemplate":"https:\/\/natuurhuisjezweden.nl\/sv\/?s={search_term_string}"},"query-input":{"@type":"PropertyValueSpecification","valueRequired":true,"valueName":"search_term_string"}}],"inLanguage":"sv-SE"},{"@type":"Organization","@id":"https:\/\/natuurhuisjezweden.nl\/sv\/#organization","name":"Naturstuga Sverige","url":"https:\/\/natuurhuisjezweden.nl\/sv\/","logo":{"@type":"ImageObject","inLanguage":"sv-SE","@id":"https:\/\/natuurhuisjezweden.nl\/sv\/#\/schema\/logo\/image\/","url":"https:\/\/natuurhuisjezweden.nl\/wp-content\/uploads\/2023\/10\/Natuurhuisje-zweden-logo-nieuw.png","contentUrl":"https:\/\/natuurhuisjezweden.nl\/wp-content\/uploads\/2023\/10\/Natuurhuisje-zweden-logo-nieuw.png","width":454,"height":375,"caption":"Naturstuga Sverige"},"image":{"@id":"https:\/\/natuurhuisjezweden.nl\/sv\/#\/schema\/logo\/image\/"},"sameAs":["https:\/\/www.facebook.com\/natuurhuisjezweden\/","https:\/\/www.instagram.com\/natuurhuisjezweden\/"]}]}},"_links":{"self":[{"href":"https:\/\/natuurhuisjezweden.nl\/sv\/wp-json\/wp\/v2\/pages\/3663","targetHints":{"allow":["GET"]}}],"collection":[{"href":"https:\/\/natuurhuisjezweden.nl\/sv\/wp-json\/wp\/v2\/pages"}],"about":[{"href":"https:\/\/natuurhuisjezweden.nl\/sv\/wp-json\/wp\/v2\/types\/page"}],"author":[{"embeddable":true,"href":"https:\/\/natuurhuisjezweden.nl\/sv\/wp-json\/wp\/v2\/users\/1"}],"replies":[{"embeddable":true,"href":"https:\/\/natuurhuisjezweden.nl\/sv\/wp-json\/wp\/v2\/comments?post=3663"}],"version-history":[{"count":5,"href":"https:\/\/natuurhuisjezweden.nl\/sv\/wp-json\/wp\/v2\/pages\/3663\/revisions"}],"predecessor-version":[{"id":3934,"href":"https:\/\/natuurhuisjezweden.nl\/sv\/wp-json\/wp\/v2\/pages\/3663\/revisions\/3934"}],"up":[{"embeddable":true,"href":"https:\/\/natuurhuisjezweden.nl\/sv\/wp-json\/wp\/v2\/pages\/3809"}],"wp:featuredmedia":[{"embeddable":true,"href":"https:\/\/natuurhuisjezweden.nl\/sv\/wp-json\/wp\/v2\/media\/3177"}],"wp:attachment":[{"href":"https:\/\/natuurhuisjezweden.nl\/sv\/wp-json\/wp\/v2\/media?parent=3663"}],"curies":[{"name":"wp","href":"https:\/\/api.w.org\/{rel}","templated":true}]}}