{"id":3789,"date":"2018-02-06T14:17:12","date_gmt":"2018-02-06T13:17:12","guid":{"rendered":"https:\/\/natuurhuisjezweden.nl\/stay\/"},"modified":"2024-07-18T11:36:56","modified_gmt":"2024-07-18T09:36:56","slug":"stay","status":"publish","type":"page","link":"https:\/\/natuurhuisjezweden.nl\/en\/stay\/","title":{"rendered":"Stay"},"content":{"rendered":"\t\t<div data-elementor-type=\"wp-page\" data-elementor-id=\"3789\" class=\"elementor elementor-3789 elementor-106\" data-elementor-post-type=\"page\">\n\t\t\t\t\t\t<section class=\"elementor-section elementor-top-section elementor-element elementor-element-2c74646 elementor-section-boxed elementor-section-height-default elementor-section-height-default\" data-id=\"2c74646\" data-element_type=\"section\" data-e-type=\"section\" data-settings=\"{&quot;background_background&quot;:&quot;classic&quot;,&quot;jet_parallax_layout_list&quot;:[]}\">\n\t\t\t\t\t\t\t<div class=\"elementor-background-overlay\"><\/div>\n\t\t\t\t\t\t\t<div class=\"elementor-container elementor-column-gap-default\">\n\t\t\t\t\t<div class=\"elementor-column elementor-col-100 elementor-top-column elementor-element elementor-element-fd6f9ea\" data-id=\"fd6f9ea\" data-element_type=\"column\" data-e-type=\"column\">\n\t\t\t<div class=\"elementor-widget-wrap elementor-element-populated\">\n\t\t\t\t\t\t<div class=\"elementor-element elementor-element-e018170 elementor-align-center elementor-icon-list--layout-inline elementor-mobile-align-start elementor-list-item-link-full_width elementor-widget elementor-widget-icon-list\" data-id=\"e018170\" data-element_type=\"widget\" data-e-type=\"widget\" data-widget_type=\"icon-list.default\">\n\t\t\t\t<div class=\"elementor-widget-container\">\n\t\t\t\t\t\t\t<ul class=\"elementor-icon-list-items elementor-inline-items\">\n\t\t\t\t\t\t\t<li class=\"elementor-icon-list-item elementor-inline-item\">\n\t\t\t\t\t\t\t\t\t\t\t<a href=\"https:\/\/natuurhuisjezweden.nl\/en\/\">\n\n\t\t\t\t\t\t\t\t\t\t\t<span class=\"elementor-icon-list-text\">Home<\/span>\n\t\t\t\t\t\t\t\t\t\t\t<\/a>\n\t\t\t\t\t\t\t\t\t<\/li>\n\t\t\t\t\t\t\t\t<li class=\"elementor-icon-list-item elementor-inline-item\">\n\t\t\t\t\t\t\t\t\t\t\t<span class=\"elementor-icon-list-icon\">\n\t\t\t\t\t\t\t<i aria-hidden=\"true\" class=\"fas fa-chevron-right\"><\/i>\t\t\t\t\t\t<\/span>\n\t\t\t\t\t\t\t\t\t\t<span class=\"elementor-icon-list-text\"><\/span>\n\t\t\t\t\t\t\t\t\t<\/li>\n\t\t\t\t\t\t<\/ul>\n\t\t\t\t\t\t<\/div>\n\t\t\t\t<\/div>\n\t\t\t\t\t<\/div>\n\t\t<\/div>\n\t\t\t\t\t<\/div>\n\t\t<\/section>\n\t\t\t\t<section class=\"elementor-section elementor-top-section elementor-element elementor-element-4a39d6e elementor-section-boxed elementor-section-height-default elementor-section-height-default\" data-id=\"4a39d6e\" data-element_type=\"section\" data-e-type=\"section\" data-settings=\"{&quot;background_background&quot;:&quot;classic&quot;,&quot;jet_parallax_layout_list&quot;:[]}\">\n\t\t\t\t\t\t<div class=\"elementor-container elementor-column-gap-default\">\n\t\t\t\t\t<div class=\"elementor-column elementor-col-100 elementor-top-column elementor-element elementor-element-d41c517\" data-id=\"d41c517\" data-element_type=\"column\" data-e-type=\"column\">\n\t\t\t<div class=\"elementor-widget-wrap elementor-element-populated\">\n\t\t\t\t\t\t<div class=\"elementor-element elementor-element-89bd144 elementor-widget elementor-widget-jet-carousel\" data-id=\"89bd144\" data-element_type=\"widget\" data-e-type=\"widget\" data-settings=\"{&quot;slides_to_show&quot;:&quot;3&quot;,&quot;slides_to_show_tablet&quot;:&quot;2&quot;,&quot;slides_to_show_mobile&quot;:&quot;1&quot;,&quot;slides_to_scroll&quot;:&quot;1&quot;}\" data-widget_type=\"jet-carousel.default\">\n\t\t\t\t<div class=\"elementor-widget-container\">\n\t\t\t\t\t<div class=\"elementor-jet-carousel jet-elements\"><div class=\"jet-carousel-wrap jet-equal-cols\">\n\t<div class=\"jet-carousel\" data-slider_options=\"{&quot;autoplaySpeed&quot;:5000,&quot;autoplay&quot;:true,&quot;infinite&quot;:true,&quot;centerMode&quot;:false,&quot;centerPadding&quot;:&quot;50px&quot;,&quot;pauseOnHover&quot;:false,&quot;speed&quot;:500,&quot;arrows&quot;:false,&quot;dots&quot;:true,&quot;variableWidth&quot;:false,&quot;prevArrow&quot;:&quot;.jet-carousel__prev-arrow-89bd144&quot;,&quot;nextArrow&quot;:&quot;.jet-carousel__next-arrow-89bd144&quot;,&quot;rtl&quot;:false,&quot;fractionNav&quot;:false}\" dir=\"ltr\">\n\t<div class=\"elementor-slick-slider\">\n\n<div class=\"jet-carousel__item\">\n\t<div class=\"jet-carousel__item-inner\"><a href=\"https:\/\/natuurhuisjezweden.nl\/en\/stay\/onrun\/\" class=\"jet-carousel__item-link\" ><img decoding=\"async\" src=\"https:\/\/natuurhuisjezweden.nl\/wp-content\/uploads\/2023\/10\/20221110_111327.jpg\" class=\"jet-carousel__item-img\" alt=\"20221110_111327\" loading=\"lazy\"><\/a><div class=\"jet-carousel__content\"><h2 class=\"jet-carousel__item-title\">\u00d6nrun<\/h2><div class=\"jet-carousel__item-text\"><p>Our attractive and cozy wooden house on Mount \u00d6nrun. From the top of the mountain (856m) you have a truly magnificent view to the surrounding peaks and towards Norway.<\/p><\/div><a class=\"elementor-button elementor-size-md jet-carousel__item-button\" href=\"https:\/\/natuurhuisjezweden.nl\/en\/stay\/onrun\/\">Learn more<\/a><\/div><\/div>\n<\/div>\n\n<div class=\"jet-carousel__item\">\n\t<div class=\"jet-carousel__item-inner\"><a href=\"https:\/\/natuurhuisjezweden.nl\/en\/stay\/nordvalla\/\" class=\"jet-carousel__item-link\" ><img decoding=\"async\" src=\"https:\/\/natuurhuisjezweden.nl\/wp-content\/uploads\/2023\/10\/20230615_163050.jpg\" class=\"jet-carousel__item-img\" alt=\"20230615_163050\" loading=\"lazy\"><\/a><div class=\"jet-carousel__content\"><h2 class=\"jet-carousel__item-title\">Nordvalla<\/h2><div class=\"jet-carousel__item-text\"><p style=\"font-weight: 400;\">At this accommodation we offer 2 spacious B&amp;B rooms. This fantastic location is located on a peninsula.<\/p><\/div><a class=\"elementor-button elementor-size-md jet-carousel__item-button\" href=\"https:\/\/natuurhuisjezweden.nl\/en\/stay\/nordvalla\/\">Learn more<\/a><\/div><\/div>\n<\/div>\n\n<div class=\"jet-carousel__item\">\n\t<div class=\"jet-carousel__item-inner\"><a href=\"https:\/\/natuurhuisjezweden.nl\/en\/stay\/stugby-marieke\/\" class=\"jet-carousel__item-link\" ><img decoding=\"async\" src=\"https:\/\/natuurhuisjezweden.nl\/wp-content\/uploads\/2023\/09\/bd66fa1b-c579-456f-9bfd-85ff8d691c12.jpeg\" class=\"jet-carousel__item-img\" alt=\"bd66fa1b-c579-456f-9bfd-85ff8d691c12\" loading=\"lazy\"><\/a><div class=\"jet-carousel__content\"><h2 class=\"jet-carousel__item-title\">Dreamcamp<\/h2><div class=\"jet-carousel__item-text\"><p>The little park is located in Sk\u00e4rv\u00e5ngen. A village at the foot of the mountains and surrounded by large lakes with plenty of fishing opportunities. In winter by snowmobile leave from location, trails run along the property.<\/p><\/div><a class=\"elementor-button elementor-size-md jet-carousel__item-button\" href=\"https:\/\/natuurhuisjezweden.nl\/en\/stay\/stugby-marieke\/\">Learn more<\/a><\/div><\/div>\n<\/div>\n<\/div><\/div>\n<\/div>\n<\/div>\t\t\t\t<\/div>\n\t\t\t\t<\/div>\n\t\t\t\t\t<\/div>\n\t\t<\/div>\n\t\t\t\t\t<\/div>\n\t\t<\/section>\n\t\t\t\t<section class=\"elementor-section elementor-top-section elementor-element elementor-element-4efee8e elementor-section-boxed elementor-section-height-default elementor-section-height-default\" data-id=\"4efee8e\" data-element_type=\"section\" data-e-type=\"section\" data-settings=\"{&quot;background_background&quot;:&quot;classic&quot;,&quot;jet_parallax_layout_list&quot;:[]}\">\n\t\t\t\t\t\t\t<div class=\"elementor-background-overlay\"><\/div>\n\t\t\t\t\t\t\t<div class=\"elementor-container elementor-column-gap-default\">\n\t\t\t\t\t<div class=\"elementor-column elementor-col-100 elementor-top-column elementor-element elementor-element-173a2d5\" data-id=\"173a2d5\" data-element_type=\"column\" data-e-type=\"column\">\n\t\t\t<div class=\"elementor-widget-wrap elementor-element-populated\">\n\t\t\t\t\t\t<div class=\"elementor-element elementor-element-ff9dfb9 elementor-widget elementor-widget-heading\" data-id=\"ff9dfb9\" data-element_type=\"widget\" data-e-type=\"widget\" data-widget_type=\"heading.default\">\n\t\t\t\t<div class=\"elementor-widget-container\">\n\t\t\t\t\t<h2 class=\"elementor-heading-title elementor-size-default\">Live your Sweden adventure!<\/h2>\t\t\t\t<\/div>\n\t\t\t\t<\/div>\n\t\t\t\t<div class=\"elementor-element elementor-element-96e528e elementor-widget elementor-widget-text-editor\" data-id=\"96e528e\" data-element_type=\"widget\" data-e-type=\"widget\" data-widget_type=\"text-editor.default\">\n\t\t\t\t<div class=\"elementor-widget-container\">\n\t\t\t\t\t\t\t\t\t<p>Grab your chance and head to the Ans\u00e4ttfj\u00e4llen in J\u00e4mtland, where the relaxation and enjoyment of the impressive wilderness begins immediately. Here you meet the real and sincere!<\/p>\n\t\t\t\t\t\t\t\t<\/div>\n\t\t\t\t<\/div>\n\t\t\t\t<div class=\"elementor-element elementor-element-de55a5f elementor-align-center elementor-widget elementor-widget-button\" data-id=\"de55a5f\" data-element_type=\"widget\" data-e-type=\"widget\" data-widget_type=\"button.default\">\n\t\t\t\t<div class=\"elementor-widget-container\">\n\t\t\t\t\t\t\t\t\t<div class=\"elementor-button-wrapper\">\n\t\t\t\t\t<a class=\"elementor-button elementor-button-link elementor-size-sm\" href=\"https:\/\/natuurhuisjezweden.nl\/en\/surroundings\/\">\n\t\t\t\t\t\t<span class=\"elementor-button-content-wrapper\">\n\t\t\t\t\t\t\t\t\t<span class=\"elementor-button-text\">Explore the area<\/span>\n\t\t\t\t\t<\/span>\n\t\t\t\t\t<\/a>\n\t\t\t\t<\/div>\n\t\t\t\t\t\t\t\t<\/div>\n\t\t\t\t<\/div>\n\t\t\t\t\t<\/div>\n\t\t<\/div>\n\t\t\t\t\t<\/div>\n\t\t<\/section>\n\t\t\t\t<\/div>\n\t\t","protected":false},"excerpt":{"rendered":"<p>Home \u00d6nrun Our attractive and cozy wooden house on Mount \u00d6nrun. From the top of the mountain (856m) you have a truly magnificent view to the surrounding peaks and towards Norway. Learn more Nordvalla At this accommodation we offer 2 spacious B&amp;B rooms. This fantastic location is located on a peninsula. Learn more Dreamcamp The [&hellip;]<\/p>\n","protected":false},"author":1,"featured_media":0,"parent":0,"menu_order":0,"comment_status":"closed","ping_status":"closed","template":"","meta":{"footnotes":""},"class_list":["post-3789","page","type-page","status-publish","hentry"],"yoast_head":"<!-- This site is optimized with the Yoast SEO plugin v27.6 - https:\/\/yoast.com\/product\/yoast-seo-wordpress\/ -->\n<title>Stay - Nature cottage Sweden%<\/title>\n<meta name=\"robots\" content=\"index, follow, max-snippet:-1, max-image-preview:large, max-video-preview:-1\" \/>\n<link rel=\"canonical\" href=\"https:\/\/natuurhuisjezweden.nl\/en\/stay\/\" \/>\n<meta property=\"og:locale\" content=\"en_US\" \/>\n<meta property=\"og:type\" content=\"article\" \/>\n<meta property=\"og:title\" content=\"Stay - Nature cottage Sweden%\" \/>\n<meta property=\"og:description\" content=\"Home \u00d6nrun Our attractive and cozy wooden house on Mount \u00d6nrun. From the top of the mountain (856m) you have a truly magnificent view to the surrounding peaks and towards Norway. Learn more Nordvalla At this accommodation we offer 2 spacious B&amp;B rooms. This fantastic location is located on a peninsula. Learn more Dreamcamp The [&hellip;]\" \/>\n<meta property=\"og:url\" content=\"https:\/\/natuurhuisjezweden.nl\/en\/stay\/\" \/>\n<meta property=\"og:site_name\" content=\"Nature cottage Sweden\" \/>\n<meta property=\"article:publisher\" content=\"https:\/\/www.facebook.com\/natuurhuisjezweden\/\" \/>\n<meta property=\"article:modified_time\" content=\"2024-07-18T09:36:56+00:00\" \/>\n<meta property=\"og:image\" content=\"https:\/\/natuurhuisjezweden.nl\/wp-content\/uploads\/2023\/10\/20221110_111327.jpg\" \/>\n<meta name=\"twitter:card\" content=\"summary_large_image\" \/>\n<meta name=\"twitter:label1\" content=\"Est. reading time\" \/>\n\t<meta name=\"twitter:data1\" content=\"2 minutes\" \/>\n<script type=\"application\/ld+json\" class=\"yoast-schema-graph\">{\"@context\":\"https:\\\/\\\/schema.org\",\"@graph\":[{\"@type\":\"WebPage\",\"@id\":\"https:\\\/\\\/natuurhuisjezweden.nl\\\/en\\\/stay\\\/\",\"url\":\"https:\\\/\\\/natuurhuisjezweden.nl\\\/en\\\/stay\\\/\",\"name\":\"Stay - Nature cottage Sweden%\",\"isPartOf\":{\"@id\":\"https:\\\/\\\/natuurhuisjezweden.nl\\\/en\\\/#website\"},\"primaryImageOfPage\":{\"@id\":\"https:\\\/\\\/natuurhuisjezweden.nl\\\/en\\\/stay\\\/#primaryimage\"},\"image\":{\"@id\":\"https:\\\/\\\/natuurhuisjezweden.nl\\\/en\\\/stay\\\/#primaryimage\"},\"thumbnailUrl\":\"https:\\\/\\\/natuurhuisjezweden.nl\\\/wp-content\\\/uploads\\\/2023\\\/10\\\/20221110_111327.jpg\",\"datePublished\":\"2018-02-06T13:17:12+00:00\",\"dateModified\":\"2024-07-18T09:36:56+00:00\",\"breadcrumb\":{\"@id\":\"https:\\\/\\\/natuurhuisjezweden.nl\\\/en\\\/stay\\\/#breadcrumb\"},\"inLanguage\":\"en-US\",\"potentialAction\":[{\"@type\":\"ReadAction\",\"target\":[\"https:\\\/\\\/natuurhuisjezweden.nl\\\/en\\\/stay\\\/\"]}]},{\"@type\":\"ImageObject\",\"inLanguage\":\"en-US\",\"@id\":\"https:\\\/\\\/natuurhuisjezweden.nl\\\/en\\\/stay\\\/#primaryimage\",\"url\":\"https:\\\/\\\/natuurhuisjezweden.nl\\\/wp-content\\\/uploads\\\/2023\\\/10\\\/20221110_111327.jpg\",\"contentUrl\":\"https:\\\/\\\/natuurhuisjezweden.nl\\\/wp-content\\\/uploads\\\/2023\\\/10\\\/20221110_111327.jpg\"},{\"@type\":\"BreadcrumbList\",\"@id\":\"https:\\\/\\\/natuurhuisjezweden.nl\\\/en\\\/stay\\\/#breadcrumb\",\"itemListElement\":[{\"@type\":\"ListItem\",\"position\":1,\"name\":\"Home\",\"item\":\"https:\\\/\\\/natuurhuisjezweden.nl\\\/en\\\/\"},{\"@type\":\"ListItem\",\"position\":2,\"name\":\"Stay\"}]},{\"@type\":\"WebSite\",\"@id\":\"https:\\\/\\\/natuurhuisjezweden.nl\\\/en\\\/#website\",\"url\":\"https:\\\/\\\/natuurhuisjezweden.nl\\\/en\\\/\",\"name\":\"Natuurhuisje Zweden\",\"description\":\"Book your Sweden adventure\",\"publisher\":{\"@id\":\"https:\\\/\\\/natuurhuisjezweden.nl\\\/en\\\/#organization\"},\"potentialAction\":[{\"@type\":\"SearchAction\",\"target\":{\"@type\":\"EntryPoint\",\"urlTemplate\":\"https:\\\/\\\/natuurhuisjezweden.nl\\\/en\\\/?s={search_term_string}\"},\"query-input\":{\"@type\":\"PropertyValueSpecification\",\"valueRequired\":true,\"valueName\":\"search_term_string\"}}],\"inLanguage\":\"en-US\"},{\"@type\":\"Organization\",\"@id\":\"https:\\\/\\\/natuurhuisjezweden.nl\\\/en\\\/#organization\",\"name\":\"Nature cottage Sweden\",\"url\":\"https:\\\/\\\/natuurhuisjezweden.nl\\\/en\\\/\",\"logo\":{\"@type\":\"ImageObject\",\"inLanguage\":\"en-US\",\"@id\":\"https:\\\/\\\/natuurhuisjezweden.nl\\\/en\\\/#\\\/schema\\\/logo\\\/image\\\/\",\"url\":\"https:\\\/\\\/natuurhuisjezweden.nl\\\/wp-content\\\/uploads\\\/2023\\\/10\\\/Natuurhuisje-zweden-logo-nieuw.png\",\"contentUrl\":\"https:\\\/\\\/natuurhuisjezweden.nl\\\/wp-content\\\/uploads\\\/2023\\\/10\\\/Natuurhuisje-zweden-logo-nieuw.png\",\"width\":454,\"height\":375,\"caption\":\"Nature cottage Sweden\"},\"image\":{\"@id\":\"https:\\\/\\\/natuurhuisjezweden.nl\\\/en\\\/#\\\/schema\\\/logo\\\/image\\\/\"},\"sameAs\":[\"https:\\\/\\\/www.facebook.com\\\/natuurhuisjezweden\\\/\",\"https:\\\/\\\/www.instagram.com\\\/natuurhuisjezweden\\\/\"]}]}<\/script>\n<!-- \/ Yoast SEO plugin. -->","yoast_head_json":{"title":"Stay - Nature cottage Sweden%","robots":{"index":"index","follow":"follow","max-snippet":"max-snippet:-1","max-image-preview":"max-image-preview:large","max-video-preview":"max-video-preview:-1"},"canonical":"https:\/\/natuurhuisjezweden.nl\/en\/stay\/","og_locale":"en_US","og_type":"article","og_title":"Stay - Nature cottage Sweden%","og_description":"Home \u00d6nrun Our attractive and cozy wooden house on Mount \u00d6nrun. From the top of the mountain (856m) you have a truly magnificent view to the surrounding peaks and towards Norway. Learn more Nordvalla At this accommodation we offer 2 spacious B&amp;B rooms. This fantastic location is located on a peninsula. Learn more Dreamcamp The [&hellip;]","og_url":"https:\/\/natuurhuisjezweden.nl\/en\/stay\/","og_site_name":"Nature cottage Sweden","article_publisher":"https:\/\/www.facebook.com\/natuurhuisjezweden\/","article_modified_time":"2024-07-18T09:36:56+00:00","og_image":[{"url":"https:\/\/natuurhuisjezweden.nl\/wp-content\/uploads\/2023\/10\/20221110_111327.jpg","type":"","width":"","height":""}],"twitter_card":"summary_large_image","twitter_misc":{"Est. reading time":"2 minutes"},"schema":{"@context":"https:\/\/schema.org","@graph":[{"@type":"WebPage","@id":"https:\/\/natuurhuisjezweden.nl\/en\/stay\/","url":"https:\/\/natuurhuisjezweden.nl\/en\/stay\/","name":"Stay - Nature cottage Sweden%","isPartOf":{"@id":"https:\/\/natuurhuisjezweden.nl\/en\/#website"},"primaryImageOfPage":{"@id":"https:\/\/natuurhuisjezweden.nl\/en\/stay\/#primaryimage"},"image":{"@id":"https:\/\/natuurhuisjezweden.nl\/en\/stay\/#primaryimage"},"thumbnailUrl":"https:\/\/natuurhuisjezweden.nl\/wp-content\/uploads\/2023\/10\/20221110_111327.jpg","datePublished":"2018-02-06T13:17:12+00:00","dateModified":"2024-07-18T09:36:56+00:00","breadcrumb":{"@id":"https:\/\/natuurhuisjezweden.nl\/en\/stay\/#breadcrumb"},"inLanguage":"en-US","potentialAction":[{"@type":"ReadAction","target":["https:\/\/natuurhuisjezweden.nl\/en\/stay\/"]}]},{"@type":"ImageObject","inLanguage":"en-US","@id":"https:\/\/natuurhuisjezweden.nl\/en\/stay\/#primaryimage","url":"https:\/\/natuurhuisjezweden.nl\/wp-content\/uploads\/2023\/10\/20221110_111327.jpg","contentUrl":"https:\/\/natuurhuisjezweden.nl\/wp-content\/uploads\/2023\/10\/20221110_111327.jpg"},{"@type":"BreadcrumbList","@id":"https:\/\/natuurhuisjezweden.nl\/en\/stay\/#breadcrumb","itemListElement":[{"@type":"ListItem","position":1,"name":"Home","item":"https:\/\/natuurhuisjezweden.nl\/en\/"},{"@type":"ListItem","position":2,"name":"Stay"}]},{"@type":"WebSite","@id":"https:\/\/natuurhuisjezweden.nl\/en\/#website","url":"https:\/\/natuurhuisjezweden.nl\/en\/","name":"Natuurhuisje Zweden","description":"Book your Sweden adventure","publisher":{"@id":"https:\/\/natuurhuisjezweden.nl\/en\/#organization"},"potentialAction":[{"@type":"SearchAction","target":{"@type":"EntryPoint","urlTemplate":"https:\/\/natuurhuisjezweden.nl\/en\/?s={search_term_string}"},"query-input":{"@type":"PropertyValueSpecification","valueRequired":true,"valueName":"search_term_string"}}],"inLanguage":"en-US"},{"@type":"Organization","@id":"https:\/\/natuurhuisjezweden.nl\/en\/#organization","name":"Nature cottage Sweden","url":"https:\/\/natuurhuisjezweden.nl\/en\/","logo":{"@type":"ImageObject","inLanguage":"en-US","@id":"https:\/\/natuurhuisjezweden.nl\/en\/#\/schema\/logo\/image\/","url":"https:\/\/natuurhuisjezweden.nl\/wp-content\/uploads\/2023\/10\/Natuurhuisje-zweden-logo-nieuw.png","contentUrl":"https:\/\/natuurhuisjezweden.nl\/wp-content\/uploads\/2023\/10\/Natuurhuisje-zweden-logo-nieuw.png","width":454,"height":375,"caption":"Nature cottage Sweden"},"image":{"@id":"https:\/\/natuurhuisjezweden.nl\/en\/#\/schema\/logo\/image\/"},"sameAs":["https:\/\/www.facebook.com\/natuurhuisjezweden\/","https:\/\/www.instagram.com\/natuurhuisjezweden\/"]}]}},"_links":{"self":[{"href":"https:\/\/natuurhuisjezweden.nl\/en\/wp-json\/wp\/v2\/pages\/3789","targetHints":{"allow":["GET"]}}],"collection":[{"href":"https:\/\/natuurhuisjezweden.nl\/en\/wp-json\/wp\/v2\/pages"}],"about":[{"href":"https:\/\/natuurhuisjezweden.nl\/en\/wp-json\/wp\/v2\/types\/page"}],"author":[{"embeddable":true,"href":"https:\/\/natuurhuisjezweden.nl\/en\/wp-json\/wp\/v2\/users\/1"}],"replies":[{"embeddable":true,"href":"https:\/\/natuurhuisjezweden.nl\/en\/wp-json\/wp\/v2\/comments?post=3789"}],"version-history":[{"count":5,"href":"https:\/\/natuurhuisjezweden.nl\/en\/wp-json\/wp\/v2\/pages\/3789\/revisions"}],"predecessor-version":[{"id":4133,"href":"https:\/\/natuurhuisjezweden.nl\/en\/wp-json\/wp\/v2\/pages\/3789\/revisions\/4133"}],"wp:attachment":[{"href":"https:\/\/natuurhuisjezweden.nl\/en\/wp-json\/wp\/v2\/media?parent=3789"}],"curies":[{"name":"wp","href":"https:\/\/api.w.org\/{rel}","templated":true}]}}