{"id":3762,"date":"2018-05-23T13:21:29","date_gmt":"2018-05-23T11:21:29","guid":{"rendered":"https:\/\/natuurhuisjezweden.nl\/privacy-statement\/"},"modified":"2023-11-08T14:19:37","modified_gmt":"2023-11-08T13:19:37","slug":"privacy-statement","status":"publish","type":"page","link":"https:\/\/natuurhuisjezweden.nl\/en\/privacy-statement\/","title":{"rendered":"Privacy Statement"},"content":{"rendered":"\t\t<div data-elementor-type=\"wp-page\" data-elementor-id=\"3762\" class=\"elementor elementor-3762 elementor-508\" data-elementor-post-type=\"page\">\n\t\t\t\t\t\t<section class=\"elementor-section elementor-top-section elementor-element elementor-element-86ff6cd elementor-section-boxed elementor-section-height-default elementor-section-height-default\" data-id=\"86ff6cd\" data-element_type=\"section\" data-e-type=\"section\" data-settings=\"{&quot;background_background&quot;:&quot;classic&quot;,&quot;jet_parallax_layout_list&quot;:[]}\">\n\t\t\t\t\t\t\t<div class=\"elementor-background-overlay\"><\/div>\n\t\t\t\t\t\t\t<div class=\"elementor-container elementor-column-gap-default\">\n\t\t\t\t\t<div class=\"elementor-column elementor-col-100 elementor-top-column elementor-element elementor-element-9c31e3a\" data-id=\"9c31e3a\" data-element_type=\"column\" data-e-type=\"column\">\n\t\t\t<div class=\"elementor-widget-wrap elementor-element-populated\">\n\t\t\t\t\t\t<div class=\"elementor-element elementor-element-4ca92bd elementor-align-center elementor-icon-list--layout-inline elementor-mobile-align-start elementor-list-item-link-full_width elementor-widget elementor-widget-icon-list\" data-id=\"4ca92bd\" data-element_type=\"widget\" data-e-type=\"widget\" data-widget_type=\"icon-list.default\">\n\t\t\t\t<div class=\"elementor-widget-container\">\n\t\t\t\t\t\t\t<ul class=\"elementor-icon-list-items elementor-inline-items\">\n\t\t\t\t\t\t\t<li class=\"elementor-icon-list-item elementor-inline-item\">\n\t\t\t\t\t\t\t\t\t\t\t<a href=\"https:\/\/natuurhuisjezweden.nl\/en\/\">\n\n\t\t\t\t\t\t\t\t\t\t\t<span class=\"elementor-icon-list-text\">Home<\/span>\n\t\t\t\t\t\t\t\t\t\t\t<\/a>\n\t\t\t\t\t\t\t\t\t<\/li>\n\t\t\t\t\t\t\t\t<li class=\"elementor-icon-list-item elementor-inline-item\">\n\t\t\t\t\t\t\t\t\t\t\t<span class=\"elementor-icon-list-icon\">\n\t\t\t\t\t\t\t<i aria-hidden=\"true\" class=\"fas fa-chevron-right\"><\/i>\t\t\t\t\t\t<\/span>\n\t\t\t\t\t\t\t\t\t\t<span class=\"elementor-icon-list-text\"><\/span>\n\t\t\t\t\t\t\t\t\t<\/li>\n\t\t\t\t\t\t<\/ul>\n\t\t\t\t\t\t<\/div>\n\t\t\t\t<\/div>\n\t\t\t\t\t<\/div>\n\t\t<\/div>\n\t\t\t\t\t<\/div>\n\t\t<\/section>\n\t\t\t\t<section class=\"elementor-section elementor-top-section elementor-element elementor-element-58ec6ff elementor-section-boxed elementor-section-height-default elementor-section-height-default\" data-id=\"58ec6ff\" data-element_type=\"section\" data-e-type=\"section\" data-settings=\"{&quot;jet_parallax_layout_list&quot;:[]}\">\n\t\t\t\t\t\t<div class=\"elementor-container elementor-column-gap-default\">\n\t\t\t\t\t<div class=\"elementor-column elementor-col-100 elementor-top-column elementor-element elementor-element-fc13eb2\" data-id=\"fc13eb2\" data-element_type=\"column\" data-e-type=\"column\">\n\t\t\t<div class=\"elementor-widget-wrap elementor-element-populated\">\n\t\t\t\t\t\t<div class=\"elementor-element elementor-element-a35f7a8 elementor-widget elementor-widget-text-editor\" data-id=\"a35f7a8\" data-element_type=\"widget\" data-e-type=\"widget\" data-widget_type=\"text-editor.default\">\n\t\t\t\t<div class=\"elementor-widget-container\">\n\t\t\t\t\t\t\t\t\t\n<p>May 25, 2018<\/p>\n\n<p>Your privacy is of great importance to Natuurhuisjezweden.nl. As such, we adhere to the Privacy Act. This means that your data is safe with us and that we always use it properly. In this privacy statement, we explain everything we do at Natuurhuisjezweden.nl with information we learn about you.<br>If you have any questions, or want to know exactly what we track about you, please contact Natuurhuisjezweden.nl.<\/p>\n\n<h2>Statistics and profiling<\/h2>\n\n<p>We keep statistics on website usage, but this is done anonymously at all times. With these statistics, we improve our website to show only relevant information, for example. We may combine your personal data to learn more about you. Of course, we will respect your privacy at all times. If you don&#8217;t want this, you can always tell us.<br>For this we use your e-mail address and naw data. We do this based on your consent. We retain this information for as long as we maintain a mutual business relationship.<\/p>\n\n<h2>Contact form, quotation form and quick scan<\/h2>\n\n<p>Our forms allow you to ask us questions or make requests.<br>For this we use your e-mail address and naw data. We need these because of the agreement we make with you. We keep this information until we are sure you are satisfied with our response.<br>Other parties<br>We do not give your personal information to other companies or agencies, except as necessary for the website or as required by law. One example is that if we suspect fraud, we may report it to the police.<\/p>\n\n<h2>Advertising<\/h2>\n\n<p>We would like to send you advertising about offers and new products or services.<\/p>\n\n<p>This is what we do:<br>by email<br>via social media<\/p>\n\n<p>You can object to this advertising at any time. Each e-mail contains an unsubscribe link. You can block us or use the unsubscribe option.<br>Disclosure to other companies or institutions<\/p>\n\n<p>Under no circumstances do we give your personal data to other companies or institutions, except as necessary for our website or if we are required to do so by law (for example, if the police demand it in case of suspected crime).<\/p>\n\n<p>Some partners are located outside the European Union. Our website includes social media buttons. With this, the operators of these services collect your personal data.<\/p>\n\n<p>We allow Google to use the Analytics information obtained for other Google services. We do not allow Google to anonymize IP addresses.<br>Security<\/p>\n\n<p>Personal data security is of great importance to us. We make sure that your data is properly secured with us. We are always adjusting security and paying close attention to what can go wrong.<\/p>\n\n<h2>Changes to this privacy statement<\/h2>\n\n<p>When our Web site changes, we naturally have to update the privacy statement as well. So always note the date above and check regularly for new versions. We will do our best to announce changes separately as well.<\/p>\n\n<h2>Viewing and changing your data<\/h2>\n\n<p>If you have any questions or want to know what personal data we hold about you, you can always contact us. See contact information below.<\/p>\n\n<h2>You have the following rights:<\/h2>\n\n<p>get an explanation of what personal data we have and what we do with it access to the exact personal data we have<br>having errors corrected<br>having outdated personal data deleted<br>revocation of consent<br>object to a particular use<\/p>\n\n<p>Please make sure you always clearly identify who you are so we can be sure we are not modifying or deleting data from the wrong person.<\/p>\n\n<h2>Filing a complaint<\/h2>\n\n<p>If you feel that we are not helping you properly, you have the right to file a complaint with the regulator. It is called the Personal Data Authority.<\/p>\n\n<h2>Contact details<\/h2>\n\n<p><strong>Address<\/strong><br>Harpij 19<br>1704 TA Heerhugowaard<\/p>\n<p><strong>Email<br><\/strong><a href=\"mailto:info@natuurhuisjezweden.nl\">info@natuurhuisjezweden.nl<\/a><\/p>\n<p><strong>Phone<\/strong><br><a href=\"tel:+0644898015\">+31644898015<\/a><\/p>\n\t\t\t\t\t\t\t\t<\/div>\n\t\t\t\t<\/div>\n\t\t\t\t\t<\/div>\n\t\t<\/div>\n\t\t\t\t\t<\/div>\n\t\t<\/section>\n\t\t\t\t<section class=\"elementor-section elementor-top-section elementor-element elementor-element-e9c6e7e elementor-section-boxed elementor-section-height-default elementor-section-height-default\" data-id=\"e9c6e7e\" data-element_type=\"section\" data-e-type=\"section\" data-settings=\"{&quot;background_background&quot;:&quot;classic&quot;,&quot;jet_parallax_layout_list&quot;:[]}\">\n\t\t\t\t\t\t\t<div class=\"elementor-background-overlay\"><\/div>\n\t\t\t\t\t\t\t<div class=\"elementor-container elementor-column-gap-default\">\n\t\t\t\t\t<div class=\"elementor-column elementor-col-100 elementor-top-column elementor-element elementor-element-707e8de\" data-id=\"707e8de\" data-element_type=\"column\" data-e-type=\"column\">\n\t\t\t<div class=\"elementor-widget-wrap elementor-element-populated\">\n\t\t\t\t\t\t<div class=\"elementor-element elementor-element-97c6c84 elementor-widget elementor-widget-heading\" data-id=\"97c6c84\" data-element_type=\"widget\" data-e-type=\"widget\" data-widget_type=\"heading.default\">\n\t\t\t\t<div class=\"elementor-widget-container\">\n\t\t\t\t\t<h2 class=\"elementor-heading-title elementor-size-default\">Live your Sweden adventure!<\/h2>\t\t\t\t<\/div>\n\t\t\t\t<\/div>\n\t\t\t\t<div class=\"elementor-element elementor-element-71277a3 elementor-widget elementor-widget-text-editor\" data-id=\"71277a3\" data-element_type=\"widget\" data-e-type=\"widget\" data-widget_type=\"text-editor.default\">\n\t\t\t\t<div class=\"elementor-widget-container\">\n\t\t\t\t\t\t\t\t\t<p>Grab your chance and head to the Ans\u00e4ttfj\u00e4llen in J\u00e4mtland, where the relaxation and enjoyment of the impressive wilderness begins immediately. Here you meet the real and sincere!<\/p>\n\t\t\t\t\t\t\t\t<\/div>\n\t\t\t\t<\/div>\n\t\t\t\t<div class=\"elementor-element elementor-element-4edb2b7 elementor-align-center elementor-widget elementor-widget-button\" data-id=\"4edb2b7\" data-element_type=\"widget\" data-e-type=\"widget\" data-widget_type=\"button.default\">\n\t\t\t\t<div class=\"elementor-widget-container\">\n\t\t\t\t\t\t\t\t\t<div class=\"elementor-button-wrapper\">\n\t\t\t\t\t<a class=\"elementor-button elementor-button-link elementor-size-sm\" href=\"https:\/\/natuurhuisjezweden.nl\/en\/surroundings\/\">\n\t\t\t\t\t\t<span class=\"elementor-button-content-wrapper\">\n\t\t\t\t\t\t\t\t\t<span class=\"elementor-button-text\">Explore the area<\/span>\n\t\t\t\t\t<\/span>\n\t\t\t\t\t<\/a>\n\t\t\t\t<\/div>\n\t\t\t\t\t\t\t\t<\/div>\n\t\t\t\t<\/div>\n\t\t\t\t\t<\/div>\n\t\t<\/div>\n\t\t\t\t\t<\/div>\n\t\t<\/section>\n\t\t\t\t<\/div>\n\t\t","protected":false},"excerpt":{"rendered":"<p>Home May 25, 2018 Your privacy is of great importance to Natuurhuisjezweden.nl. As such, we adhere to the Privacy Act. This means that your data is safe with us and that we always use it properly. In this privacy statement, we explain everything we do at Natuurhuisjezweden.nl with information we learn about you.If you have [&hellip;]<\/p>\n","protected":false},"author":1,"featured_media":0,"parent":0,"menu_order":0,"comment_status":"closed","ping_status":"closed","template":"","meta":{"footnotes":""},"class_list":["post-3762","page","type-page","status-publish","hentry"],"yoast_head":"<!-- This site is optimized with the Yoast SEO plugin v27.6 - https:\/\/yoast.com\/product\/yoast-seo-wordpress\/ -->\n<title>Privacy Statement - Nature cottage Sweden%<\/title>\n<meta name=\"robots\" content=\"index, follow, max-snippet:-1, max-image-preview:large, max-video-preview:-1\" \/>\n<link rel=\"canonical\" href=\"https:\/\/natuurhuisjezweden.nl\/en\/privacy-statement\/\" \/>\n<meta property=\"og:locale\" content=\"en_US\" \/>\n<meta property=\"og:type\" content=\"article\" \/>\n<meta property=\"og:title\" content=\"Privacy Statement - Nature cottage Sweden%\" \/>\n<meta property=\"og:description\" content=\"Home May 25, 2018 Your privacy is of great importance to Natuurhuisjezweden.nl. As such, we adhere to the Privacy Act. This means that your data is safe with us and that we always use it properly. In this privacy statement, we explain everything we do at Natuurhuisjezweden.nl with information we learn about you.If you have [&hellip;]\" \/>\n<meta property=\"og:url\" content=\"https:\/\/natuurhuisjezweden.nl\/en\/privacy-statement\/\" \/>\n<meta property=\"og:site_name\" content=\"Nature cottage Sweden\" \/>\n<meta property=\"article:publisher\" content=\"https:\/\/www.facebook.com\/natuurhuisjezweden\/\" \/>\n<meta property=\"article:modified_time\" content=\"2023-11-08T13:19:37+00:00\" \/>\n<meta name=\"twitter:card\" content=\"summary_large_image\" \/>\n<meta name=\"twitter:label1\" content=\"Est. reading time\" \/>\n\t<meta name=\"twitter:data1\" content=\"3 minutes\" \/>\n<script type=\"application\/ld+json\" class=\"yoast-schema-graph\">{\"@context\":\"https:\\\/\\\/schema.org\",\"@graph\":[{\"@type\":\"WebPage\",\"@id\":\"https:\\\/\\\/natuurhuisjezweden.nl\\\/en\\\/privacy-statement\\\/\",\"url\":\"https:\\\/\\\/natuurhuisjezweden.nl\\\/en\\\/privacy-statement\\\/\",\"name\":\"Privacy Statement - Nature cottage Sweden%\",\"isPartOf\":{\"@id\":\"https:\\\/\\\/natuurhuisjezweden.nl\\\/en\\\/#website\"},\"datePublished\":\"2018-05-23T11:21:29+00:00\",\"dateModified\":\"2023-11-08T13:19:37+00:00\",\"breadcrumb\":{\"@id\":\"https:\\\/\\\/natuurhuisjezweden.nl\\\/en\\\/privacy-statement\\\/#breadcrumb\"},\"inLanguage\":\"en-US\",\"potentialAction\":[{\"@type\":\"ReadAction\",\"target\":[\"https:\\\/\\\/natuurhuisjezweden.nl\\\/en\\\/privacy-statement\\\/\"]}]},{\"@type\":\"BreadcrumbList\",\"@id\":\"https:\\\/\\\/natuurhuisjezweden.nl\\\/en\\\/privacy-statement\\\/#breadcrumb\",\"itemListElement\":[{\"@type\":\"ListItem\",\"position\":1,\"name\":\"Home\",\"item\":\"https:\\\/\\\/natuurhuisjezweden.nl\\\/en\\\/\"},{\"@type\":\"ListItem\",\"position\":2,\"name\":\"Privacy Statement\"}]},{\"@type\":\"WebSite\",\"@id\":\"https:\\\/\\\/natuurhuisjezweden.nl\\\/en\\\/#website\",\"url\":\"https:\\\/\\\/natuurhuisjezweden.nl\\\/en\\\/\",\"name\":\"Natuurhuisje Zweden\",\"description\":\"Book your Sweden adventure\",\"publisher\":{\"@id\":\"https:\\\/\\\/natuurhuisjezweden.nl\\\/en\\\/#organization\"},\"potentialAction\":[{\"@type\":\"SearchAction\",\"target\":{\"@type\":\"EntryPoint\",\"urlTemplate\":\"https:\\\/\\\/natuurhuisjezweden.nl\\\/en\\\/?s={search_term_string}\"},\"query-input\":{\"@type\":\"PropertyValueSpecification\",\"valueRequired\":true,\"valueName\":\"search_term_string\"}}],\"inLanguage\":\"en-US\"},{\"@type\":\"Organization\",\"@id\":\"https:\\\/\\\/natuurhuisjezweden.nl\\\/en\\\/#organization\",\"name\":\"Nature cottage Sweden\",\"url\":\"https:\\\/\\\/natuurhuisjezweden.nl\\\/en\\\/\",\"logo\":{\"@type\":\"ImageObject\",\"inLanguage\":\"en-US\",\"@id\":\"https:\\\/\\\/natuurhuisjezweden.nl\\\/en\\\/#\\\/schema\\\/logo\\\/image\\\/\",\"url\":\"https:\\\/\\\/natuurhuisjezweden.nl\\\/wp-content\\\/uploads\\\/2023\\\/10\\\/Natuurhuisje-zweden-logo-nieuw.png\",\"contentUrl\":\"https:\\\/\\\/natuurhuisjezweden.nl\\\/wp-content\\\/uploads\\\/2023\\\/10\\\/Natuurhuisje-zweden-logo-nieuw.png\",\"width\":454,\"height\":375,\"caption\":\"Nature cottage Sweden\"},\"image\":{\"@id\":\"https:\\\/\\\/natuurhuisjezweden.nl\\\/en\\\/#\\\/schema\\\/logo\\\/image\\\/\"},\"sameAs\":[\"https:\\\/\\\/www.facebook.com\\\/natuurhuisjezweden\\\/\",\"https:\\\/\\\/www.instagram.com\\\/natuurhuisjezweden\\\/\"]}]}<\/script>\n<!-- \/ Yoast SEO plugin. -->","yoast_head_json":{"title":"Privacy Statement - Nature cottage Sweden%","robots":{"index":"index","follow":"follow","max-snippet":"max-snippet:-1","max-image-preview":"max-image-preview:large","max-video-preview":"max-video-preview:-1"},"canonical":"https:\/\/natuurhuisjezweden.nl\/en\/privacy-statement\/","og_locale":"en_US","og_type":"article","og_title":"Privacy Statement - Nature cottage Sweden%","og_description":"Home May 25, 2018 Your privacy is of great importance to Natuurhuisjezweden.nl. As such, we adhere to the Privacy Act. This means that your data is safe with us and that we always use it properly. In this privacy statement, we explain everything we do at Natuurhuisjezweden.nl with information we learn about you.If you have [&hellip;]","og_url":"https:\/\/natuurhuisjezweden.nl\/en\/privacy-statement\/","og_site_name":"Nature cottage Sweden","article_publisher":"https:\/\/www.facebook.com\/natuurhuisjezweden\/","article_modified_time":"2023-11-08T13:19:37+00:00","twitter_card":"summary_large_image","twitter_misc":{"Est. reading time":"3 minutes"},"schema":{"@context":"https:\/\/schema.org","@graph":[{"@type":"WebPage","@id":"https:\/\/natuurhuisjezweden.nl\/en\/privacy-statement\/","url":"https:\/\/natuurhuisjezweden.nl\/en\/privacy-statement\/","name":"Privacy Statement - Nature cottage Sweden%","isPartOf":{"@id":"https:\/\/natuurhuisjezweden.nl\/en\/#website"},"datePublished":"2018-05-23T11:21:29+00:00","dateModified":"2023-11-08T13:19:37+00:00","breadcrumb":{"@id":"https:\/\/natuurhuisjezweden.nl\/en\/privacy-statement\/#breadcrumb"},"inLanguage":"en-US","potentialAction":[{"@type":"ReadAction","target":["https:\/\/natuurhuisjezweden.nl\/en\/privacy-statement\/"]}]},{"@type":"BreadcrumbList","@id":"https:\/\/natuurhuisjezweden.nl\/en\/privacy-statement\/#breadcrumb","itemListElement":[{"@type":"ListItem","position":1,"name":"Home","item":"https:\/\/natuurhuisjezweden.nl\/en\/"},{"@type":"ListItem","position":2,"name":"Privacy Statement"}]},{"@type":"WebSite","@id":"https:\/\/natuurhuisjezweden.nl\/en\/#website","url":"https:\/\/natuurhuisjezweden.nl\/en\/","name":"Natuurhuisje Zweden","description":"Book your Sweden adventure","publisher":{"@id":"https:\/\/natuurhuisjezweden.nl\/en\/#organization"},"potentialAction":[{"@type":"SearchAction","target":{"@type":"EntryPoint","urlTemplate":"https:\/\/natuurhuisjezweden.nl\/en\/?s={search_term_string}"},"query-input":{"@type":"PropertyValueSpecification","valueRequired":true,"valueName":"search_term_string"}}],"inLanguage":"en-US"},{"@type":"Organization","@id":"https:\/\/natuurhuisjezweden.nl\/en\/#organization","name":"Nature cottage Sweden","url":"https:\/\/natuurhuisjezweden.nl\/en\/","logo":{"@type":"ImageObject","inLanguage":"en-US","@id":"https:\/\/natuurhuisjezweden.nl\/en\/#\/schema\/logo\/image\/","url":"https:\/\/natuurhuisjezweden.nl\/wp-content\/uploads\/2023\/10\/Natuurhuisje-zweden-logo-nieuw.png","contentUrl":"https:\/\/natuurhuisjezweden.nl\/wp-content\/uploads\/2023\/10\/Natuurhuisje-zweden-logo-nieuw.png","width":454,"height":375,"caption":"Nature cottage Sweden"},"image":{"@id":"https:\/\/natuurhuisjezweden.nl\/en\/#\/schema\/logo\/image\/"},"sameAs":["https:\/\/www.facebook.com\/natuurhuisjezweden\/","https:\/\/www.instagram.com\/natuurhuisjezweden\/"]}]}},"_links":{"self":[{"href":"https:\/\/natuurhuisjezweden.nl\/en\/wp-json\/wp\/v2\/pages\/3762","targetHints":{"allow":["GET"]}}],"collection":[{"href":"https:\/\/natuurhuisjezweden.nl\/en\/wp-json\/wp\/v2\/pages"}],"about":[{"href":"https:\/\/natuurhuisjezweden.nl\/en\/wp-json\/wp\/v2\/types\/page"}],"author":[{"embeddable":true,"href":"https:\/\/natuurhuisjezweden.nl\/en\/wp-json\/wp\/v2\/users\/1"}],"replies":[{"embeddable":true,"href":"https:\/\/natuurhuisjezweden.nl\/en\/wp-json\/wp\/v2\/comments?post=3762"}],"version-history":[{"count":5,"href":"https:\/\/natuurhuisjezweden.nl\/en\/wp-json\/wp\/v2\/pages\/3762\/revisions"}],"predecessor-version":[{"id":3906,"href":"https:\/\/natuurhuisjezweden.nl\/en\/wp-json\/wp\/v2\/pages\/3762\/revisions\/3906"}],"wp:attachment":[{"href":"https:\/\/natuurhuisjezweden.nl\/en\/wp-json\/wp\/v2\/media?parent=3762"}],"curies":[{"name":"wp","href":"https:\/\/api.w.org\/{rel}","templated":true}]}}