{"id":3766,"date":"2018-05-23T13:21:29","date_gmt":"2018-05-23T11:21:29","guid":{"rendered":"https:\/\/natuurhuisjezweden.nl\/erklaerung-zum-datenschutz\/"},"modified":"2023-11-08T14:19:41","modified_gmt":"2023-11-08T13:19:41","slug":"erklaerung-zum-datenschutz","status":"publish","type":"page","link":"https:\/\/natuurhuisjezweden.nl\/de\/erklaerung-zum-datenschutz\/","title":{"rendered":"Erkl\u00e4rung zum Datenschutz"},"content":{"rendered":"\t\t<div data-elementor-type=\"wp-page\" data-elementor-id=\"3766\" class=\"elementor elementor-3766 elementor-508\" data-elementor-post-type=\"page\">\n\t\t\t\t\t\t<section class=\"elementor-section elementor-top-section elementor-element elementor-element-86ff6cd elementor-section-boxed elementor-section-height-default elementor-section-height-default\" data-id=\"86ff6cd\" data-element_type=\"section\" data-e-type=\"section\" data-settings=\"{&quot;background_background&quot;:&quot;classic&quot;,&quot;jet_parallax_layout_list&quot;:[]}\">\n\t\t\t\t\t\t\t<div class=\"elementor-background-overlay\"><\/div>\n\t\t\t\t\t\t\t<div class=\"elementor-container elementor-column-gap-default\">\n\t\t\t\t\t<div class=\"elementor-column elementor-col-100 elementor-top-column elementor-element elementor-element-9c31e3a\" data-id=\"9c31e3a\" data-element_type=\"column\" data-e-type=\"column\">\n\t\t\t<div class=\"elementor-widget-wrap elementor-element-populated\">\n\t\t\t\t\t\t<div class=\"elementor-element elementor-element-4ca92bd elementor-align-center elementor-icon-list--layout-inline elementor-mobile-align-start elementor-list-item-link-full_width elementor-widget elementor-widget-icon-list\" data-id=\"4ca92bd\" data-element_type=\"widget\" data-e-type=\"widget\" data-widget_type=\"icon-list.default\">\n\t\t\t\t<div class=\"elementor-widget-container\">\n\t\t\t\t\t\t\t<ul class=\"elementor-icon-list-items elementor-inline-items\">\n\t\t\t\t\t\t\t<li class=\"elementor-icon-list-item elementor-inline-item\">\n\t\t\t\t\t\t\t\t\t\t\t<a href=\"https:\/\/natuurhuisjezweden.nl\/de\/\">\n\n\t\t\t\t\t\t\t\t\t\t\t<span class=\"elementor-icon-list-text\">Startseite<\/span>\n\t\t\t\t\t\t\t\t\t\t\t<\/a>\n\t\t\t\t\t\t\t\t\t<\/li>\n\t\t\t\t\t\t\t\t<li class=\"elementor-icon-list-item elementor-inline-item\">\n\t\t\t\t\t\t\t\t\t\t\t<span class=\"elementor-icon-list-icon\">\n\t\t\t\t\t\t\t<i aria-hidden=\"true\" class=\"fas fa-chevron-right\"><\/i>\t\t\t\t\t\t<\/span>\n\t\t\t\t\t\t\t\t\t\t<span class=\"elementor-icon-list-text\"><\/span>\n\t\t\t\t\t\t\t\t\t<\/li>\n\t\t\t\t\t\t<\/ul>\n\t\t\t\t\t\t<\/div>\n\t\t\t\t<\/div>\n\t\t\t\t\t<\/div>\n\t\t<\/div>\n\t\t\t\t\t<\/div>\n\t\t<\/section>\n\t\t\t\t<section class=\"elementor-section elementor-top-section elementor-element elementor-element-58ec6ff elementor-section-boxed elementor-section-height-default elementor-section-height-default\" data-id=\"58ec6ff\" data-element_type=\"section\" data-e-type=\"section\" data-settings=\"{&quot;jet_parallax_layout_list&quot;:[]}\">\n\t\t\t\t\t\t<div class=\"elementor-container elementor-column-gap-default\">\n\t\t\t\t\t<div class=\"elementor-column elementor-col-100 elementor-top-column elementor-element elementor-element-fc13eb2\" data-id=\"fc13eb2\" data-element_type=\"column\" data-e-type=\"column\">\n\t\t\t<div class=\"elementor-widget-wrap elementor-element-populated\">\n\t\t\t\t\t\t<div class=\"elementor-element elementor-element-a35f7a8 elementor-widget elementor-widget-text-editor\" data-id=\"a35f7a8\" data-element_type=\"widget\" data-e-type=\"widget\" data-widget_type=\"text-editor.default\">\n\t\t\t\t<div class=\"elementor-widget-container\">\n\t\t\t\t\t\t\t\t\t\n<p>25. Mai 2018<\/p>\n\n<p>Ihre Privatsph\u00e4re ist f\u00fcr Natuurhuisjezweden.nl von gro\u00dfer Bedeutung. Wir halten daher das Datenschutzgesetz ein. Das bedeutet, dass Ihre Daten bei uns sicher sind und dass wir sie immer sauber verwenden. In dieser Datenschutzerkl\u00e4rung erkl\u00e4ren wir, was wir bei Natuurhuisjezweden.nl mit den Informationen, die wir \u00fcber Sie erhalten, tun.<br>Wenn Sie Fragen haben oder genau wissen m\u00f6chten, was wir \u00fcber Sie verfolgen, wenden Sie sich bitte an Natuurhuisjezweden.nl.<\/p>\n\n<h2>Statistik und Profilerstellung<\/h2>\n\n<p>Wir f\u00fchren Statistiken \u00fcber die Nutzung der Website, die jedoch stets anonymisiert sind. Anhand dieser Statistiken verbessern wir unsere Website, um zum Beispiel nur relevante Informationen anzuzeigen. Wir k\u00f6nnen Ihre personenbezogenen Daten kombinieren, um mehr \u00fcber Sie herauszufinden. Selbstverst\u00e4ndlich werden wir Ihre Privatsph\u00e4re jederzeit respektieren. Wenn Sie das nicht wollen, k\u00f6nnen Sie uns das jederzeit mitteilen.<br>Hierf\u00fcr verwenden wir Ihre E-Mail-Adresse und naw-Daten. Wir tun dies auf der Grundlage Ihrer Zustimmung. Wir bewahren diese Informationen so lange auf, wie wir eine gegenseitige Gesch\u00e4ftsbeziehung unterhalten.<\/p>\n\n<h2>Kontaktformular, Angebotsformular und Schnellsuche<\/h2>\n\n<p>Mit unseren Formularen k\u00f6nnen Sie uns Fragen stellen oder W\u00fcnsche \u00e4u\u00dfern.<br>Hierf\u00fcr verwenden wir Ihre E-Mail-Adresse und naw-Daten. Wir ben\u00f6tigen sie aufgrund der Vereinbarung, die wir mit Ihnen getroffen haben. Wir bewahren diese Informationen auf, bis wir sicher sind, dass Sie mit unserer Antwort zufrieden sind.<br>Andere Parteien<br>Wir geben Ihre pers\u00f6nlichen Daten nicht an andere Unternehmen oder Agenturen weiter, es sei denn, dies ist f\u00fcr die Website erforderlich oder wir sind gesetzlich dazu verpflichtet. Ein Beispiel: Wenn wir einen Betrugsverdacht haben, d\u00fcrfen wir ihn bei der Polizei melden.<\/p>\n\n<h2>Werbung<\/h2>\n\n<p>Wir m\u00f6chten Ihnen gerne Werbung \u00fcber Angebote und neue Produkte oder Dienstleistungen schicken.<\/p>\n\n<p>Das ist unsere Aufgabe:<br>per E-Mail<br>\u00fcber soziale Medien<\/p>\n\n<p>Sie k\u00f6nnen dieser Werbung jederzeit widersprechen. Jede E-Mail enth\u00e4lt einen Link zum Abbestellen. Sie k\u00f6nnen uns blockieren oder die Option zur Abmeldung nutzen.<br>Offenlegung gegen\u00fcber anderen Unternehmen oder Institutionen<\/p>\n\n<p>Wir geben Ihre personenbezogenen Daten unter keinen Umst\u00e4nden an andere Unternehmen oder Institutionen weiter, es sei denn, dies ist f\u00fcr unsere Website erforderlich oder wir sind gesetzlich dazu verpflichtet (z. B. wenn die Polizei sie bei Verdacht auf ein Verbrechen anfordert).<\/p>\n\n<p>Einige Partner sind au\u00dferhalb der Europ\u00e4ischen Union ans\u00e4ssig. Unsere Website enth\u00e4lt Schaltfl\u00e4chen f\u00fcr soziale Medien. Damit erheben die Betreiber dieser Dienste Ihre pers\u00f6nlichen Daten.<\/p>\n\n<p>Wir erlauben Google, die erhaltenen Analytics-Informationen f\u00fcr andere Google-Dienste zu verwenden. Wir lassen Google die IP-Adressen nicht anonymisieren.<br>Sicherheit<\/p>\n\n<p>Der Schutz personenbezogener Daten ist f\u00fcr uns sehr wichtig. Wir sorgen daf\u00fcr, dass Ihre Daten bei uns gut gesichert sind. Wir passen die Sicherheitsvorkehrungen st\u00e4ndig an und achten genau darauf, was alles schief gehen kann.<\/p>\n\n<h2>\u00c4nderungen an dieser Datenschutzerkl\u00e4rung<\/h2>\n\n<p>Wenn sich unsere Website \u00e4ndert, m\u00fcssen wir nat\u00fcrlich auch die Datenschutzerkl\u00e4rung aktualisieren. Achten Sie also immer auf das obige Datum und pr\u00fcfen Sie regelm\u00e4\u00dfig, ob es neue Versionen gibt. Wir werden unser Bestes tun, um \u00c4nderungen auch separat anzuk\u00fcndigen.<\/p>\n\n<h2>Zugriff auf Ihre Daten und deren \u00c4nderung<\/h2>\n\n<p>Wenn Sie Fragen haben oder wissen m\u00f6chten, welche personenbezogenen Daten wir \u00fcber Sie gespeichert haben, k\u00f6nnen Sie sich jederzeit an uns wenden. Siehe Kontaktangaben unten.<\/p>\n\n<h2>Sie haben die folgenden Rechte:<\/h2>\n\n<p>eine Erkl\u00e4rung dar\u00fcber zu erhalten, welche pers\u00f6nlichen Daten wir haben und was wir damit tun Zugang zu den genauen pers\u00f6nlichen Daten, die wir haben<br>Fehler korrigieren lassen<br>L\u00f6schung veralteter personenbezogener Daten<br>Widerruf der Zustimmung<br>gegen eine bestimmte Verwendung Einspruch erheben<\/p>\n\n<p>Stellen Sie sicher, dass Sie immer deutlich angeben, wer Sie sind, damit wir sicher sein k\u00f6nnen, dass wir nicht die Daten der falschen Person bearbeiten oder l\u00f6schen.<\/p>\n\n<h2>Einreichung einer Beschwerde<\/h2>\n\n<p>Wenn Sie das Gef\u00fchl haben, dass wir Ihnen nicht richtig helfen, haben Sie das Recht, sich bei der Aufsichtsbeh\u00f6rde zu beschweren. Sie wird als Beh\u00f6rde f\u00fcr personenbezogene Daten bezeichnet.<\/p>\n\n<h2>Kontaktangaben<\/h2>\n\n<p><strong>Adresse<\/strong><br>Harpij 19<br>1704 TA Heerhugowaard<\/p>\n<p><strong>E-Mail<br><\/strong><a href=\"mailto:info@natuurhuisjezweden.nl\">info@natuurhuisjezweden.nl<\/a><\/p>\n<p><strong>Telefon<\/strong><br><a href=\"tel:+0644898015\">+31644898015<\/a><\/p>\n\t\t\t\t\t\t\t\t<\/div>\n\t\t\t\t<\/div>\n\t\t\t\t\t<\/div>\n\t\t<\/div>\n\t\t\t\t\t<\/div>\n\t\t<\/section>\n\t\t\t\t<section class=\"elementor-section elementor-top-section elementor-element elementor-element-e9c6e7e elementor-section-boxed elementor-section-height-default elementor-section-height-default\" data-id=\"e9c6e7e\" data-element_type=\"section\" data-e-type=\"section\" data-settings=\"{&quot;background_background&quot;:&quot;classic&quot;,&quot;jet_parallax_layout_list&quot;:[]}\">\n\t\t\t\t\t\t\t<div class=\"elementor-background-overlay\"><\/div>\n\t\t\t\t\t\t\t<div class=\"elementor-container elementor-column-gap-default\">\n\t\t\t\t\t<div class=\"elementor-column elementor-col-100 elementor-top-column elementor-element elementor-element-707e8de\" data-id=\"707e8de\" data-element_type=\"column\" data-e-type=\"column\">\n\t\t\t<div class=\"elementor-widget-wrap elementor-element-populated\">\n\t\t\t\t\t\t<div class=\"elementor-element elementor-element-97c6c84 elementor-widget elementor-widget-heading\" data-id=\"97c6c84\" data-element_type=\"widget\" data-e-type=\"widget\" data-widget_type=\"heading.default\">\n\t\t\t\t<div class=\"elementor-widget-container\">\n\t\t\t\t\t<h2 class=\"elementor-heading-title elementor-size-default\">Erlebe dein Schweden-Abenteuer!<\/h2>\t\t\t\t<\/div>\n\t\t\t\t<\/div>\n\t\t\t\t<div class=\"elementor-element elementor-element-71277a3 elementor-widget elementor-widget-text-editor\" data-id=\"71277a3\" data-element_type=\"widget\" data-e-type=\"widget\" data-widget_type=\"text-editor.default\">\n\t\t\t\t<div class=\"elementor-widget-container\">\n\t\t\t\t\t\t\t\t\t<p>Ergreifen Sie Ihre Chance und fahren Sie zum Ans\u00e4ttfj\u00e4llen in J\u00e4mtland, wo die Entspannung und der Genuss der beeindruckenden Wildnis sofort beginnen. Hier treffen Sie auf das Echte und Authentische!<\/p>\n\t\t\t\t\t\t\t\t<\/div>\n\t\t\t\t<\/div>\n\t\t\t\t<div class=\"elementor-element elementor-element-4edb2b7 elementor-align-center elementor-widget elementor-widget-button\" data-id=\"4edb2b7\" data-element_type=\"widget\" data-e-type=\"widget\" data-widget_type=\"button.default\">\n\t\t\t\t<div class=\"elementor-widget-container\">\n\t\t\t\t\t\t\t\t\t<div class=\"elementor-button-wrapper\">\n\t\t\t\t\t<a class=\"elementor-button elementor-button-link elementor-size-sm\" href=\"https:\/\/natuurhuisjezweden.nl\/de\/umgebung\/\">\n\t\t\t\t\t\t<span class=\"elementor-button-content-wrapper\">\n\t\t\t\t\t\t\t\t\t<span class=\"elementor-button-text\">Erkunden Sie die Umgebung<\/span>\n\t\t\t\t\t<\/span>\n\t\t\t\t\t<\/a>\n\t\t\t\t<\/div>\n\t\t\t\t\t\t\t\t<\/div>\n\t\t\t\t<\/div>\n\t\t\t\t\t<\/div>\n\t\t<\/div>\n\t\t\t\t\t<\/div>\n\t\t<\/section>\n\t\t\t\t<\/div>\n\t\t","protected":false},"excerpt":{"rendered":"<p>Startseite 25. Mai 2018 Ihre Privatsph\u00e4re ist f\u00fcr Natuurhuisjezweden.nl von gro\u00dfer Bedeutung. Wir halten daher das Datenschutzgesetz ein. Das bedeutet, dass Ihre Daten bei uns sicher sind und dass wir sie immer sauber verwenden. In dieser Datenschutzerkl\u00e4rung erkl\u00e4ren wir, was wir bei Natuurhuisjezweden.nl mit den Informationen, die wir \u00fcber Sie erhalten, tun.Wenn Sie Fragen haben [&hellip;]<\/p>\n","protected":false},"author":1,"featured_media":0,"parent":0,"menu_order":0,"comment_status":"closed","ping_status":"closed","template":"","meta":{"footnotes":""},"class_list":["post-3766","page","type-page","status-publish","hentry"],"yoast_head":"<!-- This site is optimized with the Yoast SEO plugin v27.6 - https:\/\/yoast.com\/product\/yoast-seo-wordpress\/ -->\n<title>%<\/title>\n<meta name=\"robots\" content=\"index, follow, max-snippet:-1, max-image-preview:large, max-video-preview:-1\" \/>\n<link rel=\"canonical\" href=\"https:\/\/natuurhuisjezweden.nl\/de\/erklaerung-zum-datenschutz\/\" \/>\n<meta property=\"og:locale\" content=\"de_DE\" \/>\n<meta property=\"og:type\" content=\"article\" \/>\n<meta property=\"og:title\" content=\"%\" \/>\n<meta property=\"og:description\" content=\"Startseite 25. Mai 2018 Ihre Privatsph\u00e4re ist f\u00fcr Natuurhuisjezweden.nl von gro\u00dfer Bedeutung. Wir halten daher das Datenschutzgesetz ein. Das bedeutet, dass Ihre Daten bei uns sicher sind und dass wir sie immer sauber verwenden. In dieser Datenschutzerkl\u00e4rung erkl\u00e4ren wir, was wir bei Natuurhuisjezweden.nl mit den Informationen, die wir \u00fcber Sie erhalten, tun.Wenn Sie Fragen haben [&hellip;]\" \/>\n<meta property=\"og:url\" content=\"https:\/\/natuurhuisjezweden.nl\/de\/erklaerung-zum-datenschutz\/\" \/>\n<meta property=\"og:site_name\" content=\"Naturfreundehaus Schweden\" \/>\n<meta property=\"article:publisher\" content=\"https:\/\/www.facebook.com\/natuurhuisjezweden\/\" \/>\n<meta property=\"article:modified_time\" content=\"2023-11-08T13:19:41+00:00\" \/>\n<meta name=\"twitter:card\" content=\"summary_large_image\" \/>\n<meta name=\"twitter:label1\" content=\"Gesch\u00e4tzte Lesezeit\" \/>\n\t<meta name=\"twitter:data1\" content=\"4\u00a0Minuten\" \/>\n<script type=\"application\/ld+json\" class=\"yoast-schema-graph\">{\"@context\":\"https:\\\/\\\/schema.org\",\"@graph\":[{\"@type\":\"WebPage\",\"@id\":\"https:\\\/\\\/natuurhuisjezweden.nl\\\/de\\\/erklaerung-zum-datenschutz\\\/\",\"url\":\"https:\\\/\\\/natuurhuisjezweden.nl\\\/de\\\/erklaerung-zum-datenschutz\\\/\",\"name\":\"%\",\"isPartOf\":{\"@id\":\"https:\\\/\\\/natuurhuisjezweden.nl\\\/de\\\/#website\"},\"datePublished\":\"2018-05-23T11:21:29+00:00\",\"dateModified\":\"2023-11-08T13:19:41+00:00\",\"breadcrumb\":{\"@id\":\"https:\\\/\\\/natuurhuisjezweden.nl\\\/de\\\/erklaerung-zum-datenschutz\\\/#breadcrumb\"},\"inLanguage\":\"de\",\"potentialAction\":[{\"@type\":\"ReadAction\",\"target\":[\"https:\\\/\\\/natuurhuisjezweden.nl\\\/de\\\/erklaerung-zum-datenschutz\\\/\"]}]},{\"@type\":\"BreadcrumbList\",\"@id\":\"https:\\\/\\\/natuurhuisjezweden.nl\\\/de\\\/erklaerung-zum-datenschutz\\\/#breadcrumb\",\"itemListElement\":[{\"@type\":\"ListItem\",\"position\":1,\"name\":\"Startseite\",\"item\":\"https:\\\/\\\/natuurhuisjezweden.nl\\\/de\\\/\"},{\"@type\":\"ListItem\",\"position\":2,\"name\":\"Erkl\u00e4rung zum Datenschutz\"}]},{\"@type\":\"WebSite\",\"@id\":\"https:\\\/\\\/natuurhuisjezweden.nl\\\/de\\\/#website\",\"url\":\"https:\\\/\\\/natuurhuisjezweden.nl\\\/de\\\/\",\"name\":\"Natuurhuisje Zweden\",\"description\":\"Buchen Sie Ihr Schweden-Abenteuer\",\"publisher\":{\"@id\":\"https:\\\/\\\/natuurhuisjezweden.nl\\\/de\\\/#organization\"},\"potentialAction\":[{\"@type\":\"SearchAction\",\"target\":{\"@type\":\"EntryPoint\",\"urlTemplate\":\"https:\\\/\\\/natuurhuisjezweden.nl\\\/de\\\/?s={search_term_string}\"},\"query-input\":{\"@type\":\"PropertyValueSpecification\",\"valueRequired\":true,\"valueName\":\"search_term_string\"}}],\"inLanguage\":\"de\"},{\"@type\":\"Organization\",\"@id\":\"https:\\\/\\\/natuurhuisjezweden.nl\\\/de\\\/#organization\",\"name\":\"Naturfreundehaus Schweden\",\"url\":\"https:\\\/\\\/natuurhuisjezweden.nl\\\/de\\\/\",\"logo\":{\"@type\":\"ImageObject\",\"inLanguage\":\"de\",\"@id\":\"https:\\\/\\\/natuurhuisjezweden.nl\\\/de\\\/#\\\/schema\\\/logo\\\/image\\\/\",\"url\":\"https:\\\/\\\/natuurhuisjezweden.nl\\\/wp-content\\\/uploads\\\/2023\\\/10\\\/Natuurhuisje-zweden-logo-nieuw.png\",\"contentUrl\":\"https:\\\/\\\/natuurhuisjezweden.nl\\\/wp-content\\\/uploads\\\/2023\\\/10\\\/Natuurhuisje-zweden-logo-nieuw.png\",\"width\":454,\"height\":375,\"caption\":\"Naturfreundehaus Schweden\"},\"image\":{\"@id\":\"https:\\\/\\\/natuurhuisjezweden.nl\\\/de\\\/#\\\/schema\\\/logo\\\/image\\\/\"},\"sameAs\":[\"https:\\\/\\\/www.facebook.com\\\/natuurhuisjezweden\\\/\",\"https:\\\/\\\/www.instagram.com\\\/natuurhuisjezweden\\\/\"]}]}<\/script>\n<!-- \/ Yoast SEO plugin. -->","yoast_head_json":{"title":"%","robots":{"index":"index","follow":"follow","max-snippet":"max-snippet:-1","max-image-preview":"max-image-preview:large","max-video-preview":"max-video-preview:-1"},"canonical":"https:\/\/natuurhuisjezweden.nl\/de\/erklaerung-zum-datenschutz\/","og_locale":"de_DE","og_type":"article","og_title":"%","og_description":"Startseite 25. Mai 2018 Ihre Privatsph\u00e4re ist f\u00fcr Natuurhuisjezweden.nl von gro\u00dfer Bedeutung. Wir halten daher das Datenschutzgesetz ein. Das bedeutet, dass Ihre Daten bei uns sicher sind und dass wir sie immer sauber verwenden. In dieser Datenschutzerkl\u00e4rung erkl\u00e4ren wir, was wir bei Natuurhuisjezweden.nl mit den Informationen, die wir \u00fcber Sie erhalten, tun.Wenn Sie Fragen haben [&hellip;]","og_url":"https:\/\/natuurhuisjezweden.nl\/de\/erklaerung-zum-datenschutz\/","og_site_name":"Naturfreundehaus Schweden","article_publisher":"https:\/\/www.facebook.com\/natuurhuisjezweden\/","article_modified_time":"2023-11-08T13:19:41+00:00","twitter_card":"summary_large_image","twitter_misc":{"Gesch\u00e4tzte Lesezeit":"4\u00a0Minuten"},"schema":{"@context":"https:\/\/schema.org","@graph":[{"@type":"WebPage","@id":"https:\/\/natuurhuisjezweden.nl\/de\/erklaerung-zum-datenschutz\/","url":"https:\/\/natuurhuisjezweden.nl\/de\/erklaerung-zum-datenschutz\/","name":"%","isPartOf":{"@id":"https:\/\/natuurhuisjezweden.nl\/de\/#website"},"datePublished":"2018-05-23T11:21:29+00:00","dateModified":"2023-11-08T13:19:41+00:00","breadcrumb":{"@id":"https:\/\/natuurhuisjezweden.nl\/de\/erklaerung-zum-datenschutz\/#breadcrumb"},"inLanguage":"de","potentialAction":[{"@type":"ReadAction","target":["https:\/\/natuurhuisjezweden.nl\/de\/erklaerung-zum-datenschutz\/"]}]},{"@type":"BreadcrumbList","@id":"https:\/\/natuurhuisjezweden.nl\/de\/erklaerung-zum-datenschutz\/#breadcrumb","itemListElement":[{"@type":"ListItem","position":1,"name":"Startseite","item":"https:\/\/natuurhuisjezweden.nl\/de\/"},{"@type":"ListItem","position":2,"name":"Erkl\u00e4rung zum Datenschutz"}]},{"@type":"WebSite","@id":"https:\/\/natuurhuisjezweden.nl\/de\/#website","url":"https:\/\/natuurhuisjezweden.nl\/de\/","name":"Natuurhuisje Zweden","description":"Buchen Sie Ihr Schweden-Abenteuer","publisher":{"@id":"https:\/\/natuurhuisjezweden.nl\/de\/#organization"},"potentialAction":[{"@type":"SearchAction","target":{"@type":"EntryPoint","urlTemplate":"https:\/\/natuurhuisjezweden.nl\/de\/?s={search_term_string}"},"query-input":{"@type":"PropertyValueSpecification","valueRequired":true,"valueName":"search_term_string"}}],"inLanguage":"de"},{"@type":"Organization","@id":"https:\/\/natuurhuisjezweden.nl\/de\/#organization","name":"Naturfreundehaus Schweden","url":"https:\/\/natuurhuisjezweden.nl\/de\/","logo":{"@type":"ImageObject","inLanguage":"de","@id":"https:\/\/natuurhuisjezweden.nl\/de\/#\/schema\/logo\/image\/","url":"https:\/\/natuurhuisjezweden.nl\/wp-content\/uploads\/2023\/10\/Natuurhuisje-zweden-logo-nieuw.png","contentUrl":"https:\/\/natuurhuisjezweden.nl\/wp-content\/uploads\/2023\/10\/Natuurhuisje-zweden-logo-nieuw.png","width":454,"height":375,"caption":"Naturfreundehaus Schweden"},"image":{"@id":"https:\/\/natuurhuisjezweden.nl\/de\/#\/schema\/logo\/image\/"},"sameAs":["https:\/\/www.facebook.com\/natuurhuisjezweden\/","https:\/\/www.instagram.com\/natuurhuisjezweden\/"]}]}},"_links":{"self":[{"href":"https:\/\/natuurhuisjezweden.nl\/de\/wp-json\/wp\/v2\/pages\/3766","targetHints":{"allow":["GET"]}}],"collection":[{"href":"https:\/\/natuurhuisjezweden.nl\/de\/wp-json\/wp\/v2\/pages"}],"about":[{"href":"https:\/\/natuurhuisjezweden.nl\/de\/wp-json\/wp\/v2\/types\/page"}],"author":[{"embeddable":true,"href":"https:\/\/natuurhuisjezweden.nl\/de\/wp-json\/wp\/v2\/users\/1"}],"replies":[{"embeddable":true,"href":"https:\/\/natuurhuisjezweden.nl\/de\/wp-json\/wp\/v2\/comments?post=3766"}],"version-history":[{"count":5,"href":"https:\/\/natuurhuisjezweden.nl\/de\/wp-json\/wp\/v2\/pages\/3766\/revisions"}],"predecessor-version":[{"id":3917,"href":"https:\/\/natuurhuisjezweden.nl\/de\/wp-json\/wp\/v2\/pages\/3766\/revisions\/3917"}],"wp:attachment":[{"href":"https:\/\/natuurhuisjezweden.nl\/de\/wp-json\/wp\/v2\/media?parent=3766"}],"curies":[{"name":"wp","href":"https:\/\/api.w.org\/{rel}","templated":true}]}}