{"id":3748,"date":"2018-02-13T09:45:00","date_gmt":"2018-02-13T08:45:00","guid":{"rendered":"https:\/\/natuurhuisjezweden.nl\/blog\/"},"modified":"2023-11-08T14:09:51","modified_gmt":"2023-11-08T13:09:51","slug":"blog","status":"publish","type":"page","link":"https:\/\/natuurhuisjezweden.nl\/de\/blog\/","title":{"rendered":"Blog"},"content":{"rendered":"\t\t<div data-elementor-type=\"wp-page\" data-elementor-id=\"3748\" class=\"elementor elementor-3748 elementor-353\" data-elementor-post-type=\"page\">\n\t\t\t\t\t\t<section class=\"elementor-section elementor-top-section elementor-element elementor-element-c6df5de elementor-section-boxed elementor-section-height-default elementor-section-height-default\" data-id=\"c6df5de\" data-element_type=\"section\" data-e-type=\"section\" data-settings=\"{&quot;background_background&quot;:&quot;classic&quot;,&quot;jet_parallax_layout_list&quot;:[]}\">\n\t\t\t\t\t\t\t<div class=\"elementor-background-overlay\"><\/div>\n\t\t\t\t\t\t\t<div class=\"elementor-container elementor-column-gap-default\">\n\t\t\t\t\t<div class=\"elementor-column elementor-col-100 elementor-top-column elementor-element elementor-element-eb41084\" data-id=\"eb41084\" data-element_type=\"column\" data-e-type=\"column\">\n\t\t\t<div class=\"elementor-widget-wrap elementor-element-populated\">\n\t\t\t\t\t\t<div class=\"elementor-element elementor-element-774fd0d elementor-align-center elementor-icon-list--layout-inline elementor-mobile-align-start elementor-list-item-link-full_width elementor-widget elementor-widget-icon-list\" data-id=\"774fd0d\" data-element_type=\"widget\" data-e-type=\"widget\" data-widget_type=\"icon-list.default\">\n\t\t\t\t<div class=\"elementor-widget-container\">\n\t\t\t\t\t\t\t<ul class=\"elementor-icon-list-items elementor-inline-items\">\n\t\t\t\t\t\t\t<li class=\"elementor-icon-list-item elementor-inline-item\">\n\t\t\t\t\t\t\t\t\t\t\t<a href=\"https:\/\/natuurhuisjezweden.nl\/de\/\">\n\n\t\t\t\t\t\t\t\t\t\t\t<span class=\"elementor-icon-list-text\">Startseite<\/span>\n\t\t\t\t\t\t\t\t\t\t\t<\/a>\n\t\t\t\t\t\t\t\t\t<\/li>\n\t\t\t\t\t\t\t\t<li class=\"elementor-icon-list-item elementor-inline-item\">\n\t\t\t\t\t\t\t\t\t\t\t<span class=\"elementor-icon-list-icon\">\n\t\t\t\t\t\t\t<i aria-hidden=\"true\" class=\"fas fa-chevron-right\"><\/i>\t\t\t\t\t\t<\/span>\n\t\t\t\t\t\t\t\t\t\t<span class=\"elementor-icon-list-text\"><\/span>\n\t\t\t\t\t\t\t\t\t<\/li>\n\t\t\t\t\t\t<\/ul>\n\t\t\t\t\t\t<\/div>\n\t\t\t\t<\/div>\n\t\t\t\t\t<\/div>\n\t\t<\/div>\n\t\t\t\t\t<\/div>\n\t\t<\/section>\n\t\t\t\t<section class=\"elementor-section elementor-top-section elementor-element elementor-element-8f42d46 elementor-section-boxed elementor-section-height-default elementor-section-height-default\" data-id=\"8f42d46\" data-element_type=\"section\" data-e-type=\"section\" data-settings=\"{&quot;jet_parallax_layout_list&quot;:[]}\">\n\t\t\t\t\t\t<div class=\"elementor-container elementor-column-gap-default\">\n\t\t\t\t\t<div class=\"elementor-column elementor-col-100 elementor-top-column elementor-element elementor-element-53b0695\" data-id=\"53b0695\" data-element_type=\"column\" data-e-type=\"column\">\n\t\t\t<div class=\"elementor-widget-wrap elementor-element-populated\">\n\t\t\t\t\t\t<div class=\"elementor-element elementor-element-b1b61b3 elementor-widget elementor-widget-jkit_post_block\" data-id=\"b1b61b3\" data-element_type=\"widget\" data-e-type=\"widget\" data-widget_type=\"jkit_post_block.default\">\n\t\t\t\t<div class=\"elementor-widget-container\">\n\t\t\t\t\t<div  class=\"jeg-elementor-kit jkit-postblock postblock-type-5 jkit-pagination-scrollload post-element jeg_module___69f272f7c48d4\"  data-id=\"jeg_module___69f272f7c48d4\" data-settings=\"{&quot;post_type&quot;:&quot;post&quot;,&quot;number_post&quot;:{&quot;unit&quot;:&quot;px&quot;,&quot;size&quot;:9,&quot;sizes&quot;:[]},&quot;post_offset&quot;:0,&quot;unique_content&quot;:&quot;disable&quot;,&quot;include_post&quot;:&quot;&quot;,&quot;exclude_post&quot;:&quot;&quot;,&quot;include_category&quot;:&quot;&quot;,&quot;exclude_category&quot;:&quot;&quot;,&quot;include_author&quot;:&quot;&quot;,&quot;include_tag&quot;:&quot;&quot;,&quot;exclude_tag&quot;:&quot;&quot;,&quot;sort_by&quot;:&quot;latest&quot;,&quot;pagination_mode&quot;:&quot;scrollload&quot;,&quot;pagination_loadmore_text&quot;:&quot;Laad meer berichten&quot;,&quot;pagination_loading_text&quot;:&quot;Laden...&quot;,&quot;pagination_number_post&quot;:{&quot;unit&quot;:&quot;px&quot;,&quot;size&quot;:3,&quot;sizes&quot;:[]},&quot;pagination_scroll_limit&quot;:0,&quot;pagination_icon&quot;:{&quot;value&quot;:&quot;&quot;,&quot;library&quot;:&quot;&quot;},&quot;pagination_icon_position&quot;:&quot;before&quot;,&quot;st_category_position&quot;:&quot;center&quot;,&quot;sg_content_postblock_type&quot;:&quot;type-5&quot;,&quot;sg_content_element_order&quot;:&quot;title,excerpt&quot;,&quot;sg_content_breakpoint&quot;:&quot;tablet&quot;,&quot;sg_content_title_html_tag&quot;:&quot;h3&quot;,&quot;sg_content_category_enable&quot;:&quot;&quot;,&quot;sg_content_excerpt_enable&quot;:&quot;yes&quot;,&quot;sg_content_excerpt_length&quot;:{&quot;unit&quot;:&quot;px&quot;,&quot;size&quot;:20,&quot;sizes&quot;:[]},&quot;sg_content_excerpt_more&quot;:&quot;...&quot;,&quot;sg_content_readmore_enable&quot;:&quot;&quot;,&quot;sg_content_readmore_icon&quot;:{&quot;value&quot;:&quot;fas fa-arrow-right&quot;,&quot;library&quot;:&quot;fa-solid&quot;},&quot;sg_content_readmore_icon_position&quot;:&quot;after&quot;,&quot;sg_content_readmore_text&quot;:&quot;Read More&quot;,&quot;sg_content_comment_enable&quot;:&quot;&quot;,&quot;sg_content_comment_icon&quot;:{&quot;value&quot;:&quot;fas fa-comment&quot;,&quot;library&quot;:&quot;fa-solid&quot;},&quot;sg_content_comment_icon_position&quot;:&quot;before&quot;,&quot;sg_content_meta_enable&quot;:&quot;&quot;,&quot;sg_content_meta_author_enable&quot;:&quot;yes&quot;,&quot;sg_content_meta_author_by_text&quot;:&quot;by&quot;,&quot;sg_content_meta_author_icon&quot;:{&quot;value&quot;:&quot;fas fa-user&quot;,&quot;library&quot;:&quot;fa-solid&quot;},&quot;sg_content_meta_author_icon_position&quot;:&quot;before&quot;,&quot;sg_content_meta_date_enable&quot;:&quot;yes&quot;,&quot;sg_content_meta_date_type&quot;:&quot;published&quot;,&quot;sg_content_meta_date_format&quot;:&quot;default&quot;,&quot;sg_content_meta_date_format_custom&quot;:&quot;j F Y&quot;,&quot;sg_content_meta_date_icon&quot;:{&quot;value&quot;:&quot;fas fa-clock&quot;,&quot;library&quot;:&quot;fa-solid&quot;},&quot;sg_content_meta_date_icon_position&quot;:&quot;before&quot;,&quot;sg_content_image_size_imagesize_size&quot;:&quot;full&quot;,&quot;lang&quot;:&quot;de&quot;,&quot;paged&quot;:1,&quot;class&quot;:&quot;jkit_post_block&quot;}\"><div class=\"jkit-block-container\"><div class=\"jkit-posts jkit-ajax-flag\">\n            <article class=\"jkit-post post-3664 post type-post status-publish format-standard has-post-thumbnail hentry category-unkategorisiert\">\n                    <div class=\"jkit-thumb\"><a aria-label=\"Auf Wiedersehen in Krusbo und dar\u00fcber hinaus\" href=\"https:\/\/natuurhuisjezweden.nl\/de\/auf-wiedersehen-in-krusbo-und-darueber-hinaus\/\"><div class=\"thumbnail-container \">\n            <img loading=\"lazy\" decoding=\"async\" width=\"1920\" height=\"1552\" src=\"https:\/\/natuurhuisjezweden.nl\/wp-content\/uploads\/2023\/10\/Scherm\u00adafbeelding-2023-10-23-om-13.28.23-kopie.jpg\" class=\"attachment-full size-full wp-post-image\" alt=\"\" loading=\"lazy\" srcset=\"https:\/\/natuurhuisjezweden.nl\/wp-content\/uploads\/2023\/10\/Scherm\u00adafbeelding-2023-10-23-om-13.28.23-kopie.jpg 1920w, https:\/\/natuurhuisjezweden.nl\/wp-content\/uploads\/2023\/10\/Scherm\u00adafbeelding-2023-10-23-om-13.28.23-kopie-300x243.jpg 300w, https:\/\/natuurhuisjezweden.nl\/wp-content\/uploads\/2023\/10\/Scherm\u00adafbeelding-2023-10-23-om-13.28.23-kopie-1024x828.jpg 1024w, https:\/\/natuurhuisjezweden.nl\/wp-content\/uploads\/2023\/10\/Scherm\u00adafbeelding-2023-10-23-om-13.28.23-kopie-768x621.jpg 768w, https:\/\/natuurhuisjezweden.nl\/wp-content\/uploads\/2023\/10\/Scherm\u00adafbeelding-2023-10-23-om-13.28.23-kopie-1536x1242.jpg 1536w\" sizes=\"auto, (max-width: 1920px) 100vw, 1920px\" \/>\n        <\/div><\/a><\/div>\n                    <div class=\"jkit-postblock-content\"><h3 class=\"jkit-post-title\">\n\t\t\t\t\t\t\t<a href=\"https:\/\/natuurhuisjezweden.nl\/de\/auf-wiedersehen-in-krusbo-und-darueber-hinaus\/\">Auf Wiedersehen in Krusbo und dar\u00fcber hinaus<\/a>\n\t\t\t\t\t\t<\/h3><div class=\"jkit-post-excerpt\"><p>Die vergangenen sechs Jahre in Dalarna waren wunderbar. Nichts hat uns entt\u00e4uscht oder unsere Liebe zu Schweden geschm\u00e4lert. Im Gegenteil,...<\/p><\/div><\/div>\n                <\/article><article class=\"jkit-post post-3725 post type-post status-publish format-standard has-post-thumbnail hentry category-unkategorisiert\">\n                    <div class=\"jkit-thumb\"><a aria-label=\"Das Leben in Schweden &#8211; Ich bin beim Angeln\" href=\"https:\/\/natuurhuisjezweden.nl\/de\/das-leben-in-schweden-ich-bin-beim-angeln\/\"><div class=\"thumbnail-container \">\n            <img loading=\"lazy\" decoding=\"async\" width=\"1000\" height=\"750\" src=\"https:\/\/natuurhuisjezweden.nl\/wp-content\/uploads\/2018\/04\/vis-op-de-bbq.jpg\" class=\"attachment-full size-full wp-post-image\" alt=\"\" loading=\"lazy\" srcset=\"https:\/\/natuurhuisjezweden.nl\/wp-content\/uploads\/2018\/04\/vis-op-de-bbq.jpg 1000w, https:\/\/natuurhuisjezweden.nl\/wp-content\/uploads\/2018\/04\/vis-op-de-bbq-300x225.jpg 300w, https:\/\/natuurhuisjezweden.nl\/wp-content\/uploads\/2018\/04\/vis-op-de-bbq-768x576.jpg 768w\" sizes=\"auto, (max-width: 1000px) 100vw, 1000px\" \/>\n        <\/div><\/a><\/div>\n                    <div class=\"jkit-postblock-content\"><h3 class=\"jkit-post-title\">\n\t\t\t\t\t\t\t<a href=\"https:\/\/natuurhuisjezweden.nl\/de\/das-leben-in-schweden-ich-bin-beim-angeln\/\">Das Leben in Schweden &#8211; Ich bin beim Angeln<\/a>\n\t\t\t\t\t\t<\/h3><div class=\"jkit-post-excerpt\"><p>Als wir im letzten Herbst unser Abenteuer in Schweden mit dem Haus in Kn\u00e5pbodarna fortsetzten, h\u00f6rten wir die Geschichte hinter...<\/p><\/div><\/div>\n                <\/article><article class=\"jkit-post post-3780 post type-post status-publish format-standard has-post-thumbnail hentry category-unkategorisiert tag-schnee-schweden tag-schwedischer-winter\">\n                    <div class=\"jkit-thumb\"><a aria-label=\"Leben in Schweden &#8211; Schnee genug&#8230;\" href=\"https:\/\/natuurhuisjezweden.nl\/de\/leben-in-schweden-schnee-genug\/\"><div class=\"thumbnail-container \">\n            <img loading=\"lazy\" decoding=\"async\" width=\"1200\" height=\"1600\" src=\"https:\/\/natuurhuisjezweden.nl\/wp-content\/uploads\/2018\/03\/IMG-20180228-WA0039.jpg\" class=\"attachment-full size-full wp-post-image\" alt=\"\" loading=\"lazy\" srcset=\"https:\/\/natuurhuisjezweden.nl\/wp-content\/uploads\/2018\/03\/IMG-20180228-WA0039.jpg 1200w, https:\/\/natuurhuisjezweden.nl\/wp-content\/uploads\/2018\/03\/IMG-20180228-WA0039-225x300.jpg 225w, https:\/\/natuurhuisjezweden.nl\/wp-content\/uploads\/2018\/03\/IMG-20180228-WA0039-768x1024.jpg 768w\" sizes=\"auto, (max-width: 1200px) 100vw, 1200px\" \/>\n        <\/div><\/a><\/div>\n                    <div class=\"jkit-postblock-content\"><h3 class=\"jkit-post-title\">\n\t\t\t\t\t\t\t<a href=\"https:\/\/natuurhuisjezweden.nl\/de\/leben-in-schweden-schnee-genug\/\">Leben in Schweden &#8211; Schnee genug&#8230;<\/a>\n\t\t\t\t\t\t<\/h3><div class=\"jkit-post-excerpt\"><p>Ja, wir wollten Schnee, und zwar m\u00f6glichst viel Schnee. Ein echter schwedischer Winter, der von Oktober bis April andauert. Au\u00dferdem...<\/p><\/div><\/div>\n                <\/article><article class=\"jkit-post post-3817 post type-post status-publish format-standard has-post-thumbnail hentry category-unkategorisiert tag-knapbodarna-de tag-krusbo-de tag-schweden\">\n                    <div class=\"jkit-thumb\"><a aria-label=\"Leben in Schweden &#8211; Der Holzf\u00e4ller\" href=\"https:\/\/natuurhuisjezweden.nl\/de\/leben-in-schweden-der-holzfaeller\/\"><div class=\"thumbnail-container \">\n            <img loading=\"lazy\" decoding=\"async\" width=\"1200\" height=\"1600\" src=\"https:\/\/natuurhuisjezweden.nl\/wp-content\/uploads\/2018\/03\/IMG-20171118-WA00111.jpg\" class=\"attachment-full size-full wp-post-image\" alt=\"\" loading=\"lazy\" srcset=\"https:\/\/natuurhuisjezweden.nl\/wp-content\/uploads\/2018\/03\/IMG-20171118-WA00111.jpg 1200w, https:\/\/natuurhuisjezweden.nl\/wp-content\/uploads\/2018\/03\/IMG-20171118-WA00111-225x300.jpg 225w, https:\/\/natuurhuisjezweden.nl\/wp-content\/uploads\/2018\/03\/IMG-20171118-WA00111-768x1024.jpg 768w\" sizes=\"auto, (max-width: 1200px) 100vw, 1200px\" \/>\n        <\/div><\/a><\/div>\n                    <div class=\"jkit-postblock-content\"><h3 class=\"jkit-post-title\">\n\t\t\t\t\t\t\t<a href=\"https:\/\/natuurhuisjezweden.nl\/de\/leben-in-schweden-der-holzfaeller\/\">Leben in Schweden &#8211; Der Holzf\u00e4ller<\/a>\n\t\t\t\t\t\t<\/h3><div class=\"jkit-post-excerpt\"><p>In Schweden gibt es Wald, sehr viel Wald; der gr\u00f6\u00dfte Teil des Landes ist mit Wald bedeckt. Wenn Sie ein...<\/p><\/div><\/div>\n                <\/article>\n        <\/div><\/div><\/div>\t\t\t\t<\/div>\n\t\t\t\t<\/div>\n\t\t\t\t\t<\/div>\n\t\t<\/div>\n\t\t\t\t\t<\/div>\n\t\t<\/section>\n\t\t\t\t<section class=\"elementor-section elementor-top-section elementor-element elementor-element-8a4cdab elementor-section-boxed elementor-section-height-default elementor-section-height-default\" data-id=\"8a4cdab\" data-element_type=\"section\" data-e-type=\"section\" data-settings=\"{&quot;background_background&quot;:&quot;classic&quot;,&quot;jet_parallax_layout_list&quot;:[]}\">\n\t\t\t\t\t\t\t<div class=\"elementor-background-overlay\"><\/div>\n\t\t\t\t\t\t\t<div class=\"elementor-container elementor-column-gap-default\">\n\t\t\t\t\t<div class=\"elementor-column elementor-col-100 elementor-top-column elementor-element elementor-element-8db84b1\" data-id=\"8db84b1\" data-element_type=\"column\" data-e-type=\"column\">\n\t\t\t<div class=\"elementor-widget-wrap elementor-element-populated\">\n\t\t\t\t\t\t<div class=\"elementor-element elementor-element-b2686a7 elementor-widget elementor-widget-heading\" data-id=\"b2686a7\" data-element_type=\"widget\" data-e-type=\"widget\" data-widget_type=\"heading.default\">\n\t\t\t\t<div class=\"elementor-widget-container\">\n\t\t\t\t\t<h2 class=\"elementor-heading-title elementor-size-default\">Erlebe dein Schweden-Abenteuer!<\/h2>\t\t\t\t<\/div>\n\t\t\t\t<\/div>\n\t\t\t\t<div class=\"elementor-element elementor-element-9163c12 elementor-widget elementor-widget-text-editor\" data-id=\"9163c12\" data-element_type=\"widget\" data-e-type=\"widget\" data-widget_type=\"text-editor.default\">\n\t\t\t\t<div class=\"elementor-widget-container\">\n\t\t\t\t\t\t\t\t\t<p>Ergreifen Sie Ihre Chance und fahren Sie zum Ans\u00e4ttfj\u00e4llen in J\u00e4mtland, wo die Entspannung und der Genuss der beeindruckenden Wildnis sofort beginnen. Hier treffen Sie auf das Echte und Authentische!<\/p>\n\t\t\t\t\t\t\t\t<\/div>\n\t\t\t\t<\/div>\n\t\t\t\t<div class=\"elementor-element elementor-element-1eacad8 elementor-align-center elementor-widget elementor-widget-button\" data-id=\"1eacad8\" data-element_type=\"widget\" data-e-type=\"widget\" data-widget_type=\"button.default\">\n\t\t\t\t<div class=\"elementor-widget-container\">\n\t\t\t\t\t\t\t\t\t<div class=\"elementor-button-wrapper\">\n\t\t\t\t\t<a class=\"elementor-button elementor-button-link elementor-size-sm\" href=\"https:\/\/natuurhuisjezweden.nl\/de\/umgebung\/\">\n\t\t\t\t\t\t<span class=\"elementor-button-content-wrapper\">\n\t\t\t\t\t\t\t\t\t<span class=\"elementor-button-text\">Erkunden Sie die Umgebung<\/span>\n\t\t\t\t\t<\/span>\n\t\t\t\t\t<\/a>\n\t\t\t\t<\/div>\n\t\t\t\t\t\t\t\t<\/div>\n\t\t\t\t<\/div>\n\t\t\t\t\t<\/div>\n\t\t<\/div>\n\t\t\t\t\t<\/div>\n\t\t<\/section>\n\t\t\t\t<\/div>\n\t\t","protected":false},"excerpt":{"rendered":"<p>Startseite bericht bewerken Afscheid van Krusbo en verder De afgelopen 6 jaar in Dalarna waren prachtig. Niets heeft ons teleurgesteld of onze liefde voor Zweden doen verminderen. Integendeel,&#8230; bericht bewerken Zweden life &#8211; Ik ben vissen Toen we in het najaar van vorig jaar ons avontuur in Zweden gingen vervolgen met het huis in Kn\u00e5pbodarna, [&hellip;]<\/p>\n","protected":false},"author":1,"featured_media":0,"parent":0,"menu_order":0,"comment_status":"closed","ping_status":"closed","template":"","meta":{"footnotes":""},"class_list":["post-3748","page","type-page","status-publish","hentry"],"yoast_head":"<!-- This site is optimized with the Yoast SEO plugin v27.5 - https:\/\/yoast.com\/product\/yoast-seo-wordpress\/ -->\n<title>%<\/title>\n<meta name=\"description\" content=\"Suchen Sie nach tollen Blogs \u00fcber das wunderbare schwedische Leben? Suchen Sie nicht weiter! Lesen Sie weiter und genie\u00dfen Sie das Leben in der Natur in Dalarna in Mittelschweden.\" \/>\n<meta name=\"robots\" content=\"index, follow, max-snippet:-1, max-image-preview:large, max-video-preview:-1\" \/>\n<link rel=\"canonical\" href=\"https:\/\/natuurhuisjezweden.nl\/de\/blog\/\" \/>\n<meta property=\"og:locale\" content=\"de_DE\" \/>\n<meta property=\"og:type\" content=\"article\" \/>\n<meta property=\"og:title\" content=\"%\" \/>\n<meta property=\"og:description\" content=\"Suchen Sie nach tollen Blogs \u00fcber das wunderbare schwedische Leben? Suchen Sie nicht weiter! Lesen Sie weiter und genie\u00dfen Sie das Leben in der Natur in Dalarna in Mittelschweden.\" \/>\n<meta property=\"og:url\" content=\"https:\/\/natuurhuisjezweden.nl\/de\/blog\/\" \/>\n<meta property=\"og:site_name\" content=\"Naturfreundehaus Schweden\" \/>\n<meta property=\"article:publisher\" content=\"https:\/\/www.facebook.com\/natuurhuisjezweden\/\" \/>\n<meta property=\"article:modified_time\" content=\"2023-11-08T13:09:51+00:00\" \/>\n<meta property=\"og:image\" content=\"https:\/\/natuurhuisjezweden.nl\/wp-content\/uploads\/2018\/04\/vis-op-de-bbq.jpg\" \/>\n<meta name=\"twitter:card\" content=\"summary_large_image\" \/>\n<meta name=\"twitter:label1\" content=\"Gesch\u00e4tzte Lesezeit\" \/>\n\t<meta name=\"twitter:data1\" content=\"1\u00a0Minute\" \/>\n<script type=\"application\/ld+json\" class=\"yoast-schema-graph\">{\"@context\":\"https:\\\/\\\/schema.org\",\"@graph\":[{\"@type\":\"WebPage\",\"@id\":\"https:\\\/\\\/natuurhuisjezweden.nl\\\/de\\\/blog\\\/\",\"url\":\"https:\\\/\\\/natuurhuisjezweden.nl\\\/de\\\/blog\\\/\",\"name\":\"%\",\"isPartOf\":{\"@id\":\"https:\\\/\\\/natuurhuisjezweden.nl\\\/de\\\/#website\"},\"primaryImageOfPage\":{\"@id\":\"https:\\\/\\\/natuurhuisjezweden.nl\\\/de\\\/blog\\\/#primaryimage\"},\"image\":{\"@id\":\"https:\\\/\\\/natuurhuisjezweden.nl\\\/de\\\/blog\\\/#primaryimage\"},\"thumbnailUrl\":\"https:\\\/\\\/natuurhuisjezweden.nl\\\/wp-content\\\/uploads\\\/2018\\\/04\\\/vis-op-de-bbq.jpg\",\"datePublished\":\"2018-02-13T08:45:00+00:00\",\"dateModified\":\"2023-11-08T13:09:51+00:00\",\"description\":\"Suchen Sie nach tollen Blogs \u00fcber das wunderbare schwedische Leben? Suchen Sie nicht weiter! Lesen Sie weiter und genie\u00dfen Sie das Leben in der Natur in Dalarna in Mittelschweden.\",\"breadcrumb\":{\"@id\":\"https:\\\/\\\/natuurhuisjezweden.nl\\\/de\\\/blog\\\/#breadcrumb\"},\"inLanguage\":\"de\",\"potentialAction\":[{\"@type\":\"ReadAction\",\"target\":[\"https:\\\/\\\/natuurhuisjezweden.nl\\\/de\\\/blog\\\/\"]}]},{\"@type\":\"ImageObject\",\"inLanguage\":\"de\",\"@id\":\"https:\\\/\\\/natuurhuisjezweden.nl\\\/de\\\/blog\\\/#primaryimage\",\"url\":\"https:\\\/\\\/natuurhuisjezweden.nl\\\/wp-content\\\/uploads\\\/2018\\\/04\\\/vis-op-de-bbq.jpg\",\"contentUrl\":\"https:\\\/\\\/natuurhuisjezweden.nl\\\/wp-content\\\/uploads\\\/2018\\\/04\\\/vis-op-de-bbq.jpg\"},{\"@type\":\"BreadcrumbList\",\"@id\":\"https:\\\/\\\/natuurhuisjezweden.nl\\\/de\\\/blog\\\/#breadcrumb\",\"itemListElement\":[{\"@type\":\"ListItem\",\"position\":1,\"name\":\"Startseite\",\"item\":\"https:\\\/\\\/natuurhuisjezweden.nl\\\/de\\\/\"},{\"@type\":\"ListItem\",\"position\":2,\"name\":\"Blog\"}]},{\"@type\":\"WebSite\",\"@id\":\"https:\\\/\\\/natuurhuisjezweden.nl\\\/de\\\/#website\",\"url\":\"https:\\\/\\\/natuurhuisjezweden.nl\\\/de\\\/\",\"name\":\"Natuurhuisje Zweden\",\"description\":\"Buchen Sie Ihr Schweden-Abenteuer\",\"publisher\":{\"@id\":\"https:\\\/\\\/natuurhuisjezweden.nl\\\/de\\\/#organization\"},\"potentialAction\":[{\"@type\":\"SearchAction\",\"target\":{\"@type\":\"EntryPoint\",\"urlTemplate\":\"https:\\\/\\\/natuurhuisjezweden.nl\\\/de\\\/?s={search_term_string}\"},\"query-input\":{\"@type\":\"PropertyValueSpecification\",\"valueRequired\":true,\"valueName\":\"search_term_string\"}}],\"inLanguage\":\"de\"},{\"@type\":\"Organization\",\"@id\":\"https:\\\/\\\/natuurhuisjezweden.nl\\\/de\\\/#organization\",\"name\":\"Naturfreundehaus Schweden\",\"url\":\"https:\\\/\\\/natuurhuisjezweden.nl\\\/de\\\/\",\"logo\":{\"@type\":\"ImageObject\",\"inLanguage\":\"de\",\"@id\":\"https:\\\/\\\/natuurhuisjezweden.nl\\\/de\\\/#\\\/schema\\\/logo\\\/image\\\/\",\"url\":\"https:\\\/\\\/natuurhuisjezweden.nl\\\/wp-content\\\/uploads\\\/2023\\\/10\\\/Natuurhuisje-zweden-logo-nieuw.png\",\"contentUrl\":\"https:\\\/\\\/natuurhuisjezweden.nl\\\/wp-content\\\/uploads\\\/2023\\\/10\\\/Natuurhuisje-zweden-logo-nieuw.png\",\"width\":454,\"height\":375,\"caption\":\"Naturfreundehaus Schweden\"},\"image\":{\"@id\":\"https:\\\/\\\/natuurhuisjezweden.nl\\\/de\\\/#\\\/schema\\\/logo\\\/image\\\/\"},\"sameAs\":[\"https:\\\/\\\/www.facebook.com\\\/natuurhuisjezweden\\\/\",\"https:\\\/\\\/www.instagram.com\\\/natuurhuisjezweden\\\/\"]}]}<\/script>\n<!-- \/ Yoast SEO plugin. -->","yoast_head_json":{"title":"%","description":"Suchen Sie nach tollen Blogs \u00fcber das wunderbare schwedische Leben? Suchen Sie nicht weiter! Lesen Sie weiter und genie\u00dfen Sie das Leben in der Natur in Dalarna in Mittelschweden.","robots":{"index":"index","follow":"follow","max-snippet":"max-snippet:-1","max-image-preview":"max-image-preview:large","max-video-preview":"max-video-preview:-1"},"canonical":"https:\/\/natuurhuisjezweden.nl\/de\/blog\/","og_locale":"de_DE","og_type":"article","og_title":"%","og_description":"Suchen Sie nach tollen Blogs \u00fcber das wunderbare schwedische Leben? Suchen Sie nicht weiter! Lesen Sie weiter und genie\u00dfen Sie das Leben in der Natur in Dalarna in Mittelschweden.","og_url":"https:\/\/natuurhuisjezweden.nl\/de\/blog\/","og_site_name":"Naturfreundehaus Schweden","article_publisher":"https:\/\/www.facebook.com\/natuurhuisjezweden\/","article_modified_time":"2023-11-08T13:09:51+00:00","og_image":[{"url":"https:\/\/natuurhuisjezweden.nl\/wp-content\/uploads\/2018\/04\/vis-op-de-bbq.jpg","type":"","width":"","height":""}],"twitter_card":"summary_large_image","twitter_misc":{"Gesch\u00e4tzte Lesezeit":"1\u00a0Minute"},"schema":{"@context":"https:\/\/schema.org","@graph":[{"@type":"WebPage","@id":"https:\/\/natuurhuisjezweden.nl\/de\/blog\/","url":"https:\/\/natuurhuisjezweden.nl\/de\/blog\/","name":"%","isPartOf":{"@id":"https:\/\/natuurhuisjezweden.nl\/de\/#website"},"primaryImageOfPage":{"@id":"https:\/\/natuurhuisjezweden.nl\/de\/blog\/#primaryimage"},"image":{"@id":"https:\/\/natuurhuisjezweden.nl\/de\/blog\/#primaryimage"},"thumbnailUrl":"https:\/\/natuurhuisjezweden.nl\/wp-content\/uploads\/2018\/04\/vis-op-de-bbq.jpg","datePublished":"2018-02-13T08:45:00+00:00","dateModified":"2023-11-08T13:09:51+00:00","description":"Suchen Sie nach tollen Blogs \u00fcber das wunderbare schwedische Leben? Suchen Sie nicht weiter! Lesen Sie weiter und genie\u00dfen Sie das Leben in der Natur in Dalarna in Mittelschweden.","breadcrumb":{"@id":"https:\/\/natuurhuisjezweden.nl\/de\/blog\/#breadcrumb"},"inLanguage":"de","potentialAction":[{"@type":"ReadAction","target":["https:\/\/natuurhuisjezweden.nl\/de\/blog\/"]}]},{"@type":"ImageObject","inLanguage":"de","@id":"https:\/\/natuurhuisjezweden.nl\/de\/blog\/#primaryimage","url":"https:\/\/natuurhuisjezweden.nl\/wp-content\/uploads\/2018\/04\/vis-op-de-bbq.jpg","contentUrl":"https:\/\/natuurhuisjezweden.nl\/wp-content\/uploads\/2018\/04\/vis-op-de-bbq.jpg"},{"@type":"BreadcrumbList","@id":"https:\/\/natuurhuisjezweden.nl\/de\/blog\/#breadcrumb","itemListElement":[{"@type":"ListItem","position":1,"name":"Startseite","item":"https:\/\/natuurhuisjezweden.nl\/de\/"},{"@type":"ListItem","position":2,"name":"Blog"}]},{"@type":"WebSite","@id":"https:\/\/natuurhuisjezweden.nl\/de\/#website","url":"https:\/\/natuurhuisjezweden.nl\/de\/","name":"Natuurhuisje Zweden","description":"Buchen Sie Ihr Schweden-Abenteuer","publisher":{"@id":"https:\/\/natuurhuisjezweden.nl\/de\/#organization"},"potentialAction":[{"@type":"SearchAction","target":{"@type":"EntryPoint","urlTemplate":"https:\/\/natuurhuisjezweden.nl\/de\/?s={search_term_string}"},"query-input":{"@type":"PropertyValueSpecification","valueRequired":true,"valueName":"search_term_string"}}],"inLanguage":"de"},{"@type":"Organization","@id":"https:\/\/natuurhuisjezweden.nl\/de\/#organization","name":"Naturfreundehaus Schweden","url":"https:\/\/natuurhuisjezweden.nl\/de\/","logo":{"@type":"ImageObject","inLanguage":"de","@id":"https:\/\/natuurhuisjezweden.nl\/de\/#\/schema\/logo\/image\/","url":"https:\/\/natuurhuisjezweden.nl\/wp-content\/uploads\/2023\/10\/Natuurhuisje-zweden-logo-nieuw.png","contentUrl":"https:\/\/natuurhuisjezweden.nl\/wp-content\/uploads\/2023\/10\/Natuurhuisje-zweden-logo-nieuw.png","width":454,"height":375,"caption":"Naturfreundehaus Schweden"},"image":{"@id":"https:\/\/natuurhuisjezweden.nl\/de\/#\/schema\/logo\/image\/"},"sameAs":["https:\/\/www.facebook.com\/natuurhuisjezweden\/","https:\/\/www.instagram.com\/natuurhuisjezweden\/"]}]}},"_links":{"self":[{"href":"https:\/\/natuurhuisjezweden.nl\/de\/wp-json\/wp\/v2\/pages\/3748","targetHints":{"allow":["GET"]}}],"collection":[{"href":"https:\/\/natuurhuisjezweden.nl\/de\/wp-json\/wp\/v2\/pages"}],"about":[{"href":"https:\/\/natuurhuisjezweden.nl\/de\/wp-json\/wp\/v2\/types\/page"}],"author":[{"embeddable":true,"href":"https:\/\/natuurhuisjezweden.nl\/de\/wp-json\/wp\/v2\/users\/1"}],"replies":[{"embeddable":true,"href":"https:\/\/natuurhuisjezweden.nl\/de\/wp-json\/wp\/v2\/comments?post=3748"}],"version-history":[{"count":3,"href":"https:\/\/natuurhuisjezweden.nl\/de\/wp-json\/wp\/v2\/pages\/3748\/revisions"}],"predecessor-version":[{"id":3868,"href":"https:\/\/natuurhuisjezweden.nl\/de\/wp-json\/wp\/v2\/pages\/3748\/revisions\/3868"}],"wp:attachment":[{"href":"https:\/\/natuurhuisjezweden.nl\/de\/wp-json\/wp\/v2\/media?parent=3748"}],"curies":[{"name":"wp","href":"https:\/\/api.w.org\/{rel}","templated":true}]}}