{"id":3699,"date":"2023-10-04T10:38:52","date_gmt":"2023-10-04T08:38:52","guid":{"rendered":"https:\/\/natuurhuisjezweden.nl\/oenrun\/"},"modified":"2023-11-08T14:24:21","modified_gmt":"2023-11-08T13:24:21","slug":"oenrun","status":"publish","type":"page","link":"https:\/\/natuurhuisjezweden.nl\/de\/bleiben-sie\/oenrun\/","title":{"rendered":"\u00d6nrun"},"content":{"rendered":"\t\t<div data-elementor-type=\"wp-page\" data-elementor-id=\"3699\" class=\"elementor elementor-3699 elementor-1508\" data-elementor-post-type=\"page\">\n\t\t\t\t\t\t<section class=\"elementor-section elementor-top-section elementor-element elementor-element-42387e9 elementor-section-boxed elementor-section-height-default elementor-section-height-default\" data-id=\"42387e9\" data-element_type=\"section\" data-e-type=\"section\" data-settings=\"{&quot;background_background&quot;:&quot;classic&quot;,&quot;jet_parallax_layout_list&quot;:[]}\">\n\t\t\t\t\t\t\t<div class=\"elementor-background-overlay\"><\/div>\n\t\t\t\t\t\t\t<div class=\"elementor-container elementor-column-gap-default\">\n\t\t\t\t\t<div class=\"elementor-column elementor-col-100 elementor-top-column elementor-element elementor-element-1baf79a\" data-id=\"1baf79a\" data-element_type=\"column\" data-e-type=\"column\">\n\t\t\t<div class=\"elementor-widget-wrap elementor-element-populated\">\n\t\t\t\t\t\t<div class=\"elementor-element elementor-element-08ecc56 elementor-align-center elementor-icon-list--layout-inline elementor-mobile-align-start elementor-list-item-link-full_width elementor-widget elementor-widget-icon-list\" data-id=\"08ecc56\" data-element_type=\"widget\" data-e-type=\"widget\" data-widget_type=\"icon-list.default\">\n\t\t\t\t<div class=\"elementor-widget-container\">\n\t\t\t\t\t\t\t<ul class=\"elementor-icon-list-items elementor-inline-items\">\n\t\t\t\t\t\t\t<li class=\"elementor-icon-list-item elementor-inline-item\">\n\t\t\t\t\t\t\t\t\t\t\t<a href=\"https:\/\/natuurhuisjezweden.nl\/de\/\">\n\n\t\t\t\t\t\t\t\t\t\t\t<span class=\"elementor-icon-list-text\">Startseite<\/span>\n\t\t\t\t\t\t\t\t\t\t\t<\/a>\n\t\t\t\t\t\t\t\t\t<\/li>\n\t\t\t\t\t\t\t\t<li class=\"elementor-icon-list-item elementor-inline-item\">\n\t\t\t\t\t\t\t\t\t\t\t<span class=\"elementor-icon-list-icon\">\n\t\t\t\t\t\t\t<i aria-hidden=\"true\" class=\"fas fa-chevron-right\"><\/i>\t\t\t\t\t\t<\/span>\n\t\t\t\t\t\t\t\t\t\t<span class=\"elementor-icon-list-text\">Bleiben Sie<\/span>\n\t\t\t\t\t\t\t\t\t<\/li>\n\t\t\t\t\t\t\t\t<li class=\"elementor-icon-list-item elementor-inline-item\">\n\t\t\t\t\t\t\t\t\t\t\t<span class=\"elementor-icon-list-icon\">\n\t\t\t\t\t\t\t<i aria-hidden=\"true\" class=\"fas fa-chevron-right\"><\/i>\t\t\t\t\t\t<\/span>\n\t\t\t\t\t\t\t\t\t\t<span class=\"elementor-icon-list-text\"><\/span>\n\t\t\t\t\t\t\t\t\t<\/li>\n\t\t\t\t\t\t<\/ul>\n\t\t\t\t\t\t<\/div>\n\t\t\t\t<\/div>\n\t\t\t\t\t<\/div>\n\t\t<\/div>\n\t\t\t\t\t<\/div>\n\t\t<\/section>\n\t\t\t\t<section class=\"elementor-section elementor-top-section elementor-element elementor-element-9099ceb elementor-section-boxed elementor-section-height-default elementor-section-height-default\" data-id=\"9099ceb\" data-element_type=\"section\" data-e-type=\"section\" data-settings=\"{&quot;background_background&quot;:&quot;classic&quot;,&quot;jet_parallax_layout_list&quot;:[]}\">\n\t\t\t\t\t\t<div class=\"elementor-container elementor-column-gap-default\">\n\t\t\t\t\t<div class=\"elementor-column elementor-col-100 elementor-top-column elementor-element elementor-element-572d436\" data-id=\"572d436\" data-element_type=\"column\" data-e-type=\"column\">\n\t\t\t<div class=\"elementor-widget-wrap elementor-element-populated\">\n\t\t\t\t\t\t<div class=\"elementor-element elementor-element-af8f7bf elementor-widget elementor-widget-jet-carousel\" data-id=\"af8f7bf\" data-element_type=\"widget\" data-e-type=\"widget\" data-settings=\"{&quot;slides_to_show&quot;:&quot;3&quot;,&quot;slides_to_show_tablet&quot;:&quot;2&quot;,&quot;slides_to_show_mobile&quot;:&quot;1&quot;,&quot;slides_to_scroll&quot;:&quot;1&quot;}\" data-widget_type=\"jet-carousel.default\">\n\t\t\t\t<div class=\"elementor-widget-container\">\n\t\t\t\t\t<div class=\"elementor-jet-carousel jet-elements\"><div class=\"jet-carousel-wrap jet-equal-cols\">\n\t<div class=\"jet-carousel\" data-slider_options=\"{&quot;autoplaySpeed&quot;:5000,&quot;autoplay&quot;:true,&quot;infinite&quot;:true,&quot;centerMode&quot;:false,&quot;centerPadding&quot;:&quot;50px&quot;,&quot;pauseOnHover&quot;:false,&quot;speed&quot;:500,&quot;arrows&quot;:false,&quot;dots&quot;:true,&quot;variableWidth&quot;:false,&quot;prevArrow&quot;:&quot;.jet-carousel__prev-arrow-af8f7bf&quot;,&quot;nextArrow&quot;:&quot;.jet-carousel__next-arrow-af8f7bf&quot;,&quot;rtl&quot;:false,&quot;fractionNav&quot;:false}\" dir=\"ltr\">\n\t<div class=\"elementor-slick-slider\">\n\n<div class=\"jet-carousel__item\">\n\t<div class=\"jet-carousel__item-inner\"><a href=\"https:\/\/natuurhuisjezweden.nl\/de\/bleiben-sie\/oenrun\/berghuis-hoegrun\/\" class=\"jet-carousel__item-link\" ><img decoding=\"async\" src=\"https:\/\/natuurhuisjezweden.nl\/wp-content\/uploads\/2023\/10\/20221110_111327.jpg\" class=\"jet-carousel__item-img\" alt=\"20221110_111327\" loading=\"lazy\"><\/a><div class=\"jet-carousel__content\"><h2 class=\"jet-carousel__item-title\">Berghuis H\u00f6grun<\/h2><div class=\"jet-carousel__item-text\"><p>Diese Immobilie umfasst ein Wohnzimmer, eine K\u00fcche, ein Esszimmer, einen Flur, ein Badezimmer...<\/p><\/div><a class=\"elementor-button elementor-size-md jet-carousel__item-button\" href=\"https:\/\/natuurhuisjezweden.nl\/de\/bleiben-sie\/oenrun\/berghuis-hoegrun\/\">Ansicht der H\u00fctte<\/a><\/div><\/div>\n<\/div>\n<\/div><\/div>\n<\/div>\n<\/div>\t\t\t\t<\/div>\n\t\t\t\t<\/div>\n\t\t\t\t\t<\/div>\n\t\t<\/div>\n\t\t\t\t\t<\/div>\n\t\t<\/section>\n\t\t\t\t<section class=\"elementor-section elementor-top-section elementor-element elementor-element-b9c73db elementor-reverse-tablet elementor-reverse-mobile elementor-section-boxed elementor-section-height-default elementor-section-height-default\" data-id=\"b9c73db\" data-element_type=\"section\" data-e-type=\"section\" data-settings=\"{&quot;jet_parallax_layout_list&quot;:[]}\">\n\t\t\t\t\t\t<div class=\"elementor-container elementor-column-gap-default\">\n\t\t\t\t\t<div class=\"elementor-column elementor-col-100 elementor-top-column elementor-element elementor-element-9f4c244\" data-id=\"9f4c244\" data-element_type=\"column\" data-e-type=\"column\">\n\t\t\t<div class=\"elementor-widget-wrap elementor-element-populated\">\n\t\t\t\t\t\t<div class=\"elementor-element elementor-element-783e94d elementor-widget elementor-widget-heading\" data-id=\"783e94d\" data-element_type=\"widget\" data-e-type=\"widget\" data-widget_type=\"heading.default\">\n\t\t\t\t<div class=\"elementor-widget-container\">\n\t\t\t\t\t<h2 class=\"elementor-heading-title elementor-size-default\">Informationen zum Standort<\/h2>\t\t\t\t<\/div>\n\t\t\t\t<\/div>\n\t\t\t\t<div class=\"elementor-element elementor-element-ca60b72 elementor-widget elementor-widget-text-editor\" data-id=\"ca60b72\" data-element_type=\"widget\" data-e-type=\"widget\" data-widget_type=\"text-editor.default\">\n\t\t\t\t<div class=\"elementor-widget-container\">\n\t\t\t\t\t\t\t\t\t<p>Unser stimmungsvolles und gem\u00fctliches Holzhaus auf dem Berg \u00d6nrun. Vom Gipfel des Berges (856 m) haben Sie einen atemberaubenden Blick auf die umliegenden Gipfel und nach Norwegen. Die Schweden selbst sagen, dass dies die weiteste Aussicht in ganz Schweden ist. Im Sommer kann man hier gut wandern, und im Winter ist dieser Berg mit seinen Motorschlitten- und Skiloipen ein wichtiger Bestandteil des Wintersports. An diesem Ort laufen die Rentiere buchst\u00e4blich um Ihr Haus herum.<\/p>\n\t\t\t\t\t\t\t\t<\/div>\n\t\t\t\t<\/div>\n\t\t\t\t\t<\/div>\n\t\t<\/div>\n\t\t\t\t\t<\/div>\n\t\t<\/section>\n\t\t\t\t<section class=\"elementor-section elementor-top-section elementor-element elementor-element-6e1895e elementor-section-boxed elementor-section-height-default elementor-section-height-default\" data-id=\"6e1895e\" data-element_type=\"section\" data-e-type=\"section\" data-settings=\"{&quot;background_background&quot;:&quot;classic&quot;,&quot;jet_parallax_layout_list&quot;:[]}\">\n\t\t\t\t\t\t\t<div class=\"elementor-background-overlay\"><\/div>\n\t\t\t\t\t\t\t<div class=\"elementor-container elementor-column-gap-default\">\n\t\t\t\t\t<div class=\"elementor-column elementor-col-100 elementor-top-column elementor-element elementor-element-7cbc191\" data-id=\"7cbc191\" data-element_type=\"column\" data-e-type=\"column\">\n\t\t\t<div class=\"elementor-widget-wrap elementor-element-populated\">\n\t\t\t\t\t\t<div class=\"elementor-element elementor-element-fcc7bec elementor-widget elementor-widget-heading\" data-id=\"fcc7bec\" data-element_type=\"widget\" data-e-type=\"widget\" data-widget_type=\"heading.default\">\n\t\t\t\t<div class=\"elementor-widget-container\">\n\t\t\t\t\t<h2 class=\"elementor-heading-title elementor-size-default\">Erlebe dein Schweden-Abenteuer!<\/h2>\t\t\t\t<\/div>\n\t\t\t\t<\/div>\n\t\t\t\t<div class=\"elementor-element elementor-element-16dfb8b elementor-widget elementor-widget-text-editor\" data-id=\"16dfb8b\" data-element_type=\"widget\" data-e-type=\"widget\" data-widget_type=\"text-editor.default\">\n\t\t\t\t<div class=\"elementor-widget-container\">\n\t\t\t\t\t\t\t\t\t<p>Ergreifen Sie Ihre Chance und fahren Sie zum Ans\u00e4ttfj\u00e4llen in J\u00e4mtland, wo die Entspannung und der Genuss der beeindruckenden Wildnis sofort beginnen. Hier treffen Sie auf das Echte und Authentische!<\/p>\n\t\t\t\t\t\t\t\t<\/div>\n\t\t\t\t<\/div>\n\t\t\t\t<div class=\"elementor-element elementor-element-4156593 elementor-align-center elementor-widget elementor-widget-button\" data-id=\"4156593\" data-element_type=\"widget\" data-e-type=\"widget\" data-widget_type=\"button.default\">\n\t\t\t\t<div class=\"elementor-widget-container\">\n\t\t\t\t\t\t\t\t\t<div class=\"elementor-button-wrapper\">\n\t\t\t\t\t<a class=\"elementor-button elementor-button-link elementor-size-sm\" href=\"https:\/\/natuurhuisjezweden.nl\/de\/umgebung\/\">\n\t\t\t\t\t\t<span class=\"elementor-button-content-wrapper\">\n\t\t\t\t\t\t\t\t\t<span class=\"elementor-button-text\">Erkunden Sie die Umgebung<\/span>\n\t\t\t\t\t<\/span>\n\t\t\t\t\t<\/a>\n\t\t\t\t<\/div>\n\t\t\t\t\t\t\t\t<\/div>\n\t\t\t\t<\/div>\n\t\t\t\t\t<\/div>\n\t\t<\/div>\n\t\t\t\t\t<\/div>\n\t\t<\/section>\n\t\t\t\t<\/div>\n\t\t","protected":false},"excerpt":{"rendered":"<p>Startseite Bleiben Sie Berghuis H\u00f6grun Diese Immobilie umfasst ein Wohnzimmer, eine K\u00fcche, ein Esszimmer, einen Flur, ein Badezimmer&#8230; Ansicht der H\u00fctte Informationen zum Standort Unser stimmungsvolles und gem\u00fctliches Holzhaus auf dem Berg \u00d6nrun. Vom Gipfel des Berges (856 m) haben Sie einen atemberaubenden Blick auf die umliegenden Gipfel und nach Norwegen. Die Schweden selbst sagen, [&hellip;]<\/p>\n","protected":false},"author":1,"featured_media":3176,"parent":3797,"menu_order":0,"comment_status":"closed","ping_status":"closed","template":"","meta":{"footnotes":""},"class_list":["post-3699","page","type-page","status-publish","has-post-thumbnail","hentry"],"yoast_head":"<!-- This site is optimized with the Yoast SEO plugin v27.6 - https:\/\/yoast.com\/product\/yoast-seo-wordpress\/ -->\n<title>%<\/title>\n<meta name=\"robots\" content=\"index, follow, max-snippet:-1, max-image-preview:large, max-video-preview:-1\" \/>\n<link rel=\"canonical\" href=\"https:\/\/natuurhuisjezweden.nl\/de\/bleiben-sie\/oenrun\/\" \/>\n<meta property=\"og:locale\" content=\"de_DE\" \/>\n<meta property=\"og:type\" content=\"article\" \/>\n<meta property=\"og:title\" content=\"%\" \/>\n<meta property=\"og:description\" content=\"Startseite Bleiben Sie Berghuis H\u00f6grun Diese Immobilie umfasst ein Wohnzimmer, eine K\u00fcche, ein Esszimmer, einen Flur, ein Badezimmer&#8230; Ansicht der H\u00fctte Informationen zum Standort Unser stimmungsvolles und gem\u00fctliches Holzhaus auf dem Berg \u00d6nrun. Vom Gipfel des Berges (856 m) haben Sie einen atemberaubenden Blick auf die umliegenden Gipfel und nach Norwegen. Die Schweden selbst sagen, [&hellip;]\" \/>\n<meta property=\"og:url\" content=\"https:\/\/natuurhuisjezweden.nl\/de\/bleiben-sie\/oenrun\/\" \/>\n<meta property=\"og:site_name\" content=\"Naturfreundehaus Schweden\" \/>\n<meta property=\"article:publisher\" content=\"https:\/\/www.facebook.com\/natuurhuisjezweden\/\" \/>\n<meta property=\"article:modified_time\" content=\"2023-11-08T13:24:21+00:00\" \/>\n<meta property=\"og:image\" content=\"https:\/\/natuurhuisjezweden.nl\/wp-content\/uploads\/2023\/09\/d21c715d-26c3-4fd5-8f56-729a01a05c8c.jpeg.webp\" \/>\n\t<meta property=\"og:image:width\" content=\"720\" \/>\n\t<meta property=\"og:image:height\" content=\"960\" \/>\n\t<meta property=\"og:image:type\" content=\"image\/webp\" \/>\n<meta name=\"twitter:card\" content=\"summary_large_image\" \/>\n<meta name=\"twitter:label1\" content=\"Gesch\u00e4tzte Lesezeit\" \/>\n\t<meta name=\"twitter:data1\" content=\"1\u00a0Minute\" \/>\n<script type=\"application\/ld+json\" class=\"yoast-schema-graph\">{\"@context\":\"https:\\\/\\\/schema.org\",\"@graph\":[{\"@type\":\"WebPage\",\"@id\":\"https:\\\/\\\/natuurhuisjezweden.nl\\\/de\\\/bleiben-sie\\\/oenrun\\\/\",\"url\":\"https:\\\/\\\/natuurhuisjezweden.nl\\\/de\\\/bleiben-sie\\\/oenrun\\\/\",\"name\":\"%\",\"isPartOf\":{\"@id\":\"https:\\\/\\\/natuurhuisjezweden.nl\\\/de\\\/#website\"},\"primaryImageOfPage\":{\"@id\":\"https:\\\/\\\/natuurhuisjezweden.nl\\\/de\\\/bleiben-sie\\\/oenrun\\\/#primaryimage\"},\"image\":{\"@id\":\"https:\\\/\\\/natuurhuisjezweden.nl\\\/de\\\/bleiben-sie\\\/oenrun\\\/#primaryimage\"},\"thumbnailUrl\":\"https:\\\/\\\/natuurhuisjezweden.nl\\\/wp-content\\\/uploads\\\/2023\\\/09\\\/d21c715d-26c3-4fd5-8f56-729a01a05c8c.jpeg.webp\",\"datePublished\":\"2023-10-04T08:38:52+00:00\",\"dateModified\":\"2023-11-08T13:24:21+00:00\",\"breadcrumb\":{\"@id\":\"https:\\\/\\\/natuurhuisjezweden.nl\\\/de\\\/bleiben-sie\\\/oenrun\\\/#breadcrumb\"},\"inLanguage\":\"de\",\"potentialAction\":[{\"@type\":\"ReadAction\",\"target\":[\"https:\\\/\\\/natuurhuisjezweden.nl\\\/de\\\/bleiben-sie\\\/oenrun\\\/\"]}]},{\"@type\":\"ImageObject\",\"inLanguage\":\"de\",\"@id\":\"https:\\\/\\\/natuurhuisjezweden.nl\\\/de\\\/bleiben-sie\\\/oenrun\\\/#primaryimage\",\"url\":\"https:\\\/\\\/natuurhuisjezweden.nl\\\/wp-content\\\/uploads\\\/2023\\\/09\\\/d21c715d-26c3-4fd5-8f56-729a01a05c8c.jpeg.webp\",\"contentUrl\":\"https:\\\/\\\/natuurhuisjezweden.nl\\\/wp-content\\\/uploads\\\/2023\\\/09\\\/d21c715d-26c3-4fd5-8f56-729a01a05c8c.jpeg.webp\",\"width\":720,\"height\":960},{\"@type\":\"BreadcrumbList\",\"@id\":\"https:\\\/\\\/natuurhuisjezweden.nl\\\/de\\\/bleiben-sie\\\/oenrun\\\/#breadcrumb\",\"itemListElement\":[{\"@type\":\"ListItem\",\"position\":1,\"name\":\"Startseite\",\"item\":\"https:\\\/\\\/natuurhuisjezweden.nl\\\/de\\\/\"},{\"@type\":\"ListItem\",\"position\":2,\"name\":\"Bleiben Sie\",\"item\":\"https:\\\/\\\/natuurhuisjezweden.nl\\\/de\\\/verblijf\\\/\"},{\"@type\":\"ListItem\",\"position\":3,\"name\":\"\u00d6nrun\"}]},{\"@type\":\"WebSite\",\"@id\":\"https:\\\/\\\/natuurhuisjezweden.nl\\\/de\\\/#website\",\"url\":\"https:\\\/\\\/natuurhuisjezweden.nl\\\/de\\\/\",\"name\":\"Natuurhuisje Zweden\",\"description\":\"Buchen Sie Ihr Schweden-Abenteuer\",\"publisher\":{\"@id\":\"https:\\\/\\\/natuurhuisjezweden.nl\\\/de\\\/#organization\"},\"potentialAction\":[{\"@type\":\"SearchAction\",\"target\":{\"@type\":\"EntryPoint\",\"urlTemplate\":\"https:\\\/\\\/natuurhuisjezweden.nl\\\/de\\\/?s={search_term_string}\"},\"query-input\":{\"@type\":\"PropertyValueSpecification\",\"valueRequired\":true,\"valueName\":\"search_term_string\"}}],\"inLanguage\":\"de\"},{\"@type\":\"Organization\",\"@id\":\"https:\\\/\\\/natuurhuisjezweden.nl\\\/de\\\/#organization\",\"name\":\"Naturfreundehaus Schweden\",\"url\":\"https:\\\/\\\/natuurhuisjezweden.nl\\\/de\\\/\",\"logo\":{\"@type\":\"ImageObject\",\"inLanguage\":\"de\",\"@id\":\"https:\\\/\\\/natuurhuisjezweden.nl\\\/de\\\/#\\\/schema\\\/logo\\\/image\\\/\",\"url\":\"https:\\\/\\\/natuurhuisjezweden.nl\\\/wp-content\\\/uploads\\\/2023\\\/10\\\/Natuurhuisje-zweden-logo-nieuw.png\",\"contentUrl\":\"https:\\\/\\\/natuurhuisjezweden.nl\\\/wp-content\\\/uploads\\\/2023\\\/10\\\/Natuurhuisje-zweden-logo-nieuw.png\",\"width\":454,\"height\":375,\"caption\":\"Naturfreundehaus Schweden\"},\"image\":{\"@id\":\"https:\\\/\\\/natuurhuisjezweden.nl\\\/de\\\/#\\\/schema\\\/logo\\\/image\\\/\"},\"sameAs\":[\"https:\\\/\\\/www.facebook.com\\\/natuurhuisjezweden\\\/\",\"https:\\\/\\\/www.instagram.com\\\/natuurhuisjezweden\\\/\"]}]}<\/script>\n<!-- \/ Yoast SEO plugin. -->","yoast_head_json":{"title":"%","robots":{"index":"index","follow":"follow","max-snippet":"max-snippet:-1","max-image-preview":"max-image-preview:large","max-video-preview":"max-video-preview:-1"},"canonical":"https:\/\/natuurhuisjezweden.nl\/de\/bleiben-sie\/oenrun\/","og_locale":"de_DE","og_type":"article","og_title":"%","og_description":"Startseite Bleiben Sie Berghuis H\u00f6grun Diese Immobilie umfasst ein Wohnzimmer, eine K\u00fcche, ein Esszimmer, einen Flur, ein Badezimmer&#8230; Ansicht der H\u00fctte Informationen zum Standort Unser stimmungsvolles und gem\u00fctliches Holzhaus auf dem Berg \u00d6nrun. Vom Gipfel des Berges (856 m) haben Sie einen atemberaubenden Blick auf die umliegenden Gipfel und nach Norwegen. Die Schweden selbst sagen, [&hellip;]","og_url":"https:\/\/natuurhuisjezweden.nl\/de\/bleiben-sie\/oenrun\/","og_site_name":"Naturfreundehaus Schweden","article_publisher":"https:\/\/www.facebook.com\/natuurhuisjezweden\/","article_modified_time":"2023-11-08T13:24:21+00:00","og_image":[{"width":720,"height":960,"url":"https:\/\/natuurhuisjezweden.nl\/wp-content\/uploads\/2023\/09\/d21c715d-26c3-4fd5-8f56-729a01a05c8c.jpeg.webp","type":"image\/webp"}],"twitter_card":"summary_large_image","twitter_misc":{"Gesch\u00e4tzte Lesezeit":"1\u00a0Minute"},"schema":{"@context":"https:\/\/schema.org","@graph":[{"@type":"WebPage","@id":"https:\/\/natuurhuisjezweden.nl\/de\/bleiben-sie\/oenrun\/","url":"https:\/\/natuurhuisjezweden.nl\/de\/bleiben-sie\/oenrun\/","name":"%","isPartOf":{"@id":"https:\/\/natuurhuisjezweden.nl\/de\/#website"},"primaryImageOfPage":{"@id":"https:\/\/natuurhuisjezweden.nl\/de\/bleiben-sie\/oenrun\/#primaryimage"},"image":{"@id":"https:\/\/natuurhuisjezweden.nl\/de\/bleiben-sie\/oenrun\/#primaryimage"},"thumbnailUrl":"https:\/\/natuurhuisjezweden.nl\/wp-content\/uploads\/2023\/09\/d21c715d-26c3-4fd5-8f56-729a01a05c8c.jpeg.webp","datePublished":"2023-10-04T08:38:52+00:00","dateModified":"2023-11-08T13:24:21+00:00","breadcrumb":{"@id":"https:\/\/natuurhuisjezweden.nl\/de\/bleiben-sie\/oenrun\/#breadcrumb"},"inLanguage":"de","potentialAction":[{"@type":"ReadAction","target":["https:\/\/natuurhuisjezweden.nl\/de\/bleiben-sie\/oenrun\/"]}]},{"@type":"ImageObject","inLanguage":"de","@id":"https:\/\/natuurhuisjezweden.nl\/de\/bleiben-sie\/oenrun\/#primaryimage","url":"https:\/\/natuurhuisjezweden.nl\/wp-content\/uploads\/2023\/09\/d21c715d-26c3-4fd5-8f56-729a01a05c8c.jpeg.webp","contentUrl":"https:\/\/natuurhuisjezweden.nl\/wp-content\/uploads\/2023\/09\/d21c715d-26c3-4fd5-8f56-729a01a05c8c.jpeg.webp","width":720,"height":960},{"@type":"BreadcrumbList","@id":"https:\/\/natuurhuisjezweden.nl\/de\/bleiben-sie\/oenrun\/#breadcrumb","itemListElement":[{"@type":"ListItem","position":1,"name":"Startseite","item":"https:\/\/natuurhuisjezweden.nl\/de\/"},{"@type":"ListItem","position":2,"name":"Bleiben Sie","item":"https:\/\/natuurhuisjezweden.nl\/de\/verblijf\/"},{"@type":"ListItem","position":3,"name":"\u00d6nrun"}]},{"@type":"WebSite","@id":"https:\/\/natuurhuisjezweden.nl\/de\/#website","url":"https:\/\/natuurhuisjezweden.nl\/de\/","name":"Natuurhuisje Zweden","description":"Buchen Sie Ihr Schweden-Abenteuer","publisher":{"@id":"https:\/\/natuurhuisjezweden.nl\/de\/#organization"},"potentialAction":[{"@type":"SearchAction","target":{"@type":"EntryPoint","urlTemplate":"https:\/\/natuurhuisjezweden.nl\/de\/?s={search_term_string}"},"query-input":{"@type":"PropertyValueSpecification","valueRequired":true,"valueName":"search_term_string"}}],"inLanguage":"de"},{"@type":"Organization","@id":"https:\/\/natuurhuisjezweden.nl\/de\/#organization","name":"Naturfreundehaus Schweden","url":"https:\/\/natuurhuisjezweden.nl\/de\/","logo":{"@type":"ImageObject","inLanguage":"de","@id":"https:\/\/natuurhuisjezweden.nl\/de\/#\/schema\/logo\/image\/","url":"https:\/\/natuurhuisjezweden.nl\/wp-content\/uploads\/2023\/10\/Natuurhuisje-zweden-logo-nieuw.png","contentUrl":"https:\/\/natuurhuisjezweden.nl\/wp-content\/uploads\/2023\/10\/Natuurhuisje-zweden-logo-nieuw.png","width":454,"height":375,"caption":"Naturfreundehaus Schweden"},"image":{"@id":"https:\/\/natuurhuisjezweden.nl\/de\/#\/schema\/logo\/image\/"},"sameAs":["https:\/\/www.facebook.com\/natuurhuisjezweden\/","https:\/\/www.instagram.com\/natuurhuisjezweden\/"]}]}},"_links":{"self":[{"href":"https:\/\/natuurhuisjezweden.nl\/de\/wp-json\/wp\/v2\/pages\/3699","targetHints":{"allow":["GET"]}}],"collection":[{"href":"https:\/\/natuurhuisjezweden.nl\/de\/wp-json\/wp\/v2\/pages"}],"about":[{"href":"https:\/\/natuurhuisjezweden.nl\/de\/wp-json\/wp\/v2\/types\/page"}],"author":[{"embeddable":true,"href":"https:\/\/natuurhuisjezweden.nl\/de\/wp-json\/wp\/v2\/users\/1"}],"replies":[{"embeddable":true,"href":"https:\/\/natuurhuisjezweden.nl\/de\/wp-json\/wp\/v2\/comments?post=3699"}],"version-history":[{"count":4,"href":"https:\/\/natuurhuisjezweden.nl\/de\/wp-json\/wp\/v2\/pages\/3699\/revisions"}],"predecessor-version":[{"id":3933,"href":"https:\/\/natuurhuisjezweden.nl\/de\/wp-json\/wp\/v2\/pages\/3699\/revisions\/3933"}],"up":[{"embeddable":true,"href":"https:\/\/natuurhuisjezweden.nl\/de\/wp-json\/wp\/v2\/pages\/3797"}],"wp:featuredmedia":[{"embeddable":true,"href":"https:\/\/natuurhuisjezweden.nl\/de\/wp-json\/wp\/v2\/media\/3176"}],"wp:attachment":[{"href":"https:\/\/natuurhuisjezweden.nl\/de\/wp-json\/wp\/v2\/media?parent=3699"}],"curies":[{"name":"wp","href":"https:\/\/api.w.org\/{rel}","templated":true}]}}