{"id":3690,"date":"2023-10-04T10:38:35","date_gmt":"2023-10-04T08:38:35","guid":{"rendered":"https:\/\/natuurhuisjezweden.nl\/stugby-marieke\/"},"modified":"2024-07-15T14:23:37","modified_gmt":"2024-07-15T12:23:37","slug":"stugby-marieke","status":"publish","type":"page","link":"https:\/\/natuurhuisjezweden.nl\/de\/bleiben-sie\/stugby-marieke\/","title":{"rendered":"Dreamcamp"},"content":{"rendered":"\t\t<div data-elementor-type=\"wp-page\" data-elementor-id=\"3690\" class=\"elementor elementor-3690 elementor-1506\" data-elementor-post-type=\"page\">\n\t\t\t\t\t\t<section class=\"elementor-section elementor-top-section elementor-element elementor-element-db1d911 elementor-section-boxed elementor-section-height-default elementor-section-height-default\" data-id=\"db1d911\" data-element_type=\"section\" data-e-type=\"section\" data-settings=\"{&quot;background_background&quot;:&quot;classic&quot;,&quot;jet_parallax_layout_list&quot;:[]}\">\n\t\t\t\t\t\t\t<div class=\"elementor-background-overlay\"><\/div>\n\t\t\t\t\t\t\t<div class=\"elementor-container elementor-column-gap-default\">\n\t\t\t\t\t<div class=\"elementor-column elementor-col-100 elementor-top-column elementor-element elementor-element-ecdff7c\" data-id=\"ecdff7c\" data-element_type=\"column\" data-e-type=\"column\">\n\t\t\t<div class=\"elementor-widget-wrap elementor-element-populated\">\n\t\t\t\t\t\t<div class=\"elementor-element elementor-element-7fe6854 elementor-align-center elementor-icon-list--layout-inline elementor-mobile-align-start elementor-list-item-link-full_width elementor-widget elementor-widget-icon-list\" data-id=\"7fe6854\" data-element_type=\"widget\" data-e-type=\"widget\" data-widget_type=\"icon-list.default\">\n\t\t\t\t<div class=\"elementor-widget-container\">\n\t\t\t\t\t\t\t<ul class=\"elementor-icon-list-items elementor-inline-items\">\n\t\t\t\t\t\t\t<li class=\"elementor-icon-list-item elementor-inline-item\">\n\t\t\t\t\t\t\t\t\t\t\t<a href=\"https:\/\/natuurhuisjezweden.nl\/de\/\">\n\n\t\t\t\t\t\t\t\t\t\t\t<span class=\"elementor-icon-list-text\">Startseite<\/span>\n\t\t\t\t\t\t\t\t\t\t\t<\/a>\n\t\t\t\t\t\t\t\t\t<\/li>\n\t\t\t\t\t\t\t\t<li class=\"elementor-icon-list-item elementor-inline-item\">\n\t\t\t\t\t\t\t\t\t\t\t<span class=\"elementor-icon-list-icon\">\n\t\t\t\t\t\t\t<i aria-hidden=\"true\" class=\"fas fa-chevron-right\"><\/i>\t\t\t\t\t\t<\/span>\n\t\t\t\t\t\t\t\t\t\t<span class=\"elementor-icon-list-text\">Bleiben Sie<\/span>\n\t\t\t\t\t\t\t\t\t<\/li>\n\t\t\t\t\t\t\t\t<li class=\"elementor-icon-list-item elementor-inline-item\">\n\t\t\t\t\t\t\t\t\t\t\t<span class=\"elementor-icon-list-icon\">\n\t\t\t\t\t\t\t<i aria-hidden=\"true\" class=\"fas fa-chevron-right\"><\/i>\t\t\t\t\t\t<\/span>\n\t\t\t\t\t\t\t\t\t\t<span class=\"elementor-icon-list-text\"><\/span>\n\t\t\t\t\t\t\t\t\t<\/li>\n\t\t\t\t\t\t<\/ul>\n\t\t\t\t\t\t<\/div>\n\t\t\t\t<\/div>\n\t\t\t\t\t<\/div>\n\t\t<\/div>\n\t\t\t\t\t<\/div>\n\t\t<\/section>\n\t\t\t\t<section class=\"elementor-section elementor-top-section elementor-element elementor-element-9a69c47 elementor-section-boxed elementor-section-height-default elementor-section-height-default\" data-id=\"9a69c47\" data-element_type=\"section\" data-e-type=\"section\" data-settings=\"{&quot;background_background&quot;:&quot;classic&quot;,&quot;jet_parallax_layout_list&quot;:[]}\">\n\t\t\t\t\t\t<div class=\"elementor-container elementor-column-gap-default\">\n\t\t\t\t\t<div class=\"elementor-column elementor-col-100 elementor-top-column elementor-element elementor-element-6ac7019\" data-id=\"6ac7019\" data-element_type=\"column\" data-e-type=\"column\">\n\t\t\t<div class=\"elementor-widget-wrap elementor-element-populated\">\n\t\t\t\t\t\t<div class=\"elementor-element elementor-element-101c480 elementor-widget elementor-widget-jet-carousel\" data-id=\"101c480\" data-element_type=\"widget\" data-e-type=\"widget\" data-settings=\"{&quot;slides_to_show&quot;:&quot;3&quot;,&quot;slides_to_show_tablet&quot;:&quot;2&quot;,&quot;slides_to_show_mobile&quot;:&quot;1&quot;,&quot;slides_to_scroll&quot;:&quot;1&quot;}\" data-widget_type=\"jet-carousel.default\">\n\t\t\t\t<div class=\"elementor-widget-container\">\n\t\t\t\t\t<div class=\"elementor-jet-carousel jet-elements\"><div class=\"jet-carousel-wrap jet-equal-cols\">\n\t<div class=\"jet-carousel\" data-slider_options=\"{&quot;autoplaySpeed&quot;:5000,&quot;autoplay&quot;:true,&quot;infinite&quot;:true,&quot;centerMode&quot;:false,&quot;centerPadding&quot;:&quot;50px&quot;,&quot;pauseOnHover&quot;:false,&quot;speed&quot;:500,&quot;arrows&quot;:false,&quot;dots&quot;:true,&quot;variableWidth&quot;:false,&quot;prevArrow&quot;:&quot;.jet-carousel__prev-arrow-101c480&quot;,&quot;nextArrow&quot;:&quot;.jet-carousel__next-arrow-101c480&quot;,&quot;rtl&quot;:false,&quot;fractionNav&quot;:false}\" dir=\"ltr\">\n\t<div class=\"elementor-slick-slider\">\n\n<div class=\"jet-carousel__item\">\n\t<div class=\"jet-carousel__item-inner\"><a href=\"https:\/\/natuurhuisjezweden.nl\/de\/bleiben-sie\/stugby-marieke\/stuga-elch\/\" class=\"jet-carousel__item-link\" ><img decoding=\"async\" src=\"https:\/\/natuurhuisjezweden.nl\/wp-content\/uploads\/2023\/10\/20230621_134604-scaled.jpg\" class=\"jet-carousel__item-img\" alt=\"20230621_134604\" loading=\"lazy\"><\/a><div class=\"jet-carousel__content\"><h2 class=\"jet-carousel__item-title\">Stuga Elch<\/h2><div class=\"jet-carousel__item-text\"><p>Diese Erdgeschosswohnung hat eine Wohnfl\u00e4che von 59 qm...<\/p><\/div><a class=\"elementor-button elementor-size-md jet-carousel__item-button\" href=\"https:\/\/natuurhuisjezweden.nl\/de\/bleiben-sie\/stugby-marieke\/stuga-elch\/\">Ansicht der H\u00fctte<\/a><\/div><\/div>\n<\/div>\n\n<div class=\"jet-carousel__item\">\n\t<div class=\"jet-carousel__item-inner\"><a href=\"https:\/\/natuurhuisjezweden.nl\/de\/bleiben-sie\/stugby-marieke\/stuga-luchs\/\" class=\"jet-carousel__item-link\" ><img decoding=\"async\" src=\"https:\/\/natuurhuisjezweden.nl\/wp-content\/uploads\/2023\/10\/IMG-20230704-WA0041-1.jpg\" class=\"jet-carousel__item-img\" alt=\"IMG-20230704-WA0041\" loading=\"lazy\"><\/a><div class=\"jet-carousel__content\"><h2 class=\"jet-carousel__item-title\">Stuga-Luchs<\/h2><div class=\"jet-carousel__item-text\"><p>Diese Erdgeschosswohnung bietet eine Wohnfl\u00e4che von 59 qm...<\/p><\/div><a class=\"elementor-button elementor-size-md jet-carousel__item-button\" href=\"https:\/\/natuurhuisjezweden.nl\/de\/bleiben-sie\/stugby-marieke\/stuga-luchs\/\">Ansicht der H\u00fctte<\/a><\/div><\/div>\n<\/div>\n<\/div><\/div>\n<\/div>\n<\/div>\t\t\t\t<\/div>\n\t\t\t\t<\/div>\n\t\t\t\t\t<\/div>\n\t\t<\/div>\n\t\t\t\t\t<\/div>\n\t\t<\/section>\n\t\t\t\t<section class=\"elementor-section elementor-top-section elementor-element elementor-element-ec956f7 elementor-reverse-tablet elementor-reverse-mobile elementor-section-boxed elementor-section-height-default elementor-section-height-default\" data-id=\"ec956f7\" data-element_type=\"section\" data-e-type=\"section\" data-settings=\"{&quot;jet_parallax_layout_list&quot;:[]}\">\n\t\t\t\t\t\t<div class=\"elementor-container elementor-column-gap-default\">\n\t\t\t\t\t<div class=\"elementor-column elementor-col-100 elementor-top-column elementor-element elementor-element-6891442\" data-id=\"6891442\" data-element_type=\"column\" data-e-type=\"column\">\n\t\t\t<div class=\"elementor-widget-wrap elementor-element-populated\">\n\t\t\t\t\t\t<div class=\"elementor-element elementor-element-ff23f8a elementor-widget elementor-widget-heading\" data-id=\"ff23f8a\" data-element_type=\"widget\" data-e-type=\"widget\" data-widget_type=\"heading.default\">\n\t\t\t\t<div class=\"elementor-widget-container\">\n\t\t\t\t\t<h2 class=\"elementor-heading-title elementor-size-default\">Informationen zum Standort<\/h2>\t\t\t\t<\/div>\n\t\t\t\t<\/div>\n\t\t\t\t<div class=\"elementor-element elementor-element-d233e45 elementor-widget elementor-widget-text-editor\" data-id=\"d233e45\" data-element_type=\"widget\" data-e-type=\"widget\" data-widget_type=\"text-editor.default\">\n\t\t\t\t<div class=\"elementor-widget-container\">\n\t\t\t\t\t\t\t\t\t<p>Dreamcamp&#8216; ist unser kleiner und freundlicher Park mit insgesamt 8 Stugas.<\/p><p>Der kleine Park befindet sich in Sk\u00e4rv\u00e5ngen.<\/p><p>Ein Dorf am Fu\u00dfe der Berge, umgeben von gro\u00dfen Seen mit vielen Angelm\u00f6glichkeiten. Das Dorf liegt am Fiskev\u00e4gen, etwa 30 km von der Grenze zu Norwegen entfernt.<\/p><p>Im Winter mit dem Motorschlitten abfahren, die Wege verlaufen entlang des Grundst\u00fccks.<\/p><p>Das 2 Hektar gro\u00dfe Gel\u00e4nde ist weitl\u00e4ufig und bietet ausreichend Parkpl\u00e4tze.<\/p><p>Auf dem Grundst\u00fcck gibt es eine echte schwedische Grillh\u00fctte f\u00fcr 12 Personen. Hier k\u00f6nnen Sie einen erlebnisreichen Tag mit einem gem\u00fctlich knisternden Feuer und dem Grillen von Rentierfleisch, W\u00fcrstchen, leckeren Marshmallows usw. beenden.<\/p><p>Jede Wohnung ist praktisch und komplett ausgestattet, einschlie\u00dflich TV, Waschmaschine und Trockner.<\/p><p>Die Stugas k\u00f6nnen sowohl einzeln als auch mit mehreren auf einmal gebucht werden, wenn es sich um eine Gruppe oder Familie handelt.<\/p>\t\t\t\t\t\t\t\t<\/div>\n\t\t\t\t<\/div>\n\t\t\t\t\t<\/div>\n\t\t<\/div>\n\t\t\t\t\t<\/div>\n\t\t<\/section>\n\t\t\t\t<section class=\"elementor-section elementor-top-section elementor-element elementor-element-32d6df9 elementor-section-boxed elementor-section-height-default elementor-section-height-default\" data-id=\"32d6df9\" data-element_type=\"section\" data-e-type=\"section\" data-settings=\"{&quot;background_background&quot;:&quot;classic&quot;,&quot;jet_parallax_layout_list&quot;:[]}\">\n\t\t\t\t\t\t\t<div class=\"elementor-background-overlay\"><\/div>\n\t\t\t\t\t\t\t<div class=\"elementor-container elementor-column-gap-default\">\n\t\t\t\t\t<div class=\"elementor-column elementor-col-100 elementor-top-column elementor-element elementor-element-2914f19\" data-id=\"2914f19\" data-element_type=\"column\" data-e-type=\"column\">\n\t\t\t<div class=\"elementor-widget-wrap elementor-element-populated\">\n\t\t\t\t\t\t<div class=\"elementor-element elementor-element-07b9cd4 elementor-widget elementor-widget-heading\" data-id=\"07b9cd4\" data-element_type=\"widget\" data-e-type=\"widget\" data-widget_type=\"heading.default\">\n\t\t\t\t<div class=\"elementor-widget-container\">\n\t\t\t\t\t<h2 class=\"elementor-heading-title elementor-size-default\">Erlebe dein Schweden-Abenteuer!<\/h2>\t\t\t\t<\/div>\n\t\t\t\t<\/div>\n\t\t\t\t<div class=\"elementor-element elementor-element-b3dfda2 elementor-widget elementor-widget-text-editor\" data-id=\"b3dfda2\" data-element_type=\"widget\" data-e-type=\"widget\" data-widget_type=\"text-editor.default\">\n\t\t\t\t<div class=\"elementor-widget-container\">\n\t\t\t\t\t\t\t\t\t<p>Ergreifen Sie Ihre Chance und fahren Sie zum Ans\u00e4ttfj\u00e4llen in J\u00e4mtland, wo die Entspannung und der Genuss der beeindruckenden Wildnis sofort beginnen. Hier treffen Sie auf das Echte und Authentische!<\/p>\n\t\t\t\t\t\t\t\t<\/div>\n\t\t\t\t<\/div>\n\t\t\t\t<div class=\"elementor-element elementor-element-cf9f25d elementor-align-center elementor-widget elementor-widget-button\" data-id=\"cf9f25d\" data-element_type=\"widget\" data-e-type=\"widget\" data-widget_type=\"button.default\">\n\t\t\t\t<div class=\"elementor-widget-container\">\n\t\t\t\t\t\t\t\t\t<div class=\"elementor-button-wrapper\">\n\t\t\t\t\t<a class=\"elementor-button elementor-button-link elementor-size-sm\" href=\"https:\/\/natuurhuisjezweden.nl\/de\/umgebung\/\">\n\t\t\t\t\t\t<span class=\"elementor-button-content-wrapper\">\n\t\t\t\t\t\t\t\t\t<span class=\"elementor-button-text\">Erkunden Sie die Umgebung<\/span>\n\t\t\t\t\t<\/span>\n\t\t\t\t\t<\/a>\n\t\t\t\t<\/div>\n\t\t\t\t\t\t\t\t<\/div>\n\t\t\t\t<\/div>\n\t\t\t\t\t<\/div>\n\t\t<\/div>\n\t\t\t\t\t<\/div>\n\t\t<\/section>\n\t\t\t\t<\/div>\n\t\t","protected":false},"excerpt":{"rendered":"<p>Startseite Bleiben Sie Stuga Elch Diese Erdgeschosswohnung hat eine Wohnfl\u00e4che von 59 qm&#8230; Ansicht der H\u00fctte Stuga-Luchs Diese Erdgeschosswohnung bietet eine Wohnfl\u00e4che von 59 qm&#8230; Ansicht der H\u00fctte Informationen zum Standort Dreamcamp&#8216; ist unser kleiner und freundlicher Park mit insgesamt 8 Stugas. Der kleine Park befindet sich in Sk\u00e4rv\u00e5ngen. Ein Dorf am Fu\u00dfe der Berge, [&hellip;]<\/p>\n","protected":false},"author":1,"featured_media":3170,"parent":3797,"menu_order":0,"comment_status":"closed","ping_status":"closed","template":"","meta":{"footnotes":""},"class_list":["post-3690","page","type-page","status-publish","has-post-thumbnail","hentry"],"yoast_head":"<!-- This site is optimized with the Yoast SEO plugin v27.6 - https:\/\/yoast.com\/product\/yoast-seo-wordpress\/ -->\n<title>%<\/title>\n<meta name=\"robots\" content=\"index, follow, max-snippet:-1, max-image-preview:large, max-video-preview:-1\" \/>\n<link rel=\"canonical\" href=\"https:\/\/natuurhuisjezweden.nl\/de\/bleiben-sie\/stugby-marieke\/\" \/>\n<meta property=\"og:locale\" content=\"de_DE\" \/>\n<meta property=\"og:type\" content=\"article\" \/>\n<meta property=\"og:title\" content=\"%\" \/>\n<meta property=\"og:description\" content=\"Startseite Bleiben Sie Stuga Elch Diese Erdgeschosswohnung hat eine Wohnfl\u00e4che von 59 qm&#8230; Ansicht der H\u00fctte Stuga-Luchs Diese Erdgeschosswohnung bietet eine Wohnfl\u00e4che von 59 qm&#8230; Ansicht der H\u00fctte Informationen zum Standort Dreamcamp&#8216; ist unser kleiner und freundlicher Park mit insgesamt 8 Stugas. Der kleine Park befindet sich in Sk\u00e4rv\u00e5ngen. Ein Dorf am Fu\u00dfe der Berge, [&hellip;]\" \/>\n<meta property=\"og:url\" content=\"https:\/\/natuurhuisjezweden.nl\/de\/bleiben-sie\/stugby-marieke\/\" \/>\n<meta property=\"og:site_name\" content=\"Naturfreundehaus Schweden\" \/>\n<meta property=\"article:publisher\" content=\"https:\/\/www.facebook.com\/natuurhuisjezweden\/\" \/>\n<meta property=\"article:modified_time\" content=\"2024-07-15T12:23:37+00:00\" \/>\n<meta property=\"og:image\" content=\"https:\/\/natuurhuisjezweden.nl\/wp-content\/uploads\/2023\/09\/04df7bfa-197a-418c-85d4-6775807c1302.jpeg.webp\" \/>\n\t<meta property=\"og:image:width\" content=\"720\" \/>\n\t<meta property=\"og:image:height\" content=\"540\" \/>\n\t<meta property=\"og:image:type\" content=\"image\/webp\" \/>\n<meta name=\"twitter:card\" content=\"summary_large_image\" \/>\n<meta name=\"twitter:label1\" content=\"Gesch\u00e4tzte Lesezeit\" \/>\n\t<meta name=\"twitter:data1\" content=\"2\u00a0Minuten\" \/>\n<script type=\"application\/ld+json\" class=\"yoast-schema-graph\">{\"@context\":\"https:\\\/\\\/schema.org\",\"@graph\":[{\"@type\":\"WebPage\",\"@id\":\"https:\\\/\\\/natuurhuisjezweden.nl\\\/de\\\/bleiben-sie\\\/stugby-marieke\\\/\",\"url\":\"https:\\\/\\\/natuurhuisjezweden.nl\\\/de\\\/bleiben-sie\\\/stugby-marieke\\\/\",\"name\":\"%\",\"isPartOf\":{\"@id\":\"https:\\\/\\\/natuurhuisjezweden.nl\\\/de\\\/#website\"},\"primaryImageOfPage\":{\"@id\":\"https:\\\/\\\/natuurhuisjezweden.nl\\\/de\\\/bleiben-sie\\\/stugby-marieke\\\/#primaryimage\"},\"image\":{\"@id\":\"https:\\\/\\\/natuurhuisjezweden.nl\\\/de\\\/bleiben-sie\\\/stugby-marieke\\\/#primaryimage\"},\"thumbnailUrl\":\"https:\\\/\\\/natuurhuisjezweden.nl\\\/wp-content\\\/uploads\\\/2023\\\/09\\\/04df7bfa-197a-418c-85d4-6775807c1302.jpeg.webp\",\"datePublished\":\"2023-10-04T08:38:35+00:00\",\"dateModified\":\"2024-07-15T12:23:37+00:00\",\"breadcrumb\":{\"@id\":\"https:\\\/\\\/natuurhuisjezweden.nl\\\/de\\\/bleiben-sie\\\/stugby-marieke\\\/#breadcrumb\"},\"inLanguage\":\"de\",\"potentialAction\":[{\"@type\":\"ReadAction\",\"target\":[\"https:\\\/\\\/natuurhuisjezweden.nl\\\/de\\\/bleiben-sie\\\/stugby-marieke\\\/\"]}]},{\"@type\":\"ImageObject\",\"inLanguage\":\"de\",\"@id\":\"https:\\\/\\\/natuurhuisjezweden.nl\\\/de\\\/bleiben-sie\\\/stugby-marieke\\\/#primaryimage\",\"url\":\"https:\\\/\\\/natuurhuisjezweden.nl\\\/wp-content\\\/uploads\\\/2023\\\/09\\\/04df7bfa-197a-418c-85d4-6775807c1302.jpeg.webp\",\"contentUrl\":\"https:\\\/\\\/natuurhuisjezweden.nl\\\/wp-content\\\/uploads\\\/2023\\\/09\\\/04df7bfa-197a-418c-85d4-6775807c1302.jpeg.webp\",\"width\":720,\"height\":540},{\"@type\":\"BreadcrumbList\",\"@id\":\"https:\\\/\\\/natuurhuisjezweden.nl\\\/de\\\/bleiben-sie\\\/stugby-marieke\\\/#breadcrumb\",\"itemListElement\":[{\"@type\":\"ListItem\",\"position\":1,\"name\":\"Startseite\",\"item\":\"https:\\\/\\\/natuurhuisjezweden.nl\\\/de\\\/\"},{\"@type\":\"ListItem\",\"position\":2,\"name\":\"Bleiben Sie\",\"item\":\"https:\\\/\\\/natuurhuisjezweden.nl\\\/de\\\/verblijf\\\/\"},{\"@type\":\"ListItem\",\"position\":3,\"name\":\"Dreamcamp\"}]},{\"@type\":\"WebSite\",\"@id\":\"https:\\\/\\\/natuurhuisjezweden.nl\\\/de\\\/#website\",\"url\":\"https:\\\/\\\/natuurhuisjezweden.nl\\\/de\\\/\",\"name\":\"Natuurhuisje Zweden\",\"description\":\"Buchen Sie Ihr Schweden-Abenteuer\",\"publisher\":{\"@id\":\"https:\\\/\\\/natuurhuisjezweden.nl\\\/de\\\/#organization\"},\"potentialAction\":[{\"@type\":\"SearchAction\",\"target\":{\"@type\":\"EntryPoint\",\"urlTemplate\":\"https:\\\/\\\/natuurhuisjezweden.nl\\\/de\\\/?s={search_term_string}\"},\"query-input\":{\"@type\":\"PropertyValueSpecification\",\"valueRequired\":true,\"valueName\":\"search_term_string\"}}],\"inLanguage\":\"de\"},{\"@type\":\"Organization\",\"@id\":\"https:\\\/\\\/natuurhuisjezweden.nl\\\/de\\\/#organization\",\"name\":\"Naturfreundehaus Schweden\",\"url\":\"https:\\\/\\\/natuurhuisjezweden.nl\\\/de\\\/\",\"logo\":{\"@type\":\"ImageObject\",\"inLanguage\":\"de\",\"@id\":\"https:\\\/\\\/natuurhuisjezweden.nl\\\/de\\\/#\\\/schema\\\/logo\\\/image\\\/\",\"url\":\"https:\\\/\\\/natuurhuisjezweden.nl\\\/wp-content\\\/uploads\\\/2023\\\/10\\\/Natuurhuisje-zweden-logo-nieuw.png\",\"contentUrl\":\"https:\\\/\\\/natuurhuisjezweden.nl\\\/wp-content\\\/uploads\\\/2023\\\/10\\\/Natuurhuisje-zweden-logo-nieuw.png\",\"width\":454,\"height\":375,\"caption\":\"Naturfreundehaus Schweden\"},\"image\":{\"@id\":\"https:\\\/\\\/natuurhuisjezweden.nl\\\/de\\\/#\\\/schema\\\/logo\\\/image\\\/\"},\"sameAs\":[\"https:\\\/\\\/www.facebook.com\\\/natuurhuisjezweden\\\/\",\"https:\\\/\\\/www.instagram.com\\\/natuurhuisjezweden\\\/\"]}]}<\/script>\n<!-- \/ Yoast SEO plugin. -->","yoast_head_json":{"title":"%","robots":{"index":"index","follow":"follow","max-snippet":"max-snippet:-1","max-image-preview":"max-image-preview:large","max-video-preview":"max-video-preview:-1"},"canonical":"https:\/\/natuurhuisjezweden.nl\/de\/bleiben-sie\/stugby-marieke\/","og_locale":"de_DE","og_type":"article","og_title":"%","og_description":"Startseite Bleiben Sie Stuga Elch Diese Erdgeschosswohnung hat eine Wohnfl\u00e4che von 59 qm&#8230; Ansicht der H\u00fctte Stuga-Luchs Diese Erdgeschosswohnung bietet eine Wohnfl\u00e4che von 59 qm&#8230; Ansicht der H\u00fctte Informationen zum Standort Dreamcamp&#8216; ist unser kleiner und freundlicher Park mit insgesamt 8 Stugas. Der kleine Park befindet sich in Sk\u00e4rv\u00e5ngen. Ein Dorf am Fu\u00dfe der Berge, [&hellip;]","og_url":"https:\/\/natuurhuisjezweden.nl\/de\/bleiben-sie\/stugby-marieke\/","og_site_name":"Naturfreundehaus Schweden","article_publisher":"https:\/\/www.facebook.com\/natuurhuisjezweden\/","article_modified_time":"2024-07-15T12:23:37+00:00","og_image":[{"width":720,"height":540,"url":"https:\/\/natuurhuisjezweden.nl\/wp-content\/uploads\/2023\/09\/04df7bfa-197a-418c-85d4-6775807c1302.jpeg.webp","type":"image\/webp"}],"twitter_card":"summary_large_image","twitter_misc":{"Gesch\u00e4tzte Lesezeit":"2\u00a0Minuten"},"schema":{"@context":"https:\/\/schema.org","@graph":[{"@type":"WebPage","@id":"https:\/\/natuurhuisjezweden.nl\/de\/bleiben-sie\/stugby-marieke\/","url":"https:\/\/natuurhuisjezweden.nl\/de\/bleiben-sie\/stugby-marieke\/","name":"%","isPartOf":{"@id":"https:\/\/natuurhuisjezweden.nl\/de\/#website"},"primaryImageOfPage":{"@id":"https:\/\/natuurhuisjezweden.nl\/de\/bleiben-sie\/stugby-marieke\/#primaryimage"},"image":{"@id":"https:\/\/natuurhuisjezweden.nl\/de\/bleiben-sie\/stugby-marieke\/#primaryimage"},"thumbnailUrl":"https:\/\/natuurhuisjezweden.nl\/wp-content\/uploads\/2023\/09\/04df7bfa-197a-418c-85d4-6775807c1302.jpeg.webp","datePublished":"2023-10-04T08:38:35+00:00","dateModified":"2024-07-15T12:23:37+00:00","breadcrumb":{"@id":"https:\/\/natuurhuisjezweden.nl\/de\/bleiben-sie\/stugby-marieke\/#breadcrumb"},"inLanguage":"de","potentialAction":[{"@type":"ReadAction","target":["https:\/\/natuurhuisjezweden.nl\/de\/bleiben-sie\/stugby-marieke\/"]}]},{"@type":"ImageObject","inLanguage":"de","@id":"https:\/\/natuurhuisjezweden.nl\/de\/bleiben-sie\/stugby-marieke\/#primaryimage","url":"https:\/\/natuurhuisjezweden.nl\/wp-content\/uploads\/2023\/09\/04df7bfa-197a-418c-85d4-6775807c1302.jpeg.webp","contentUrl":"https:\/\/natuurhuisjezweden.nl\/wp-content\/uploads\/2023\/09\/04df7bfa-197a-418c-85d4-6775807c1302.jpeg.webp","width":720,"height":540},{"@type":"BreadcrumbList","@id":"https:\/\/natuurhuisjezweden.nl\/de\/bleiben-sie\/stugby-marieke\/#breadcrumb","itemListElement":[{"@type":"ListItem","position":1,"name":"Startseite","item":"https:\/\/natuurhuisjezweden.nl\/de\/"},{"@type":"ListItem","position":2,"name":"Bleiben Sie","item":"https:\/\/natuurhuisjezweden.nl\/de\/verblijf\/"},{"@type":"ListItem","position":3,"name":"Dreamcamp"}]},{"@type":"WebSite","@id":"https:\/\/natuurhuisjezweden.nl\/de\/#website","url":"https:\/\/natuurhuisjezweden.nl\/de\/","name":"Natuurhuisje Zweden","description":"Buchen Sie Ihr Schweden-Abenteuer","publisher":{"@id":"https:\/\/natuurhuisjezweden.nl\/de\/#organization"},"potentialAction":[{"@type":"SearchAction","target":{"@type":"EntryPoint","urlTemplate":"https:\/\/natuurhuisjezweden.nl\/de\/?s={search_term_string}"},"query-input":{"@type":"PropertyValueSpecification","valueRequired":true,"valueName":"search_term_string"}}],"inLanguage":"de"},{"@type":"Organization","@id":"https:\/\/natuurhuisjezweden.nl\/de\/#organization","name":"Naturfreundehaus Schweden","url":"https:\/\/natuurhuisjezweden.nl\/de\/","logo":{"@type":"ImageObject","inLanguage":"de","@id":"https:\/\/natuurhuisjezweden.nl\/de\/#\/schema\/logo\/image\/","url":"https:\/\/natuurhuisjezweden.nl\/wp-content\/uploads\/2023\/10\/Natuurhuisje-zweden-logo-nieuw.png","contentUrl":"https:\/\/natuurhuisjezweden.nl\/wp-content\/uploads\/2023\/10\/Natuurhuisje-zweden-logo-nieuw.png","width":454,"height":375,"caption":"Naturfreundehaus Schweden"},"image":{"@id":"https:\/\/natuurhuisjezweden.nl\/de\/#\/schema\/logo\/image\/"},"sameAs":["https:\/\/www.facebook.com\/natuurhuisjezweden\/","https:\/\/www.instagram.com\/natuurhuisjezweden\/"]}]}},"_links":{"self":[{"href":"https:\/\/natuurhuisjezweden.nl\/de\/wp-json\/wp\/v2\/pages\/3690","targetHints":{"allow":["GET"]}}],"collection":[{"href":"https:\/\/natuurhuisjezweden.nl\/de\/wp-json\/wp\/v2\/pages"}],"about":[{"href":"https:\/\/natuurhuisjezweden.nl\/de\/wp-json\/wp\/v2\/types\/page"}],"author":[{"embeddable":true,"href":"https:\/\/natuurhuisjezweden.nl\/de\/wp-json\/wp\/v2\/users\/1"}],"replies":[{"embeddable":true,"href":"https:\/\/natuurhuisjezweden.nl\/de\/wp-json\/wp\/v2\/comments?post=3690"}],"version-history":[{"count":5,"href":"https:\/\/natuurhuisjezweden.nl\/de\/wp-json\/wp\/v2\/pages\/3690\/revisions"}],"predecessor-version":[{"id":4106,"href":"https:\/\/natuurhuisjezweden.nl\/de\/wp-json\/wp\/v2\/pages\/3690\/revisions\/4106"}],"up":[{"embeddable":true,"href":"https:\/\/natuurhuisjezweden.nl\/de\/wp-json\/wp\/v2\/pages\/3797"}],"wp:featuredmedia":[{"embeddable":true,"href":"https:\/\/natuurhuisjezweden.nl\/de\/wp-json\/wp\/v2\/media\/3170"}],"wp:attachment":[{"href":"https:\/\/natuurhuisjezweden.nl\/de\/wp-json\/wp\/v2\/media?parent=3690"}],"curies":[{"name":"wp","href":"https:\/\/api.w.org\/{rel}","templated":true}]}}